{"id":66027,"date":"2026-03-06T09:25:18","date_gmt":"2026-03-06T08:25:18","guid":{"rendered":"https:\/\/www.polzela.com\/si\/?post_type=product&#038;p=66027"},"modified":"2026-03-13T08:17:53","modified_gmt":"2026-03-13T07:17:53","slug":"zenska-majica-s-kratkimi-rokavi-karntner-art-32720","status":"publish","type":"product","link":"https:\/\/www.polzela.com\/si\/product\/zenska-majica-s-kratkimi-rokavi-karntner-art-32720\/","title":{"rendered":"\u017denska majica s kratkimi rokavi Karntner art. 32720"},"content":{"rendered":"","protected":false},"excerpt":{"rendered":"<p><strong>Opis izdelka<\/strong><\/p>\n<p id=\"tw-target-text\" class=\"tw-data-text tw-text-large tw-ta\" dir=\"ltr\" data-placeholder=\"Prevod\" data-ved=\"2ahUKEwjOovfH-rGCAxUMhP0HHTiFB0kQ3ewLegQICBAQ\">Lahkotna in elegantna majica znamke Karntner je popolna izbira za udobne in spro\u0161\u010dene poletne dni. Izdelana je iz prijetne me\u0161anice viskoze in lana, ki zagotavlja zra\u010dnost, mehkobo in naraven ob\u010dutek na ko\u017ei. Majica ima kratke rokave, ki jih dopolnjuje subtilen detajl z gumbom, kar doda prefinjen in moderen videz. Zaradi svoje preproste, a elegantne zasnove je odli\u010dna izbira za vsakodnevne kombinacije \u2013 tako s kavbojkami kot tudi z bolj elegantnimi hla\u010dami ali krilom.<\/p>\n<p><strong>Sestava: <\/strong>75% viskoza, 25% lan<\/p>\n<p>&nbsp;<\/p>\n","protected":false},"featured_media":66032,"comment_status":"open","ping_status":"closed","template":"","meta":{"om_disable_all_campaigns":false,"_monsterinsights_skip_tracking":false,"_monsterinsights_sitenote_active":false,"_monsterinsights_sitenote_note":"","_monsterinsights_sitenote_category":0},"product_cat":[779,42],"product_tag":[1182,553],"class_list":["post-66027","product","type-product","status-publish","has-post-thumbnail","hentry","product_cat-majice","product_cat-zenske","product_tag-karntner","product_tag-majica"],"bundled_by":[],"bundle_stock_status":"instock","bundle_stock_quantity":null,"bundle_virtual":false,"bundle_layout":"","bundle_add_to_cart_form_location":"","bundle_editable_in_cart":false,"bundle_sold_individually_context":"","bundle_item_grouping":"","bundle_min_size":"","bundle_max_size":"","bundled_items":[],"bundle_sell_ids":[],"aioseo_notices":[],"_links":{"self":[{"href":"https:\/\/www.polzela.com\/si\/wp-json\/wp\/v2\/product\/66027","targetHints":{"allow":["GET"]}}],"collection":[{"href":"https:\/\/www.polzela.com\/si\/wp-json\/wp\/v2\/product"}],"about":[{"href":"https:\/\/www.polzela.com\/si\/wp-json\/wp\/v2\/types\/product"}],"replies":[{"embeddable":true,"href":"https:\/\/www.polzela.com\/si\/wp-json\/wp\/v2\/comments?post=66027"}],"wp:featuredmedia":[{"embeddable":true,"href":"https:\/\/www.polzela.com\/si\/wp-json\/wp\/v2\/media\/66032"}],"wp:attachment":[{"href":"https:\/\/www.polzela.com\/si\/wp-json\/wp\/v2\/media?parent=66027"}],"wp:term":[{"taxonomy":"product_cat","embeddable":true,"href":"https:\/\/www.polzela.com\/si\/wp-json\/wp\/v2\/product_cat?post=66027"},{"taxonomy":"product_tag","embeddable":true,"href":"https:\/\/www.polzela.com\/si\/wp-json\/wp\/v2\/product_tag?post=66027"}],"curies":[{"name":"wp","href":"https:\/\/api.w.org\/{rel}","templated":true}]}}