{"id":65960,"date":"2026-03-03T13:44:47","date_gmt":"2026-03-03T12:44:47","guid":{"rendered":"https:\/\/www.polzela.com\/si\/?post_type=product&#038;p=65960"},"modified":"2026-03-03T13:52:23","modified_gmt":"2026-03-03T12:52:23","slug":"zenske-bombazne-nogavice-art-7014-3pr-bianco","status":"publish","type":"product","link":"https:\/\/www.polzela.com\/si\/product\/zenske-bombazne-nogavice-art-7014-3pr-bianco\/","title":{"rendered":"\u017denske bomba\u017ene nogavice art. 7014 3pr"},"content":{"rendered":"<p>Modne nogavice v razli\u010dnih vzorcih in barvnih kombinacijah. Nogavice so izdelane iz \u010desanega bomba\u017ea s specialno obdelavo.<\/p>\n","protected":false},"excerpt":{"rendered":"<p>\u0160portne nizke nogavice iz bomba\u017ea. 3 pari v paketu.<\/p>\n<p><strong>Sestava: <\/strong>76% \u010desani bomba\u017e, 20% poliamid, 4% elastan<\/p>\n","protected":false},"featured_media":65964,"comment_status":"open","ping_status":"closed","template":"","meta":{"om_disable_all_campaigns":false,"_monsterinsights_skip_tracking":false,"_monsterinsights_sitenote_active":false,"_monsterinsights_sitenote_note":"","_monsterinsights_sitenote_category":0},"product_cat":[42,373],"product_tag":[604,747,768],"class_list":["post-65960","product","type-product","status-publish","has-post-thumbnail","hentry","product_cat-zenske","product_cat-zenske-nogavice","product_tag-bombaz","product_tag-cotton","product_tag-nogavice"],"bundled_by":[],"bundle_stock_status":"instock","bundle_stock_quantity":null,"bundle_virtual":false,"bundle_layout":"","bundle_add_to_cart_form_location":"","bundle_editable_in_cart":false,"bundle_sold_individually_context":"","bundle_item_grouping":"","bundle_min_size":"","bundle_max_size":"","bundled_items":[],"bundle_sell_ids":[],"aioseo_notices":[],"_links":{"self":[{"href":"https:\/\/www.polzela.com\/si\/wp-json\/wp\/v2\/product\/65960","targetHints":{"allow":["GET"]}}],"collection":[{"href":"https:\/\/www.polzela.com\/si\/wp-json\/wp\/v2\/product"}],"about":[{"href":"https:\/\/www.polzela.com\/si\/wp-json\/wp\/v2\/types\/product"}],"replies":[{"embeddable":true,"href":"https:\/\/www.polzela.com\/si\/wp-json\/wp\/v2\/comments?post=65960"}],"wp:featuredmedia":[{"embeddable":true,"href":"https:\/\/www.polzela.com\/si\/wp-json\/wp\/v2\/media\/65964"}],"wp:attachment":[{"href":"https:\/\/www.polzela.com\/si\/wp-json\/wp\/v2\/media?parent=65960"}],"wp:term":[{"taxonomy":"product_cat","embeddable":true,"href":"https:\/\/www.polzela.com\/si\/wp-json\/wp\/v2\/product_cat?post=65960"},{"taxonomy":"product_tag","embeddable":true,"href":"https:\/\/www.polzela.com\/si\/wp-json\/wp\/v2\/product_tag?post=65960"}],"curies":[{"name":"wp","href":"https:\/\/api.w.org\/{rel}","templated":true}]}}