{"id":65222,"date":"2026-01-23T11:26:16","date_gmt":"2026-01-23T10:26:16","guid":{"rendered":"https:\/\/www.polzela.com\/si\/?post_type=product&#038;p=65222"},"modified":"2026-03-14T13:03:14","modified_gmt":"2026-03-14T12:03:14","slug":"ysabel-mora-zenske-nogavice-art-18131","status":"publish","type":"product","link":"https:\/\/www.polzela.com\/si\/product\/ysabel-mora-zenske-nogavice-art-18131\/","title":{"rendered":"YSABEL MORA \u017eenske nogavice art. 18131"},"content":{"rendered":"<p>Darilni komplet treh \u017eenskih nogavic z zabavnimi potiski v ro\u017enatih tonih in mehkim robom brez pritiska. Popolno darilo za ljubiteljice mode, udobja in sladkih detajlov.<\/p>\n","protected":false},"excerpt":{"rendered":"<p data-start=\"520\" data-end=\"758\">Ysabel Mora \u017eenske nogavice, 20 den. Valovit zaklju\u010dek roba in geometrijski potisk.<\/p>\n<p data-start=\"1266\" data-end=\"1320\"><strong data-start=\"1266\" data-end=\"1278\">Sestava: <\/strong>89% poliamid, 11% elastan<\/p>\n","protected":false},"featured_media":65220,"comment_status":"open","ping_status":"closed","template":"","meta":{"om_disable_all_campaigns":false,"_monsterinsights_skip_tracking":false,"_monsterinsights_sitenote_active":false,"_monsterinsights_sitenote_note":"","_monsterinsights_sitenote_category":0},"product_cat":[42,373],"product_tag":[768,1121],"class_list":["post-65222","product","type-product","status-publish","has-post-thumbnail","hentry","product_cat-zenske","product_cat-zenske-nogavice","product_tag-nogavice","product_tag-ysabel-mora"],"bundled_by":[],"bundle_stock_status":"instock","bundle_stock_quantity":null,"bundle_virtual":false,"bundle_layout":"","bundle_add_to_cart_form_location":"","bundle_editable_in_cart":false,"bundle_sold_individually_context":"","bundle_item_grouping":"","bundle_min_size":"","bundle_max_size":"","bundled_items":[],"bundle_sell_ids":[],"aioseo_notices":[],"_links":{"self":[{"href":"https:\/\/www.polzela.com\/si\/wp-json\/wp\/v2\/product\/65222","targetHints":{"allow":["GET"]}}],"collection":[{"href":"https:\/\/www.polzela.com\/si\/wp-json\/wp\/v2\/product"}],"about":[{"href":"https:\/\/www.polzela.com\/si\/wp-json\/wp\/v2\/types\/product"}],"replies":[{"embeddable":true,"href":"https:\/\/www.polzela.com\/si\/wp-json\/wp\/v2\/comments?post=65222"}],"wp:featuredmedia":[{"embeddable":true,"href":"https:\/\/www.polzela.com\/si\/wp-json\/wp\/v2\/media\/65220"}],"wp:attachment":[{"href":"https:\/\/www.polzela.com\/si\/wp-json\/wp\/v2\/media?parent=65222"}],"wp:term":[{"taxonomy":"product_cat","embeddable":true,"href":"https:\/\/www.polzela.com\/si\/wp-json\/wp\/v2\/product_cat?post=65222"},{"taxonomy":"product_tag","embeddable":true,"href":"https:\/\/www.polzela.com\/si\/wp-json\/wp\/v2\/product_tag?post=65222"}],"curies":[{"name":"wp","href":"https:\/\/api.w.org\/{rel}","templated":true}]}}