{"id":64229,"date":"2025-12-09T13:51:35","date_gmt":"2025-12-09T12:51:35","guid":{"rendered":"https:\/\/www.polzela.com\/si\/?post_type=product&#038;p=64229"},"modified":"2026-03-09T14:53:35","modified_gmt":"2026-03-09T13:53:35","slug":"ysabel-mora-moski-copati-art-24089-blue","status":"publish","type":"product","link":"https:\/\/www.polzela.com\/si\/product\/ysabel-mora-moski-copati-art-24089-blue\/","title":{"rendered":"Ysabel Mora mo\u0161ki copati art. 24089"},"content":{"rendered":"","protected":false},"excerpt":{"rendered":"<p data-start=\"45\" data-end=\"266\">Te copate odlikuje moderen dizajn s popolnim pridihom udobja. Z mehko zunanjostjo in kosmateno notranjostjo ponujajo toplo in prijetno izku\u0161njo za va\u0161e noge. So popolne za spro\u0161\u010danje in u\u017eivanje v maksimalnem udobju doma.<\/p>\n<p data-start=\"268\" data-end=\"331\"><strong data-start=\"268\" data-end=\"331\">\u017denski copati s kosmateno notranjostjo in mehko zunanjostjo<\/strong><\/p>\n<ul data-start=\"333\" data-end=\"498\">\n<li data-start=\"333\" data-end=\"411\">\n<p data-start=\"335\" data-end=\"411\"><strong data-start=\"335\" data-end=\"355\">Mehka zunanjost:<\/strong> Material z mehkim otipom, ki zdru\u017euje udobje in stil.<\/p>\n<\/li>\n<li data-start=\"412\" data-end=\"498\">\n<p data-start=\"414\" data-end=\"498\"><strong data-start=\"414\" data-end=\"439\">Kosmatena notranjost:<\/strong> Mehkoba in toplina, ki ohranjata va\u0161e noge udobne ves dan.<\/p>\n<\/li>\n<\/ul>\n<p data-start=\"500\" data-end=\"554\"><strong data-start=\"500\" data-end=\"513\">Material:<\/strong> 100 % poliester<\/p>\n","protected":false},"featured_media":64233,"comment_status":"open","ping_status":"closed","template":"","meta":{"om_disable_all_campaigns":false,"_monsterinsights_skip_tracking":false,"_monsterinsights_sitenote_active":false,"_monsterinsights_sitenote_note":"","_monsterinsights_sitenote_category":0},"product_cat":[38,39],"product_tag":[1314,1121],"class_list":["post-64229","product","type-product","status-publish","has-post-thumbnail","hentry","product_cat-moski","product_cat-oblacila","product_tag-popusti-50","product_tag-ysabel-mora"],"bundled_by":[],"bundle_stock_status":"outofstock","bundle_stock_quantity":null,"bundle_virtual":false,"bundle_layout":"","bundle_add_to_cart_form_location":"","bundle_editable_in_cart":false,"bundle_sold_individually_context":"","bundle_item_grouping":"","bundle_min_size":"","bundle_max_size":"","bundled_items":[],"bundle_sell_ids":[],"aioseo_notices":[],"_links":{"self":[{"href":"https:\/\/www.polzela.com\/si\/wp-json\/wp\/v2\/product\/64229","targetHints":{"allow":["GET"]}}],"collection":[{"href":"https:\/\/www.polzela.com\/si\/wp-json\/wp\/v2\/product"}],"about":[{"href":"https:\/\/www.polzela.com\/si\/wp-json\/wp\/v2\/types\/product"}],"replies":[{"embeddable":true,"href":"https:\/\/www.polzela.com\/si\/wp-json\/wp\/v2\/comments?post=64229"}],"wp:featuredmedia":[{"embeddable":true,"href":"https:\/\/www.polzela.com\/si\/wp-json\/wp\/v2\/media\/64233"}],"wp:attachment":[{"href":"https:\/\/www.polzela.com\/si\/wp-json\/wp\/v2\/media?parent=64229"}],"wp:term":[{"taxonomy":"product_cat","embeddable":true,"href":"https:\/\/www.polzela.com\/si\/wp-json\/wp\/v2\/product_cat?post=64229"},{"taxonomy":"product_tag","embeddable":true,"href":"https:\/\/www.polzela.com\/si\/wp-json\/wp\/v2\/product_tag?post=64229"}],"curies":[{"name":"wp","href":"https:\/\/api.w.org\/{rel}","templated":true}]}}