{"id":64041,"date":"2025-12-02T12:56:44","date_gmt":"2025-12-02T11:56:44","guid":{"rendered":"https:\/\/www.polzela.com\/si\/?post_type=product&#038;p=64041"},"modified":"2025-12-02T13:08:05","modified_gmt":"2025-12-02T12:08:05","slug":"cat-rokavice-cat012212","status":"publish","type":"product","link":"https:\/\/www.polzela.com\/si\/product\/cat-rokavice-cat012212\/","title":{"rendered":"CAT rokavice CAT012212"},"content":{"rendered":"<p id=\"tw-target-text\" class=\"tw-data-text tw-text-large tw-ta\" dir=\"ltr\" role=\"text\" data-placeholder=\"Prevod\" data-ved=\"2ahUKEwiu486S456RAxVP9rsIHY-HJREQ3ewLegQICxAV\" aria-label=\"Prevedeno besedilo: Nastavljive rokavice za zapestje Cat Yellow Nylon - velikost M. Materiali: nitril, najlon. Zna\u010dilnosti izdelka: Dlan in prsti prevle\u010deni z nitrilno peno. Zasnovane za odvajanje vlage za izjemen oprijem v mokrih okoljih. Nastavljivo zapenjanje na zapestju z je\u017ekom za varno prileganje. Izjemna gibljivost in prilagodljivost. Prevleka iz oblikovanega najlona, \u200b\u200bodprt hrbet za udobje. Gumijast na\u0161itek z logotipom Cat na notranji strani zapestja.\"><span class=\"Y2IQFc\" lang=\"sl\">Nastavljive rokavice za zapestje Cat Yellow Nylon. <\/span><\/p>\n<p class=\"tw-data-text tw-text-large tw-ta\" dir=\"ltr\" role=\"text\" data-placeholder=\"Prevod\" data-ved=\"2ahUKEwiu486S456RAxVP9rsIHY-HJREQ3ewLegQICxAV\" aria-label=\"Prevedeno besedilo: Nastavljive rokavice za zapestje Cat Yellow Nylon - velikost M. Materiali: nitril, najlon. Zna\u010dilnosti izdelka: Dlan in prsti prevle\u010deni z nitrilno peno. Zasnovane za odvajanje vlage za izjemen oprijem v mokrih okoljih. Nastavljivo zapenjanje na zapestju z je\u017ekom za varno prileganje. Izjemna gibljivost in prilagodljivost. Prevleka iz oblikovanega najlona, \u200b\u200bodprt hrbet za udobje. Gumijast na\u0161itek z logotipom Cat na notranji strani zapestja.\"><span class=\"Y2IQFc\" lang=\"sl\">Materiali: nitril, najlon. <\/span><\/p>\n<p><span class=\"Y2IQFc\" lang=\"sl\">Zna\u010dilnosti izdelka: <\/span><\/p>\n<ul>\n<li><span class=\"Y2IQFc\" lang=\"sl\">Dlan in prsti prevle\u010deni z nitrilno peno. <\/span><\/li>\n<li><span class=\"Y2IQFc\" lang=\"sl\">Zasnovane za odvajanje vlage za izjemen oprijem v mokrih okoljih. <\/span><\/li>\n<li><span class=\"Y2IQFc\" lang=\"sl\">Nastavljivo zapenjanje na zapestju z je\u017ekom za varno prileganje. <\/span><\/li>\n<li><span class=\"Y2IQFc\" lang=\"sl\">Izjemna gibljivost in prilagodljivost. <\/span><\/li>\n<li><span class=\"Y2IQFc\" lang=\"sl\">Prevleka iz oblikovanega najlona. <\/span><\/li>\n<li><span class=\"Y2IQFc\" lang=\"sl\">Gumijast na\u0161itek z logotipom Cat na notranji strani zapestja.<\/span><\/li>\n<\/ul>\n","protected":false},"excerpt":{"rendered":"<p id=\"tw-target-text\" class=\"tw-data-text tw-text-large tw-ta\" dir=\"ltr\" role=\"text\" data-placeholder=\"Prevod\" data-ved=\"2ahUKEwiu486S456RAxVP9rsIHY-HJREQ3ewLegQICxAV\" aria-label=\"Prevedeno besedilo: Rokavice za ma\u010dke iz PU sinteti\u010dne dlani - velikost XL. Materiali: sinteti\u010dno usnje, neopren. Zna\u010dilnosti izdelka: Lahko sinteti\u010dno usnje. Lahko in trpe\u017eno sinteti\u010dno usnje na dlani in konicah prstov. Oja\u010dan palec zagotavlja odpornost proti obrabi. Neoprenska man\u0161eta z nastavljivim zapiranjem na je\u017eka. Gumijast ma\u010dji logotip na hrbtni strani rokavice.\"><span class=\"Y2IQFc\" lang=\"sl\">Rokavice iz PU sinteti\u010dne dlani. <\/span><\/p>\n<p class=\"tw-data-text tw-text-large tw-ta\" dir=\"ltr\" role=\"text\" data-placeholder=\"Prevod\" data-ved=\"2ahUKEwiu486S456RAxVP9rsIHY-HJREQ3ewLegQICxAV\" aria-label=\"Prevedeno besedilo: Rokavice za ma\u010dke iz PU sinteti\u010dne dlani - velikost XL. Materiali: sinteti\u010dno usnje, neopren. Zna\u010dilnosti izdelka: Lahko sinteti\u010dno usnje. Lahko in trpe\u017eno sinteti\u010dno usnje na dlani in konicah prstov. Oja\u010dan palec zagotavlja odpornost proti obrabi. Neoprenska man\u0161eta z nastavljivim zapiranjem na je\u017eka. Gumijast ma\u010dji logotip na hrbtni strani rokavice.\"><span class=\"Y2IQFc\" lang=\"sl\">Materiali: sinteti\u010dno usnje, neopren. <\/span><\/p>\n<p class=\"tw-data-text tw-text-large tw-ta\" dir=\"ltr\" role=\"text\" data-placeholder=\"Prevod\" data-ved=\"2ahUKEwiu486S456RAxVP9rsIHY-HJREQ3ewLegQICxAV\" aria-label=\"Prevedeno besedilo: Rokavice za ma\u010dke iz PU sinteti\u010dne dlani - velikost XL. Materiali: sinteti\u010dno usnje, neopren. Zna\u010dilnosti izdelka: Lahko sinteti\u010dno usnje. Lahko in trpe\u017eno sinteti\u010dno usnje na dlani in konicah prstov. Oja\u010dan palec zagotavlja odpornost proti obrabi. Neoprenska man\u0161eta z nastavljivim zapiranjem na je\u017eka. Gumijast ma\u010dji logotip na hrbtni strani rokavice.\"><span class=\"Y2IQFc\" lang=\"sl\">Zna\u010dilnosti izdelka: <\/span><\/p>\n<ul>\n<li class=\"tw-data-text tw-text-large tw-ta\" dir=\"ltr\" role=\"text\" data-placeholder=\"Prevod\" data-ved=\"2ahUKEwiu486S456RAxVP9rsIHY-HJREQ3ewLegQICxAV\" aria-label=\"Prevedeno besedilo: Rokavice za ma\u010dke iz PU sinteti\u010dne dlani - velikost XL. Materiali: sinteti\u010dno usnje, neopren. Zna\u010dilnosti izdelka: Lahko sinteti\u010dno usnje. Lahko in trpe\u017eno sinteti\u010dno usnje na dlani in konicah prstov. Oja\u010dan palec zagotavlja odpornost proti obrabi. Neoprenska man\u0161eta z nastavljivim zapiranjem na je\u017eka. Gumijast ma\u010dji logotip na hrbtni strani rokavice.\"><span class=\"Y2IQFc\" lang=\"sl\">Lahko sinteti\u010dno usnje. <\/span><\/li>\n<li class=\"tw-data-text tw-text-large tw-ta\" dir=\"ltr\" role=\"text\" data-placeholder=\"Prevod\" data-ved=\"2ahUKEwiu486S456RAxVP9rsIHY-HJREQ3ewLegQICxAV\" aria-label=\"Prevedeno besedilo: Rokavice za ma\u010dke iz PU sinteti\u010dne dlani - velikost XL. Materiali: sinteti\u010dno usnje, neopren. Zna\u010dilnosti izdelka: Lahko sinteti\u010dno usnje. Lahko in trpe\u017eno sinteti\u010dno usnje na dlani in konicah prstov. Oja\u010dan palec zagotavlja odpornost proti obrabi. Neoprenska man\u0161eta z nastavljivim zapiranjem na je\u017eka. Gumijast ma\u010dji logotip na hrbtni strani rokavice.\"><span class=\"Y2IQFc\" lang=\"sl\">Lahko in trpe\u017eno sinteti\u010dno usnje na dlani in konicah prstov. <\/span><\/li>\n<li class=\"tw-data-text tw-text-large tw-ta\" dir=\"ltr\" role=\"text\" data-placeholder=\"Prevod\" data-ved=\"2ahUKEwiu486S456RAxVP9rsIHY-HJREQ3ewLegQICxAV\" aria-label=\"Prevedeno besedilo: Rokavice za ma\u010dke iz PU sinteti\u010dne dlani - velikost XL. Materiali: sinteti\u010dno usnje, neopren. Zna\u010dilnosti izdelka: Lahko sinteti\u010dno usnje. Lahko in trpe\u017eno sinteti\u010dno usnje na dlani in konicah prstov. Oja\u010dan palec zagotavlja odpornost proti obrabi. Neoprenska man\u0161eta z nastavljivim zapiranjem na je\u017eka. Gumijast ma\u010dji logotip na hrbtni strani rokavice.\"><span class=\"Y2IQFc\" lang=\"sl\">Oja\u010dan palec zagotavlja odpornost proti obrabi. <\/span><\/li>\n<li class=\"tw-data-text tw-text-large tw-ta\" dir=\"ltr\" role=\"text\" data-placeholder=\"Prevod\" data-ved=\"2ahUKEwiu486S456RAxVP9rsIHY-HJREQ3ewLegQICxAV\" aria-label=\"Prevedeno besedilo: Rokavice za ma\u010dke iz PU sinteti\u010dne dlani - velikost XL. Materiali: sinteti\u010dno usnje, neopren. Zna\u010dilnosti izdelka: Lahko sinteti\u010dno usnje. Lahko in trpe\u017eno sinteti\u010dno usnje na dlani in konicah prstov. Oja\u010dan palec zagotavlja odpornost proti obrabi. Neoprenska man\u0161eta z nastavljivim zapiranjem na je\u017eka. Gumijast ma\u010dji logotip na hrbtni strani rokavice.\"><span class=\"Y2IQFc\" lang=\"sl\">Neoprenska man\u0161eta z nastavljivim zapiranjem na je\u017eka. <\/span><\/li>\n<li class=\"tw-data-text tw-text-large tw-ta\" dir=\"ltr\" role=\"text\" data-placeholder=\"Prevod\" data-ved=\"2ahUKEwiu486S456RAxVP9rsIHY-HJREQ3ewLegQICxAV\" aria-label=\"Prevedeno besedilo: Rokavice za ma\u010dke iz PU sinteti\u010dne dlani - velikost XL. Materiali: sinteti\u010dno usnje, neopren. Zna\u010dilnosti izdelka: Lahko sinteti\u010dno usnje. Lahko in trpe\u017eno sinteti\u010dno usnje na dlani in konicah prstov. Oja\u010dan palec zagotavlja odpornost proti obrabi. Neoprenska man\u0161eta z nastavljivim zapiranjem na je\u017eka. Gumijast ma\u010dji logotip na hrbtni strani rokavice.\"><span class=\"Y2IQFc\" lang=\"sl\">Gumijast ma\u010dji logotip na hrbtni strani rokavice.<\/span><\/li>\n<\/ul>\n","protected":false},"featured_media":64044,"comment_status":"open","ping_status":"closed","template":"","meta":{"om_disable_all_campaigns":false,"_monsterinsights_skip_tracking":false,"_monsterinsights_sitenote_active":false,"_monsterinsights_sitenote_note":"","_monsterinsights_sitenote_category":0},"product_cat":[1043],"product_tag":[560],"class_list":["post-64041","product","type-product","status-publish","has-post-thumbnail","hentry","product_cat-delovne-kape-dodatki-obutev","product_tag-cat"],"bundled_by":[],"bundle_stock_status":"instock","bundle_stock_quantity":null,"bundle_virtual":false,"bundle_layout":"","bundle_add_to_cart_form_location":"","bundle_editable_in_cart":false,"bundle_sold_individually_context":"","bundle_item_grouping":"","bundle_min_size":"","bundle_max_size":"","bundled_items":[],"bundle_sell_ids":[],"aioseo_notices":[],"_links":{"self":[{"href":"https:\/\/www.polzela.com\/si\/wp-json\/wp\/v2\/product\/64041","targetHints":{"allow":["GET"]}}],"collection":[{"href":"https:\/\/www.polzela.com\/si\/wp-json\/wp\/v2\/product"}],"about":[{"href":"https:\/\/www.polzela.com\/si\/wp-json\/wp\/v2\/types\/product"}],"replies":[{"embeddable":true,"href":"https:\/\/www.polzela.com\/si\/wp-json\/wp\/v2\/comments?post=64041"}],"wp:featuredmedia":[{"embeddable":true,"href":"https:\/\/www.polzela.com\/si\/wp-json\/wp\/v2\/media\/64044"}],"wp:attachment":[{"href":"https:\/\/www.polzela.com\/si\/wp-json\/wp\/v2\/media?parent=64041"}],"wp:term":[{"taxonomy":"product_cat","embeddable":true,"href":"https:\/\/www.polzela.com\/si\/wp-json\/wp\/v2\/product_cat?post=64041"},{"taxonomy":"product_tag","embeddable":true,"href":"https:\/\/www.polzela.com\/si\/wp-json\/wp\/v2\/product_tag?post=64041"}],"curies":[{"name":"wp","href":"https:\/\/api.w.org\/{rel}","templated":true}]}}