{"id":63927,"date":"2025-12-01T16:29:29","date_gmt":"2025-12-01T15:29:29","guid":{"rendered":"https:\/\/www.polzela.com\/si\/?post_type=product&#038;p=63927"},"modified":"2026-02-15T09:07:01","modified_gmt":"2026-02-15T08:07:01","slug":"anita-nedrcek-art-5882","status":"publish","type":"product","link":"https:\/\/www.polzela.com\/si\/product\/anita-nedrcek-art-5882\/","title":{"rendered":"Anita nedr\u010dek art. 5882"},"content":{"rendered":"","protected":false},"excerpt":{"rendered":"<p><strong>Opis izdelka<\/strong><\/p>\n<p>Visokofunkcionalna pletenina, uporabljena v tridelnim ko\u0161aricah, zagotavlja popolno oporo vse do ko\u0161arice H. Ta nedr\u010dek je ustvarjen za udobje: sredinski del ima ne\u017eno zaobljen trikotnik v predelu trebuha, podlo\u017eene naramnice in hrbtni deli iz power tila pa razbremenijo pritisk.<\/p>\n<p><strong>Sestava:<\/strong> 93% Najlon, 7% Elestan<\/p>\n<p><em><strong>\u010ce artikla trenutno ni na zalogi v trgovini, je rok dobave zanj 14 dni.<\/strong><\/em><\/p>\n<p>&nbsp;<\/p>\n<p>&nbsp;<\/p>\n<p>&nbsp;<\/p>\n","protected":false},"featured_media":63952,"comment_status":"open","ping_status":"closed","template":"","meta":{"om_disable_all_campaigns":false,"_monsterinsights_skip_tracking":false,"_monsterinsights_sitenote_active":false,"_monsterinsights_sitenote_note":"","_monsterinsights_sitenote_category":0},"product_cat":[42,512],"product_tag":[987,670],"class_list":["post-63927","product","type-product","status-publish","has-post-thumbnail","hentry","product_cat-zenske","product_cat-spodnje-perilo-zenske","product_tag-anita","product_tag-nedrcek"],"bundled_by":[],"bundle_stock_status":"instock","bundle_stock_quantity":null,"bundle_virtual":false,"bundle_layout":"","bundle_add_to_cart_form_location":"","bundle_editable_in_cart":false,"bundle_sold_individually_context":"","bundle_item_grouping":"","bundle_min_size":"","bundle_max_size":"","bundled_items":[],"bundle_sell_ids":[],"aioseo_notices":[],"_links":{"self":[{"href":"https:\/\/www.polzela.com\/si\/wp-json\/wp\/v2\/product\/63927","targetHints":{"allow":["GET"]}}],"collection":[{"href":"https:\/\/www.polzela.com\/si\/wp-json\/wp\/v2\/product"}],"about":[{"href":"https:\/\/www.polzela.com\/si\/wp-json\/wp\/v2\/types\/product"}],"replies":[{"embeddable":true,"href":"https:\/\/www.polzela.com\/si\/wp-json\/wp\/v2\/comments?post=63927"}],"wp:featuredmedia":[{"embeddable":true,"href":"https:\/\/www.polzela.com\/si\/wp-json\/wp\/v2\/media\/63952"}],"wp:attachment":[{"href":"https:\/\/www.polzela.com\/si\/wp-json\/wp\/v2\/media?parent=63927"}],"wp:term":[{"taxonomy":"product_cat","embeddable":true,"href":"https:\/\/www.polzela.com\/si\/wp-json\/wp\/v2\/product_cat?post=63927"},{"taxonomy":"product_tag","embeddable":true,"href":"https:\/\/www.polzela.com\/si\/wp-json\/wp\/v2\/product_tag?post=63927"}],"curies":[{"name":"wp","href":"https:\/\/api.w.org\/{rel}","templated":true}]}}