{"id":63913,"date":"2025-12-01T16:20:02","date_gmt":"2025-12-01T15:20:02","guid":{"rendered":"https:\/\/www.polzela.com\/si\/?post_type=product&#038;p=63913"},"modified":"2025-12-31T09:40:46","modified_gmt":"2025-12-31T08:40:46","slug":"anita-nedrcek-art-5529","status":"publish","type":"product","link":"https:\/\/www.polzela.com\/si\/product\/anita-nedrcek-art-5529\/","title":{"rendered":"Anita nedr\u010dek art. 5529"},"content":{"rendered":"","protected":false},"excerpt":{"rendered":"<p><strong>Opis izdelka<\/strong><\/p>\n<p><strong>ANITA \u0161portni top MOMENTUM:<\/strong><\/p>\n<ul>\n<li>nedr\u010dek Momentum je v letu 2011 prejel nagrado\u00a0Reddot\u00a0zmagovalec v dizajnu<\/li>\n<li>notranjost je sestavljena iz\u00a0hidrofilnega mikrofibra frotirja<\/li>\n<li>zunanjost nedrca daje videz srebrno lesketajo\u010dega materiala<\/li>\n<li>brez\u0161ivne ko\u0161arice<\/li>\n<li>v hrbtnem delu iz mre\u017eastega zra\u010dnega materiala<\/li>\n<li>podlo\u017eene \u0161ir\u0161e naramnice razbremenijo te\u017eo prsi v ramenskem predelu<\/li>\n<li>ergonomi\u010dno oblikovane ko\u0161arice<\/li>\n<li>primeren za ekstremne \u0161porte, nudi najvi\u0161jo stopnjo podpore<\/li>\n<\/ul>\n<p><strong>Sestava: <\/strong>50% poliester, 35% poliamid, 8% elastan, 7% poliuretan<\/p>\n<p><em><strong>\u010ce artikla trenutno ni na zalogi v trgovini, je rok dobave zanj 14 dni.<\/strong><\/em><\/p>\n<p>&nbsp;<\/p>\n<p>&nbsp;<\/p>\n<p>&nbsp;<\/p>\n","protected":false},"featured_media":63924,"comment_status":"open","ping_status":"closed","template":"","meta":{"om_disable_all_campaigns":false,"_monsterinsights_skip_tracking":false,"_monsterinsights_sitenote_active":false,"_monsterinsights_sitenote_note":"","_monsterinsights_sitenote_category":0},"product_cat":[42,512],"product_tag":[987,670],"class_list":["post-63913","product","type-product","status-publish","has-post-thumbnail","hentry","product_cat-zenske","product_cat-spodnje-perilo-zenske","product_tag-anita","product_tag-nedrcek"],"bundled_by":[],"bundle_stock_status":"instock","bundle_stock_quantity":null,"bundle_virtual":false,"bundle_layout":"","bundle_add_to_cart_form_location":"","bundle_editable_in_cart":false,"bundle_sold_individually_context":"","bundle_item_grouping":"","bundle_min_size":"","bundle_max_size":"","bundled_items":[],"bundle_sell_ids":[],"aioseo_notices":[],"_links":{"self":[{"href":"https:\/\/www.polzela.com\/si\/wp-json\/wp\/v2\/product\/63913","targetHints":{"allow":["GET"]}}],"collection":[{"href":"https:\/\/www.polzela.com\/si\/wp-json\/wp\/v2\/product"}],"about":[{"href":"https:\/\/www.polzela.com\/si\/wp-json\/wp\/v2\/types\/product"}],"replies":[{"embeddable":true,"href":"https:\/\/www.polzela.com\/si\/wp-json\/wp\/v2\/comments?post=63913"}],"wp:featuredmedia":[{"embeddable":true,"href":"https:\/\/www.polzela.com\/si\/wp-json\/wp\/v2\/media\/63924"}],"wp:attachment":[{"href":"https:\/\/www.polzela.com\/si\/wp-json\/wp\/v2\/media?parent=63913"}],"wp:term":[{"taxonomy":"product_cat","embeddable":true,"href":"https:\/\/www.polzela.com\/si\/wp-json\/wp\/v2\/product_cat?post=63913"},{"taxonomy":"product_tag","embeddable":true,"href":"https:\/\/www.polzela.com\/si\/wp-json\/wp\/v2\/product_tag?post=63913"}],"curies":[{"name":"wp","href":"https:\/\/api.w.org\/{rel}","templated":true}]}}