{"id":63830,"date":"2025-12-01T15:32:43","date_gmt":"2025-12-01T14:32:43","guid":{"rendered":"https:\/\/www.polzela.com\/si\/?post_type=product&#038;p=63830"},"modified":"2025-12-01T15:47:37","modified_gmt":"2025-12-01T14:47:37","slug":"anita-nedrcek-art-5291-2","status":"publish","type":"product","link":"https:\/\/www.polzela.com\/si\/product\/anita-nedrcek-art-5291-2\/","title":{"rendered":"Anita nedr\u010dek art. 5291"},"content":{"rendered":"","protected":false},"excerpt":{"rendered":"<p><strong>Opis izdelka<\/strong><\/p>\n<p>Anita nedr\u010dek z \u017eico in zra\u010dnimi ko\u0161aricami ima rahlo sijo\u010de, brez\u0161ivne ko\u0161arice, prekrite z raztegljivo gladko tkanino \u2013 za vizualno lahkotnost. Sredinski del nedr\u010dka krasi majhna pentlja in dekorativni obesek. \u0160e posebej glamurozen je hrbtni del, ki je v celoti iz \u010dipke<\/p>\n<p><strong>Sestava<\/strong>: 83% Najlon, 17% Elestan<\/p>\n<p><strong>Ko\u0161arica: <\/strong>61% poliester, 39% poliuretan<\/p>\n<p><em><strong>\u010ce artikla trenutno ni na zalogi v trgovini, je rok dobave zanj 14 dni.<\/strong><\/em><\/p>\n<p>&nbsp;<\/p>\n<p>&nbsp;<\/p>\n<p>&nbsp;<\/p>\n","protected":false},"featured_media":63846,"comment_status":"open","ping_status":"closed","template":"","meta":{"om_disable_all_campaigns":false,"_monsterinsights_skip_tracking":false,"_monsterinsights_sitenote_active":false,"_monsterinsights_sitenote_note":"","_monsterinsights_sitenote_category":0},"product_cat":[42,512],"product_tag":[987,670],"class_list":["post-63830","product","type-product","status-publish","has-post-thumbnail","hentry","product_cat-zenske","product_cat-spodnje-perilo-zenske","product_tag-anita","product_tag-nedrcek"],"bundled_by":[],"bundle_stock_status":"instock","bundle_stock_quantity":null,"bundle_virtual":false,"bundle_layout":"","bundle_add_to_cart_form_location":"","bundle_editable_in_cart":false,"bundle_sold_individually_context":"","bundle_item_grouping":"","bundle_min_size":"","bundle_max_size":"","bundled_items":[],"bundle_sell_ids":[],"aioseo_notices":[],"_links":{"self":[{"href":"https:\/\/www.polzela.com\/si\/wp-json\/wp\/v2\/product\/63830","targetHints":{"allow":["GET"]}}],"collection":[{"href":"https:\/\/www.polzela.com\/si\/wp-json\/wp\/v2\/product"}],"about":[{"href":"https:\/\/www.polzela.com\/si\/wp-json\/wp\/v2\/types\/product"}],"replies":[{"embeddable":true,"href":"https:\/\/www.polzela.com\/si\/wp-json\/wp\/v2\/comments?post=63830"}],"wp:featuredmedia":[{"embeddable":true,"href":"https:\/\/www.polzela.com\/si\/wp-json\/wp\/v2\/media\/63846"}],"wp:attachment":[{"href":"https:\/\/www.polzela.com\/si\/wp-json\/wp\/v2\/media?parent=63830"}],"wp:term":[{"taxonomy":"product_cat","embeddable":true,"href":"https:\/\/www.polzela.com\/si\/wp-json\/wp\/v2\/product_cat?post=63830"},{"taxonomy":"product_tag","embeddable":true,"href":"https:\/\/www.polzela.com\/si\/wp-json\/wp\/v2\/product_tag?post=63830"}],"curies":[{"name":"wp","href":"https:\/\/api.w.org\/{rel}","templated":true}]}}