{"id":63598,"date":"2025-11-28T12:53:35","date_gmt":"2025-11-28T11:53:35","guid":{"rendered":"https:\/\/www.polzela.com\/si\/?post_type=product&#038;p=63598"},"modified":"2026-04-23T14:44:23","modified_gmt":"2026-04-23T12:44:23","slug":"novo-jadea-hlace-art-4832","status":"publish","type":"product","link":"https:\/\/www.polzela.com\/si\/product\/novo-jadea-hlace-art-4832\/","title":{"rendered":"Jadea hla\u010de art. 4832"},"content":{"rendered":"<p><strong>Opis izdelka<\/strong><\/p>\n<p id=\"tw-target-text\" class=\"tw-data-text tw-text-large tw-ta\" dir=\"ltr\" data-placeholder=\"Prevod\" data-ved=\"2ahUKEwjgo8ebgPCJAxUf9wIHHZfkCl8Q3ewLegQICxAU\" aria-label=\"Prevedeno besedilo: Pulover z dolgimi rokavi z elegantnim \u017eametnim u\u010dinkom doda videzu dragocenost. Prozoren til ob izrezu in rokavih za pridih \u010dutnosti, ki nikoli ne \u0161kodi.\"><span class=\"Y2IQFc\" lang=\"sl\">Jadea majica z dolgimi rokavi in elegantnim \u017eametnim u\u010dinkom, ki doda videzu dragocenost. Prozoren til ob izrezu in rokavih za pridih \u010dutnosti, ki nikoli ni odve\u010d.<\/span><\/p>\n<p><strong>Sestava: <\/strong>47% bomba\u017e, 28% poliamid, 18% poliester, 7% elastan.<\/p>\n<p><img loading=\"lazy\" decoding=\"async\" class=\"alignnone size-medium wp-image-10440\" src=\"https:\/\/www.polzela.com\/si\/wp-content\/uploads\/sites\/2\/2020\/11\/Jadea-logo-300x214.jpg\" alt=\"\" width=\"300\" height=\"214\" srcset=\"https:\/\/www.polzela.com\/si\/wp-content\/uploads\/sites\/2\/2020\/11\/Jadea-logo-300x214.jpg 300w, https:\/\/www.polzela.com\/si\/wp-content\/uploads\/sites\/2\/2020\/11\/Jadea-logo-1024x731.jpg 1024w, https:\/\/www.polzela.com\/si\/wp-content\/uploads\/sites\/2\/2020\/11\/Jadea-logo-768x549.jpg 768w, https:\/\/www.polzela.com\/si\/wp-content\/uploads\/sites\/2\/2020\/11\/Jadea-logo-1536x1097.jpg 1536w, https:\/\/www.polzela.com\/si\/wp-content\/uploads\/sites\/2\/2020\/11\/Jadea-logo-2048x1463.jpg 2048w, https:\/\/www.polzela.com\/si\/wp-content\/uploads\/sites\/2\/2020\/11\/Jadea-logo-570x407.jpg 570w\" sizes=\"auto, (max-width: 300px) 100vw, 300px\" \/><\/p>\n<p><strong>Jadea<\/strong>, znamka \u017eenskega spodnjega perila, ki jo je ustvarila Intimo Art\u00f9.<br \/>\nObla\u010dila z zelo osebnim stilom, vedno inovativna in kakovostna.<br \/>\nJadea, ki zdru\u017euje oseben in vedno inovativen slog, predstavlja resni\u010dno idejo intimnih obla\u010dil za vse starosti: od linije &#8220;moda za mlade&#8221; do bolj klasi\u010dnih.<\/p>\n","protected":false},"excerpt":{"rendered":"<p><strong>Opis izdelka<\/strong><\/p>\n<p id=\"tw-target-text\" class=\"tw-data-text tw-text-large tw-ta\" dir=\"ltr\" role=\"text\" data-placeholder=\"Prevod\" data-ved=\"2ahUKEwia24uK5ZSRAxUhgP0HHT7SLKMQ3ewLegQICxAV\" aria-label=\"Prevedeno besedilo: Te hla\u010de iz raztegljivega bomba\u017ea imajo raven, rahlo \u0161irok kroj, ki naravno zo\u017ei postavo. Stranski trakovi v tonu barve, sestavljeni iz \u017eameta in ble\u0161\u010dic, ustvarjajo elegantno in svetle\u010do igro tekstur, ki je popolna za ve\u010derne ali sve\u010dane videze. Visok pas in \u010dist kroj poudarita silhueto, ne da bi pri tem \u017ertvovali udobje.\"><span class=\"Y2IQFc\" lang=\"sl\">Te hla\u010de iz raztegljivega bomba\u017ea imajo raven, rahlo \u0161irok kroj, ki naravno zo\u017ei postavo. Stranski trakovi v tonu barve, sestavljeni iz \u017eameta in ble\u0161\u010dic, ustvarjajo elegantno in svetle\u010do igro tekstur, ki je popolna za ve\u010derne ali sve\u010dane videze. Visok pas in \u010dist kroj poudarita silhueto, ne da bi pri tem \u017ertvovali udobje.<\/span><\/p>\n<p><strong>Sestava: <\/strong>76%bomba\u017e, 18% poliester, 6% elastan<\/p>\n<p><img loading=\"lazy\" decoding=\"async\" class=\"alignnone size-medium wp-image-10440\" src=\"https:\/\/www.polzela.com\/si\/wp-content\/uploads\/sites\/2\/2020\/11\/Jadea-logo-300x214.jpg\" alt=\"\" width=\"300\" height=\"214\" srcset=\"https:\/\/www.polzela.com\/si\/wp-content\/uploads\/sites\/2\/2020\/11\/Jadea-logo-300x214.jpg 300w, https:\/\/www.polzela.com\/si\/wp-content\/uploads\/sites\/2\/2020\/11\/Jadea-logo-1024x731.jpg 1024w, https:\/\/www.polzela.com\/si\/wp-content\/uploads\/sites\/2\/2020\/11\/Jadea-logo-768x549.jpg 768w, https:\/\/www.polzela.com\/si\/wp-content\/uploads\/sites\/2\/2020\/11\/Jadea-logo-1536x1097.jpg 1536w, https:\/\/www.polzela.com\/si\/wp-content\/uploads\/sites\/2\/2020\/11\/Jadea-logo-2048x1463.jpg 2048w, https:\/\/www.polzela.com\/si\/wp-content\/uploads\/sites\/2\/2020\/11\/Jadea-logo-570x407.jpg 570w\" sizes=\"auto, (max-width: 300px) 100vw, 300px\" \/><\/p>\n<p><strong>Jadea<\/strong>, znamka \u017eenskega spodnjega perila, ki jo je ustvarila Intimo Art\u00f9.<br \/>\nObla\u010dila z zelo osebnim stilom, vedno inovativna in kakovostna.<br \/>\nJadea, ki zdru\u017euje oseben in vedno inovativen slog, predstavlja resni\u010dno idejo intimnih obla\u010dil za vse starosti: od linije &#8220;moda za mlade&#8221; do bolj klasi\u010dnih.<\/p>\n","protected":false},"featured_media":63603,"comment_status":"open","ping_status":"closed","template":"","meta":{"om_disable_all_campaigns":false,"_monsterinsights_skip_tracking":false,"_monsterinsights_sitenote_active":false,"_monsterinsights_sitenote_note":"","_monsterinsights_sitenote_category":0},"product_cat":[39,778,42],"product_tag":[1320,552],"class_list":["post-63598","product","type-product","status-publish","has-post-thumbnail","hentry","product_cat-oblacila","product_cat-legice","product_cat-zenske","product_tag-hlace","product_tag-jadea"],"bundled_by":[],"bundle_stock_status":"instock","bundle_stock_quantity":null,"bundle_virtual":false,"bundle_layout":"","bundle_add_to_cart_form_location":"","bundle_editable_in_cart":false,"bundle_sold_individually_context":"","bundle_item_grouping":"","bundle_min_size":"","bundle_max_size":"","bundled_items":[],"bundle_sell_ids":[],"aioseo_notices":[],"_links":{"self":[{"href":"https:\/\/www.polzela.com\/si\/wp-json\/wp\/v2\/product\/63598","targetHints":{"allow":["GET"]}}],"collection":[{"href":"https:\/\/www.polzela.com\/si\/wp-json\/wp\/v2\/product"}],"about":[{"href":"https:\/\/www.polzela.com\/si\/wp-json\/wp\/v2\/types\/product"}],"replies":[{"embeddable":true,"href":"https:\/\/www.polzela.com\/si\/wp-json\/wp\/v2\/comments?post=63598"}],"wp:featuredmedia":[{"embeddable":true,"href":"https:\/\/www.polzela.com\/si\/wp-json\/wp\/v2\/media\/63603"}],"wp:attachment":[{"href":"https:\/\/www.polzela.com\/si\/wp-json\/wp\/v2\/media?parent=63598"}],"wp:term":[{"taxonomy":"product_cat","embeddable":true,"href":"https:\/\/www.polzela.com\/si\/wp-json\/wp\/v2\/product_cat?post=63598"},{"taxonomy":"product_tag","embeddable":true,"href":"https:\/\/www.polzela.com\/si\/wp-json\/wp\/v2\/product_tag?post=63598"}],"curies":[{"name":"wp","href":"https:\/\/api.w.org\/{rel}","templated":true}]}}