{"id":63571,"date":"2025-11-28T08:48:19","date_gmt":"2025-11-28T07:48:19","guid":{"rendered":"https:\/\/www.polzela.com\/si\/?post_type=product&#038;p=63571"},"modified":"2026-01-19T22:39:24","modified_gmt":"2026-01-19T21:39:24","slug":"jadea-hlacke-slip-art-791-c-mogano","status":"publish","type":"product","link":"https:\/\/www.polzela.com\/si\/product\/jadea-hlacke-slip-art-791-c-mogano\/","title":{"rendered":"Jadea hla\u010dke slip art.791\/C"},"content":{"rendered":"","protected":false},"excerpt":{"rendered":"<p><strong>Opis izdelka<\/strong><\/p>\n<p>Hla\u010dke iz bomba\u017ea z dodatkom \u010dipke.<\/p>\n<p><strong>Sestava:\u00a0<\/strong>45% bomba\u017e, 45% modal, 10% elastan<\/p>\n<p>&nbsp;<\/p>\n<p><img loading=\"lazy\" decoding=\"async\" class=\"alignnone wp-image-43375 size-large\" src=\"https:\/\/www.polzela.com\/si\/wp-content\/uploads\/sites\/2\/2024\/02\/791-nero-773x1024.jpg\" alt=\"\" width=\"640\" height=\"848\" srcset=\"https:\/\/www.polzela.com\/si\/wp-content\/uploads\/sites\/2\/2024\/02\/791-nero-773x1024.jpg 773w, https:\/\/www.polzela.com\/si\/wp-content\/uploads\/sites\/2\/2024\/02\/791-nero-226x300.jpg 226w, https:\/\/www.polzela.com\/si\/wp-content\/uploads\/sites\/2\/2024\/02\/791-nero-768x1018.jpg 768w, https:\/\/www.polzela.com\/si\/wp-content\/uploads\/sites\/2\/2024\/02\/791-nero-1159x1536.jpg 1159w, https:\/\/www.polzela.com\/si\/wp-content\/uploads\/sites\/2\/2024\/02\/791-nero-570x755.jpg 570w, https:\/\/www.polzela.com\/si\/wp-content\/uploads\/sites\/2\/2024\/02\/791-nero.jpg 1228w\" sizes=\"auto, (max-width: 640px) 100vw, 640px\" \/><img loading=\"lazy\" decoding=\"async\" class=\"alignnone size-medium wp-image-10440\" src=\"https:\/\/www.polzela.com\/si\/wp-content\/uploads\/sites\/2\/2020\/11\/Jadea-logo-300x214.jpg\" alt=\"\" width=\"300\" height=\"214\" srcset=\"https:\/\/www.polzela.com\/si\/wp-content\/uploads\/sites\/2\/2020\/11\/Jadea-logo-300x214.jpg 300w, https:\/\/www.polzela.com\/si\/wp-content\/uploads\/sites\/2\/2020\/11\/Jadea-logo-1024x731.jpg 1024w, https:\/\/www.polzela.com\/si\/wp-content\/uploads\/sites\/2\/2020\/11\/Jadea-logo-768x549.jpg 768w, https:\/\/www.polzela.com\/si\/wp-content\/uploads\/sites\/2\/2020\/11\/Jadea-logo-1536x1097.jpg 1536w, https:\/\/www.polzela.com\/si\/wp-content\/uploads\/sites\/2\/2020\/11\/Jadea-logo-2048x1463.jpg 2048w, https:\/\/www.polzela.com\/si\/wp-content\/uploads\/sites\/2\/2020\/11\/Jadea-logo-570x407.jpg 570w\" sizes=\"auto, (max-width: 300px) 100vw, 300px\" \/><\/p>\n","protected":false},"featured_media":63575,"comment_status":"open","ping_status":"closed","template":"","meta":{"om_disable_all_campaigns":false,"_monsterinsights_skip_tracking":false,"_monsterinsights_sitenote_active":false,"_monsterinsights_sitenote_note":"","_monsterinsights_sitenote_category":0},"product_cat":[512],"product_tag":[547,552],"class_list":["post-63571","product","type-product","status-publish","has-post-thumbnail","hentry","product_cat-spodnje-perilo-zenske","product_tag-hlacke","product_tag-jadea"],"bundled_by":[],"bundle_stock_status":"instock","bundle_stock_quantity":null,"bundle_virtual":false,"bundle_layout":"","bundle_add_to_cart_form_location":"","bundle_editable_in_cart":false,"bundle_sold_individually_context":"","bundle_item_grouping":"","bundle_min_size":"","bundle_max_size":"","bundled_items":[],"bundle_sell_ids":[],"aioseo_notices":[],"_links":{"self":[{"href":"https:\/\/www.polzela.com\/si\/wp-json\/wp\/v2\/product\/63571","targetHints":{"allow":["GET"]}}],"collection":[{"href":"https:\/\/www.polzela.com\/si\/wp-json\/wp\/v2\/product"}],"about":[{"href":"https:\/\/www.polzela.com\/si\/wp-json\/wp\/v2\/types\/product"}],"replies":[{"embeddable":true,"href":"https:\/\/www.polzela.com\/si\/wp-json\/wp\/v2\/comments?post=63571"}],"wp:featuredmedia":[{"embeddable":true,"href":"https:\/\/www.polzela.com\/si\/wp-json\/wp\/v2\/media\/63575"}],"wp:attachment":[{"href":"https:\/\/www.polzela.com\/si\/wp-json\/wp\/v2\/media?parent=63571"}],"wp:term":[{"taxonomy":"product_cat","embeddable":true,"href":"https:\/\/www.polzela.com\/si\/wp-json\/wp\/v2\/product_cat?post=63571"},{"taxonomy":"product_tag","embeddable":true,"href":"https:\/\/www.polzela.com\/si\/wp-json\/wp\/v2\/product_tag?post=63571"}],"curies":[{"name":"wp","href":"https:\/\/api.w.org\/{rel}","templated":true}]}}