{"id":63534,"date":"2025-11-27T22:39:29","date_gmt":"2025-11-27T21:39:29","guid":{"rendered":"https:\/\/www.polzela.com\/si\/?post_type=product&#038;p=63534"},"modified":"2025-11-27T22:42:00","modified_gmt":"2025-11-27T21:42:00","slug":"cat-svetilka-za-okoli-vratu-ct7105","status":"publish","type":"product","link":"https:\/\/www.polzela.com\/si\/product\/cat-svetilka-za-okoli-vratu-ct7105\/","title":{"rendered":"CAT svetilka za okoli vratu CT7105"},"content":{"rendered":"","protected":false},"excerpt":{"rendered":"<p><strong>Opis:<\/strong><\/p>\n<p>CAT svetilka COB CT1000 se pona\u0161a z LED tehnologijo, ki zagotavlja svetilnost\u00a0175 lumnov. Ima robustno na udarce odporno in vodoodporno\u00a0ABS ohi\u0161je, ki ji zagotavlja uporabo tudi v najte\u017ejih pogojih. S pomo\u010djo\u00a0\u0161irokega svetlobnega snopa\u00a0lahko s to svetilko osvetlite \u0161iroko obmo\u010dje.<\/p>\n<p>Ima tudi\u00a0magnetno podno\u017eje, ki omogo\u010da, da svetilko namestite na katerokoli kovinsko povr\u0161ino in jo tako uporabljate popolnoma prostoro\u010dno.<\/p>\n<p id=\"tw-target-text\" class=\"tw-data-text tw-text-large tw-ta\" dir=\"ltr\" role=\"text\" data-placeholder=\"Prevod\" data-ved=\"2ahUKEwiz4a6J35GRAxVIRPEDHUzDMB4Q3ewLegQICRAV\" aria-label=\"Prevedeno besedilo: Svetilka iz aluminija z nastavljivo funkcijo omogo\u010da spreminjanje intenzivnosti svetlobe do 1200 lumnov. Doseg svetlobe do 300 metrov. Deluje na baterije (9xAA).\">\n","protected":false},"featured_media":63536,"comment_status":"open","ping_status":"closed","template":"","meta":{"om_disable_all_campaigns":false,"_monsterinsights_skip_tracking":false,"_monsterinsights_sitenote_active":false,"_monsterinsights_sitenote_note":"","_monsterinsights_sitenote_category":0},"product_cat":[761,1046],"product_tag":[560,1018],"class_list":["post-63534","product","type-product","status-publish","has-post-thumbnail","hentry","product_cat-cat-delovna-oblacila","product_cat-delovne-luci-cat","product_tag-cat","product_tag-workwear"],"bundled_by":[],"bundle_stock_status":"instock","bundle_stock_quantity":null,"bundle_virtual":false,"bundle_layout":"","bundle_add_to_cart_form_location":"","bundle_editable_in_cart":false,"bundle_sold_individually_context":"","bundle_item_grouping":"","bundle_min_size":"","bundle_max_size":"","bundled_items":[],"bundle_sell_ids":[],"aioseo_notices":[],"_links":{"self":[{"href":"https:\/\/www.polzela.com\/si\/wp-json\/wp\/v2\/product\/63534","targetHints":{"allow":["GET"]}}],"collection":[{"href":"https:\/\/www.polzela.com\/si\/wp-json\/wp\/v2\/product"}],"about":[{"href":"https:\/\/www.polzela.com\/si\/wp-json\/wp\/v2\/types\/product"}],"replies":[{"embeddable":true,"href":"https:\/\/www.polzela.com\/si\/wp-json\/wp\/v2\/comments?post=63534"}],"wp:featuredmedia":[{"embeddable":true,"href":"https:\/\/www.polzela.com\/si\/wp-json\/wp\/v2\/media\/63536"}],"wp:attachment":[{"href":"https:\/\/www.polzela.com\/si\/wp-json\/wp\/v2\/media?parent=63534"}],"wp:term":[{"taxonomy":"product_cat","embeddable":true,"href":"https:\/\/www.polzela.com\/si\/wp-json\/wp\/v2\/product_cat?post=63534"},{"taxonomy":"product_tag","embeddable":true,"href":"https:\/\/www.polzela.com\/si\/wp-json\/wp\/v2\/product_tag?post=63534"}],"curies":[{"name":"wp","href":"https:\/\/api.w.org\/{rel}","templated":true}]}}