{"id":63502,"date":"2025-11-27T14:00:44","date_gmt":"2025-11-27T13:00:44","guid":{"rendered":"https:\/\/www.polzela.com\/si\/?post_type=product&#038;p=63502"},"modified":"2025-11-27T14:02:55","modified_gmt":"2025-11-27T13:02:55","slug":"cat-svetilka-ct3450","status":"publish","type":"product","link":"https:\/\/www.polzela.com\/si\/product\/cat-svetilka-ct3450\/","title":{"rendered":"CAT svetilka CT3540"},"content":{"rendered":"","protected":false},"excerpt":{"rendered":"<p><strong>Opis:<\/strong><\/p>\n<p id=\"tw-target-text\" class=\"tw-data-text tw-text-large tw-ta\" dir=\"ltr\" role=\"text\" data-placeholder=\"Prevod\" data-ved=\"2ahUKEwiz4a6J35GRAxVIRPEDHUzDMB4Q3ewLegQICRAV\" aria-label=\"Prevedeno besedilo: Kompaktna, visokozmogljiva delovna svetilka tipa COB CT3540 zagotavlja najve\u010dji svetlobni tok do 500 lumnov. Nastavljiv ro\u010daj slu\u017ei tudi kot stojalo za enostavno nastavitev lu\u010di v pravi kot za delo. Mo\u010dan magnetni hrbtni del omogo\u010da pritrditev svetilke na katero koli povr\u0161ino iz \u017eelezne kovine za zanesljivo uporabo brez uporabe rok. Majhna in kompaktna, enostavna za shranjevanje v predalu ali \u0161katli z orodjem. Prilo\u017eene so \u0161tiri baterije AA.\"><span class=\"Y2IQFc\" lang=\"sl\">Kompaktna, visokozmogljiva delovna svetilka tipa CT3540 zagotavlja najve\u010dji svetlobni tok do 500 lumnov. Nastavljiv ro\u010daj slu\u017ei tudi kot stojalo za enostavno nastavitev lu\u010di v pravi kot za delo. Mo\u010dan magnetni hrbtni del omogo\u010da pritrditev svetilke na katero koli povr\u0161ino iz \u017eelezne kovine za zanesljivo uporabo brez uporabe rok. Majhna in kompaktna, enostavna za shranjevanje v predalu ali \u0161katli z orodjem. Prilo\u017eene so \u0161tiri baterije AA.<\/span><\/p>\n","protected":false},"featured_media":63504,"comment_status":"open","ping_status":"closed","template":"","meta":{"om_disable_all_campaigns":false,"_monsterinsights_skip_tracking":false,"_monsterinsights_sitenote_active":false,"_monsterinsights_sitenote_note":"","_monsterinsights_sitenote_category":0},"product_cat":[761,1046],"product_tag":[560,1018],"class_list":["post-63502","product","type-product","status-publish","has-post-thumbnail","hentry","product_cat-cat-delovna-oblacila","product_cat-delovne-luci-cat","product_tag-cat","product_tag-workwear"],"bundled_by":[],"bundle_stock_status":"instock","bundle_stock_quantity":null,"bundle_virtual":false,"bundle_layout":"","bundle_add_to_cart_form_location":"","bundle_editable_in_cart":false,"bundle_sold_individually_context":"","bundle_item_grouping":"","bundle_min_size":"","bundle_max_size":"","bundled_items":[],"bundle_sell_ids":[],"aioseo_notices":[],"_links":{"self":[{"href":"https:\/\/www.polzela.com\/si\/wp-json\/wp\/v2\/product\/63502","targetHints":{"allow":["GET"]}}],"collection":[{"href":"https:\/\/www.polzela.com\/si\/wp-json\/wp\/v2\/product"}],"about":[{"href":"https:\/\/www.polzela.com\/si\/wp-json\/wp\/v2\/types\/product"}],"replies":[{"embeddable":true,"href":"https:\/\/www.polzela.com\/si\/wp-json\/wp\/v2\/comments?post=63502"}],"wp:featuredmedia":[{"embeddable":true,"href":"https:\/\/www.polzela.com\/si\/wp-json\/wp\/v2\/media\/63504"}],"wp:attachment":[{"href":"https:\/\/www.polzela.com\/si\/wp-json\/wp\/v2\/media?parent=63502"}],"wp:term":[{"taxonomy":"product_cat","embeddable":true,"href":"https:\/\/www.polzela.com\/si\/wp-json\/wp\/v2\/product_cat?post=63502"},{"taxonomy":"product_tag","embeddable":true,"href":"https:\/\/www.polzela.com\/si\/wp-json\/wp\/v2\/product_tag?post=63502"}],"curies":[{"name":"wp","href":"https:\/\/api.w.org\/{rel}","templated":true}]}}