{"id":63498,"date":"2025-11-27T13:58:16","date_gmt":"2025-11-27T12:58:16","guid":{"rendered":"https:\/\/www.polzela.com\/si\/?post_type=product&#038;p=63498"},"modified":"2025-11-27T14:00:14","modified_gmt":"2025-11-27T13:00:14","slug":"cat-svetilka-ct4120","status":"publish","type":"product","link":"https:\/\/www.polzela.com\/si\/product\/cat-svetilka-ct4120\/","title":{"rendered":"CAT svetilka CT4120"},"content":{"rendered":"","protected":false},"excerpt":{"rendered":"<p><strong>Opis:<\/strong><\/p>\n<p id=\"tw-target-text\" class=\"tw-data-text tw-text-large tw-ta\" dir=\"ltr\" role=\"text\" data-placeholder=\"Prevod\" data-ved=\"2ahUKEwiz4a6J35GRAxVIRPEDHUzDMB4Q3ewLegQICRAV\" aria-label=\"Prevedeno besedilo: Ve\u010dnamenska naglavna svetilka CT4120 je odli\u010dna re\u0161itev za \u0161irok spekter potreb po osvetlitvi. Ta izjemno lahka naglavna svetilka ima tri elasti\u010dne nastavljive trakove za udobno prileganje. S pritiskom na sprednji gumb za vklop se preklapljajo naslednje funkcije: reflektor s svetilnostjo 250 lumnov, reflektor s svetilnostjo 120 lumnov in rde\u010di LED \u017earek za no\u010dni vid. Poleg tega ima naglavna svetilka CT4120 tudi zadnjo bliskavico za dodatno varnost pono\u010di.\"><span class=\"Y2IQFc\" lang=\"sl\">Ve\u010dnamenska naglavna svetilka CT4120 je odli\u010dna re\u0161itev za \u0161irok spekter potreb po osvetlitvi. Ta izjemno lahka naglavna svetilka ima tri elasti\u010dne nastavljive trakove za udobno prileganje. S pritiskom na sprednji gumb za vklop se preklapljajo naslednje funkcije: reflektor s svetilnostjo 250 lumnov, reflektor s svetilnostjo 120 lumnov in rde\u010di LED \u017earek za no\u010dni vid. Poleg tega ima naglavna svetilka CT4120 tudi zadnjo bliskavico za dodatno varnost pono\u010di.<\/span><\/p>\n","protected":false},"featured_media":63500,"comment_status":"open","ping_status":"closed","template":"","meta":{"om_disable_all_campaigns":false,"_monsterinsights_skip_tracking":false,"_monsterinsights_sitenote_active":false,"_monsterinsights_sitenote_note":"","_monsterinsights_sitenote_category":0},"product_cat":[761,1046],"product_tag":[560,1018],"class_list":["post-63498","product","type-product","status-publish","has-post-thumbnail","hentry","product_cat-cat-delovna-oblacila","product_cat-delovne-luci-cat","product_tag-cat","product_tag-workwear"],"bundled_by":[],"bundle_stock_status":"instock","bundle_stock_quantity":null,"bundle_virtual":false,"bundle_layout":"","bundle_add_to_cart_form_location":"","bundle_editable_in_cart":false,"bundle_sold_individually_context":"","bundle_item_grouping":"","bundle_min_size":"","bundle_max_size":"","bundled_items":[],"bundle_sell_ids":[],"aioseo_notices":[],"_links":{"self":[{"href":"https:\/\/www.polzela.com\/si\/wp-json\/wp\/v2\/product\/63498","targetHints":{"allow":["GET"]}}],"collection":[{"href":"https:\/\/www.polzela.com\/si\/wp-json\/wp\/v2\/product"}],"about":[{"href":"https:\/\/www.polzela.com\/si\/wp-json\/wp\/v2\/types\/product"}],"replies":[{"embeddable":true,"href":"https:\/\/www.polzela.com\/si\/wp-json\/wp\/v2\/comments?post=63498"}],"wp:featuredmedia":[{"embeddable":true,"href":"https:\/\/www.polzela.com\/si\/wp-json\/wp\/v2\/media\/63500"}],"wp:attachment":[{"href":"https:\/\/www.polzela.com\/si\/wp-json\/wp\/v2\/media?parent=63498"}],"wp:term":[{"taxonomy":"product_cat","embeddable":true,"href":"https:\/\/www.polzela.com\/si\/wp-json\/wp\/v2\/product_cat?post=63498"},{"taxonomy":"product_tag","embeddable":true,"href":"https:\/\/www.polzela.com\/si\/wp-json\/wp\/v2\/product_tag?post=63498"}],"curies":[{"name":"wp","href":"https:\/\/api.w.org\/{rel}","templated":true}]}}