{"id":63485,"date":"2025-11-27T13:48:11","date_gmt":"2025-11-27T12:48:11","guid":{"rendered":"https:\/\/www.polzela.com\/si\/?post_type=product&#038;p=63485"},"modified":"2025-11-27T13:51:26","modified_gmt":"2025-11-27T12:51:26","slug":"cat-svetilka-ct7100","status":"publish","type":"product","link":"https:\/\/www.polzela.com\/si\/product\/cat-svetilka-ct7100\/","title":{"rendered":"CAT svetilka CT7100"},"content":{"rendered":"","protected":false},"excerpt":{"rendered":"<p><strong>Opis:<\/strong><\/p>\n<p id=\"tw-target-text\" class=\"tw-data-text tw-text-large tw-ta\" dir=\"ltr\" role=\"text\" data-placeholder=\"Prevod\" data-ved=\"2ahUKEwiz4a6J35GRAxVIRPEDHUzDMB4Q3ewLegQICRAV\" aria-label=\"Prevedeno besedilo: Z inovativno in \u0161portno zasnovo vam naglavna svetilka CT7100 pu\u0161\u010da proste roke, tako da lahko delate kadar koli in kjer koli brez dra\u017eenja in stresa zaradi no\u0161enja naglavne svetilke na \u010delu. Izdelana je iz trpe\u017ene in zanesljive me\u0161anice ABS in najlona, \u200b\u200bsvetilka udobno sedi okoli vratu, ne da bi povzro\u010dala potenje, in jo je enostavno \u010distiti. Svetilko lahko uporabljate pri nizki (100 lumnov) ali visoki (200 lumnov) nastavitvi, odvisno od uporabnikovih preferenc in potreb. Glave lu\u010di je mogo\u010de zasukati za 90\u00b0, da se dose\u017ee \u0161ir\u0161i svetlobni snop. Vodoodpornost te naglavne svetilke IPx6 pomeni, da ste lahko prepri\u010dani, da lu\u010d ne bo ugasnila, tudi \u010de vas premo\u010di de\u017e. Je nepogre\u0161ljiv pomo\u010dnik v gara\u017ei in pri delu na doma\u010dih projektih. Imejte jo pri roki za sprehod s psom ali v primeru izpada elektri\u010dne energije. Ne pozabite jo vzeti s seboj na kampiranje, skupaj z vsem drugim, kar potrebujete. Ta svetilka je idealen spremljevalec v vseh mo\u017enih situacijah in pogojih.\"><span class=\"Y2IQFc\" lang=\"sl\">Z inovativno in \u0161portno zasnovo vam naglavna svetilka CT7100 pu\u0161\u010da proste roke, tako da lahko delate kadar koli in kjer koli brez dra\u017eenja in stresa zaradi no\u0161enja naglavne svetilke na \u010delu. Izdelana je iz trpe\u017ene in zanesljive me\u0161anice ABS in najlona, \u200b\u200bsvetilka udobno sedi okoli vratu, ne da bi povzro\u010dala potenje, in jo je enostavno \u010distiti. Svetilko lahko uporabljate pri nizki (100 lumnov) ali visoki (200 lumnov) nastavitvi, odvisno od uporabnikovih preferenc in potreb. Glave lu\u010di je mogo\u010de zasukati za 90\u00b0, da se dose\u017ee \u0161ir\u0161i svetlobni snop. Vodoodpornost te naglavne svetilke IPx6 pomeni, da ste lahko prepri\u010dani, da lu\u010d ne bo ugasnila, tudi \u010de vas premo\u010di de\u017e. Je nepogre\u0161ljiv pomo\u010dnik v gara\u017ei in pri delu na doma\u010dih projektih. Imejte jo pri roki za sprehod s psom ali v primeru izpada elektri\u010dne energije. Ne pozabite jo vzeti s seboj na kampiranje, skupaj z vsem drugim, kar potrebujete. Ta svetilka je idealen spremljevalec v vseh mo\u017enih situacijah in pogojih.<\/span><\/p>\n","protected":false},"featured_media":63487,"comment_status":"open","ping_status":"closed","template":"","meta":{"om_disable_all_campaigns":false,"_monsterinsights_skip_tracking":false,"_monsterinsights_sitenote_active":false,"_monsterinsights_sitenote_note":"","_monsterinsights_sitenote_category":0},"product_cat":[761,1046],"product_tag":[560,1018],"class_list":["post-63485","product","type-product","status-publish","has-post-thumbnail","hentry","product_cat-cat-delovna-oblacila","product_cat-delovne-luci-cat","product_tag-cat","product_tag-workwear"],"bundled_by":[],"bundle_stock_status":"instock","bundle_stock_quantity":null,"bundle_virtual":false,"bundle_layout":"","bundle_add_to_cart_form_location":"","bundle_editable_in_cart":false,"bundle_sold_individually_context":"","bundle_item_grouping":"","bundle_min_size":"","bundle_max_size":"","bundled_items":[],"bundle_sell_ids":[],"aioseo_notices":[],"_links":{"self":[{"href":"https:\/\/www.polzela.com\/si\/wp-json\/wp\/v2\/product\/63485","targetHints":{"allow":["GET"]}}],"collection":[{"href":"https:\/\/www.polzela.com\/si\/wp-json\/wp\/v2\/product"}],"about":[{"href":"https:\/\/www.polzela.com\/si\/wp-json\/wp\/v2\/types\/product"}],"replies":[{"embeddable":true,"href":"https:\/\/www.polzela.com\/si\/wp-json\/wp\/v2\/comments?post=63485"}],"wp:featuredmedia":[{"embeddable":true,"href":"https:\/\/www.polzela.com\/si\/wp-json\/wp\/v2\/media\/63487"}],"wp:attachment":[{"href":"https:\/\/www.polzela.com\/si\/wp-json\/wp\/v2\/media?parent=63485"}],"wp:term":[{"taxonomy":"product_cat","embeddable":true,"href":"https:\/\/www.polzela.com\/si\/wp-json\/wp\/v2\/product_cat?post=63485"},{"taxonomy":"product_tag","embeddable":true,"href":"https:\/\/www.polzela.com\/si\/wp-json\/wp\/v2\/product_tag?post=63485"}],"curies":[{"name":"wp","href":"https:\/\/api.w.org\/{rel}","templated":true}]}}