{"id":63478,"date":"2025-11-27T13:41:08","date_gmt":"2025-11-27T12:41:08","guid":{"rendered":"https:\/\/www.polzela.com\/si\/?post_type=product&#038;p=63478"},"modified":"2025-11-27T13:45:21","modified_gmt":"2025-11-27T12:45:21","slug":"cat-svetilka-ct6515","status":"publish","type":"product","link":"https:\/\/www.polzela.com\/si\/product\/cat-svetilka-ct6515\/","title":{"rendered":"CAT svetilka CT6515"},"content":{"rendered":"","protected":false},"excerpt":{"rendered":"<p><strong>Opis:<\/strong><\/p>\n<ul>\n<li id=\"tw-target-text\" class=\"tw-data-text tw-text-large tw-ta\" dir=\"ltr\" role=\"text\" data-placeholder=\"Prevod\" data-ved=\"2ahUKEwiz4a6J35GRAxVIRPEDHUzDMB4Q3ewLegQICRAV\" aria-label=\"Prevedeno besedilo: Svetlobni tok SVETLOBNA LU\u010c: 225 lm. Svetlobni tok SNOP: 115 lm. \u010cas delovanja SVETLOBNA LU\u010c: Do 6 ur. \u010cas delovanja SVETLOBNA LU\u010c: Do 12 ur. Zatemnitev: Ne. Tip LED: Do 12 ur. Doseg osvetlitve: Do 200 m. Odpornost na udarce: 1,0 m. Dimenzije: \u00f8 57,2 x 114 mm. Te\u017ea: 318 g. Baterije: 2x Li-Ion 18550, 3,7 V \/ 3200 mAh. Prenosna baterija: Da. \u010cas polnjenja: 6 ur. Zna\u010dilnosti izdelka: Dva svetlobna vira: snop in svetilka. Vgrajen polnilni kabel USB in indikator napolnjenosti baterije. Magnetno podno\u017eje. S teleskopsko zasnovo: iztegljiva svetilka. Vgradni kavlji.\"><span class=\"Y2IQFc\" lang=\"sl\">SVETLOBNA LU\u010c: 225 lm. <\/span><\/li>\n<li class=\"tw-data-text tw-text-large tw-ta\" dir=\"ltr\" role=\"text\" data-placeholder=\"Prevod\" data-ved=\"2ahUKEwiz4a6J35GRAxVIRPEDHUzDMB4Q3ewLegQICRAV\" aria-label=\"Prevedeno besedilo: Svetlobni tok SVETLOBNA LU\u010c: 225 lm. Svetlobni tok SNOP: 115 lm. \u010cas delovanja SVETLOBNA LU\u010c: Do 6 ur. \u010cas delovanja SVETLOBNA LU\u010c: Do 12 ur. Zatemnitev: Ne. Tip LED: Do 12 ur. Doseg osvetlitve: Do 200 m. Odpornost na udarce: 1,0 m. Dimenzije: \u00f8 57,2 x 114 mm. Te\u017ea: 318 g. Baterije: 2x Li-Ion 18550, 3,7 V \/ 3200 mAh. Prenosna baterija: Da. \u010cas polnjenja: 6 ur. Zna\u010dilnosti izdelka: Dva svetlobna vira: snop in svetilka. Vgrajen polnilni kabel USB in indikator napolnjenosti baterije. Magnetno podno\u017eje. S teleskopsko zasnovo: iztegljiva svetilka. Vgradni kavlji.\"><span class=\"Y2IQFc\" lang=\"sl\">Svetlobni tok SNOP: 115 lm. \u010cas <\/span><\/li>\n<li class=\"tw-data-text tw-text-large tw-ta\" dir=\"ltr\" role=\"text\" data-placeholder=\"Prevod\" data-ved=\"2ahUKEwiz4a6J35GRAxVIRPEDHUzDMB4Q3ewLegQICRAV\" aria-label=\"Prevedeno besedilo: Svetlobni tok SVETLOBNA LU\u010c: 225 lm. Svetlobni tok SNOP: 115 lm. \u010cas delovanja SVETLOBNA LU\u010c: Do 6 ur. \u010cas delovanja SVETLOBNA LU\u010c: Do 12 ur. Zatemnitev: Ne. Tip LED: Do 12 ur. Doseg osvetlitve: Do 200 m. Odpornost na udarce: 1,0 m. Dimenzije: \u00f8 57,2 x 114 mm. Te\u017ea: 318 g. Baterije: 2x Li-Ion 18550, 3,7 V \/ 3200 mAh. Prenosna baterija: Da. \u010cas polnjenja: 6 ur. Zna\u010dilnosti izdelka: Dva svetlobna vira: snop in svetilka. Vgrajen polnilni kabel USB in indikator napolnjenosti baterije. Magnetno podno\u017eje. S teleskopsko zasnovo: iztegljiva svetilka. Vgradni kavlji.\"><span class=\"Y2IQFc\" lang=\"sl\">delovanja snopa: Do 6 ur. <\/span><\/li>\n<li class=\"tw-data-text tw-text-large tw-ta\" dir=\"ltr\" role=\"text\" data-placeholder=\"Prevod\" data-ved=\"2ahUKEwiz4a6J35GRAxVIRPEDHUzDMB4Q3ewLegQICRAV\" aria-label=\"Prevedeno besedilo: Svetlobni tok SVETLOBNA LU\u010c: 225 lm. Svetlobni tok SNOP: 115 lm. \u010cas delovanja SVETLOBNA LU\u010c: Do 6 ur. \u010cas delovanja SVETLOBNA LU\u010c: Do 12 ur. Zatemnitev: Ne. Tip LED: Do 12 ur. Doseg osvetlitve: Do 200 m. Odpornost na udarce: 1,0 m. Dimenzije: \u00f8 57,2 x 114 mm. Te\u017ea: 318 g. Baterije: 2x Li-Ion 18550, 3,7 V \/ 3200 mAh. Prenosna baterija: Da. \u010cas polnjenja: 6 ur. Zna\u010dilnosti izdelka: Dva svetlobna vira: snop in svetilka. Vgrajen polnilni kabel USB in indikator napolnjenosti baterije. Magnetno podno\u017eje. S teleskopsko zasnovo: iztegljiva svetilka. Vgradni kavlji.\"><span class=\"Y2IQFc\" lang=\"sl\">\u010cas delovanja lu\u010di: Do 12 ur.\u00a0 <\/span><\/li>\n<li class=\"tw-data-text tw-text-large tw-ta\" dir=\"ltr\" role=\"text\" data-placeholder=\"Prevod\" data-ved=\"2ahUKEwiz4a6J35GRAxVIRPEDHUzDMB4Q3ewLegQICRAV\" aria-label=\"Prevedeno besedilo: Svetlobni tok SVETLOBNA LU\u010c: 225 lm. Svetlobni tok SNOP: 115 lm. \u010cas delovanja SVETLOBNA LU\u010c: Do 6 ur. \u010cas delovanja SVETLOBNA LU\u010c: Do 12 ur. Zatemnitev: Ne. Tip LED: Do 12 ur. Doseg osvetlitve: Do 200 m. Odpornost na udarce: 1,0 m. Dimenzije: \u00f8 57,2 x 114 mm. Te\u017ea: 318 g. Baterije: 2x Li-Ion 18550, 3,7 V \/ 3200 mAh. Prenosna baterija: Da. \u010cas polnjenja: 6 ur. Zna\u010dilnosti izdelka: Dva svetlobna vira: snop in svetilka. Vgrajen polnilni kabel USB in indikator napolnjenosti baterije. Magnetno podno\u017eje. S teleskopsko zasnovo: iztegljiva svetilka. Vgradni kavlji.\"><span class=\"Y2IQFc\" lang=\"sl\">Doseg osvetlitve: Do 200 m. <\/span><\/li>\n<li class=\"tw-data-text tw-text-large tw-ta\" dir=\"ltr\" role=\"text\" data-placeholder=\"Prevod\" data-ved=\"2ahUKEwiz4a6J35GRAxVIRPEDHUzDMB4Q3ewLegQICRAV\" aria-label=\"Prevedeno besedilo: Svetlobni tok SVETLOBNA LU\u010c: 225 lm. Svetlobni tok SNOP: 115 lm. \u010cas delovanja SVETLOBNA LU\u010c: Do 6 ur. \u010cas delovanja SVETLOBNA LU\u010c: Do 12 ur. Zatemnitev: Ne. Tip LED: Do 12 ur. Doseg osvetlitve: Do 200 m. Odpornost na udarce: 1,0 m. Dimenzije: \u00f8 57,2 x 114 mm. Te\u017ea: 318 g. Baterije: 2x Li-Ion 18550, 3,7 V \/ 3200 mAh. Prenosna baterija: Da. \u010cas polnjenja: 6 ur. Zna\u010dilnosti izdelka: Dva svetlobna vira: snop in svetilka. Vgrajen polnilni kabel USB in indikator napolnjenosti baterije. Magnetno podno\u017eje. S teleskopsko zasnovo: iztegljiva svetilka. Vgradni kavlji.\"><span class=\"Y2IQFc\" lang=\"sl\">Dimenzije: \u00f8 57,2 x 114 mm. <\/span><\/li>\n<li class=\"tw-data-text tw-text-large tw-ta\" dir=\"ltr\" role=\"text\" data-placeholder=\"Prevod\" data-ved=\"2ahUKEwiz4a6J35GRAxVIRPEDHUzDMB4Q3ewLegQICRAV\" aria-label=\"Prevedeno besedilo: Svetlobni tok SVETLOBNA LU\u010c: 225 lm. Svetlobni tok SNOP: 115 lm. \u010cas delovanja SVETLOBNA LU\u010c: Do 6 ur. \u010cas delovanja SVETLOBNA LU\u010c: Do 12 ur. Zatemnitev: Ne. Tip LED: Do 12 ur. Doseg osvetlitve: Do 200 m. Odpornost na udarce: 1,0 m. Dimenzije: \u00f8 57,2 x 114 mm. Te\u017ea: 318 g. Baterije: 2x Li-Ion 18550, 3,7 V \/ 3200 mAh. Prenosna baterija: Da. \u010cas polnjenja: 6 ur. Zna\u010dilnosti izdelka: Dva svetlobna vira: snop in svetilka. Vgrajen polnilni kabel USB in indikator napolnjenosti baterije. Magnetno podno\u017eje. S teleskopsko zasnovo: iztegljiva svetilka. Vgradni kavlji.\"><span class=\"Y2IQFc\" lang=\"sl\">Te\u017ea: 318 g. <\/span><\/li>\n<li class=\"tw-data-text tw-text-large tw-ta\" dir=\"ltr\" role=\"text\" data-placeholder=\"Prevod\" data-ved=\"2ahUKEwiz4a6J35GRAxVIRPEDHUzDMB4Q3ewLegQICRAV\" aria-label=\"Prevedeno besedilo: Svetlobni tok SVETLOBNA LU\u010c: 225 lm. Svetlobni tok SNOP: 115 lm. \u010cas delovanja SVETLOBNA LU\u010c: Do 6 ur. \u010cas delovanja SVETLOBNA LU\u010c: Do 12 ur. Zatemnitev: Ne. Tip LED: Do 12 ur. Doseg osvetlitve: Do 200 m. Odpornost na udarce: 1,0 m. Dimenzije: \u00f8 57,2 x 114 mm. Te\u017ea: 318 g. Baterije: 2x Li-Ion 18550, 3,7 V \/ 3200 mAh. Prenosna baterija: Da. \u010cas polnjenja: 6 ur. Zna\u010dilnosti izdelka: Dva svetlobna vira: snop in svetilka. Vgrajen polnilni kabel USB in indikator napolnjenosti baterije. Magnetno podno\u017eje. S teleskopsko zasnovo: iztegljiva svetilka. Vgradni kavlji.\"><span class=\"Y2IQFc\" lang=\"sl\">Baterije: 2x Li-Ion 18550, 3,7 V \/ 3200 mAh. <\/span><\/li>\n<li class=\"tw-data-text tw-text-large tw-ta\" dir=\"ltr\" role=\"text\" data-placeholder=\"Prevod\" data-ved=\"2ahUKEwiz4a6J35GRAxVIRPEDHUzDMB4Q3ewLegQICRAV\" aria-label=\"Prevedeno besedilo: Svetlobni tok SVETLOBNA LU\u010c: 225 lm. Svetlobni tok SNOP: 115 lm. \u010cas delovanja SVETLOBNA LU\u010c: Do 6 ur. \u010cas delovanja SVETLOBNA LU\u010c: Do 12 ur. Zatemnitev: Ne. Tip LED: Do 12 ur. Doseg osvetlitve: Do 200 m. Odpornost na udarce: 1,0 m. Dimenzije: \u00f8 57,2 x 114 mm. Te\u017ea: 318 g. Baterije: 2x Li-Ion 18550, 3,7 V \/ 3200 mAh. Prenosna baterija: Da. \u010cas polnjenja: 6 ur. Zna\u010dilnosti izdelka: Dva svetlobna vira: snop in svetilka. Vgrajen polnilni kabel USB in indikator napolnjenosti baterije. Magnetno podno\u017eje. S teleskopsko zasnovo: iztegljiva svetilka. Vgradni kavlji.\"><span class=\"Y2IQFc\" lang=\"sl\">\u010cas polnjenja: 6 ur. <\/span><\/li>\n<li class=\"tw-data-text tw-text-large tw-ta\" dir=\"ltr\" role=\"text\" data-placeholder=\"Prevod\" data-ved=\"2ahUKEwiz4a6J35GRAxVIRPEDHUzDMB4Q3ewLegQICRAV\" aria-label=\"Prevedeno besedilo: Svetlobni tok SVETLOBNA LU\u010c: 225 lm. Svetlobni tok SNOP: 115 lm. \u010cas delovanja SVETLOBNA LU\u010c: Do 6 ur. \u010cas delovanja SVETLOBNA LU\u010c: Do 12 ur. Zatemnitev: Ne. Tip LED: Do 12 ur. Doseg osvetlitve: Do 200 m. Odpornost na udarce: 1,0 m. Dimenzije: \u00f8 57,2 x 114 mm. Te\u017ea: 318 g. Baterije: 2x Li-Ion 18550, 3,7 V \/ 3200 mAh. Prenosna baterija: Da. \u010cas polnjenja: 6 ur. Zna\u010dilnosti izdelka: Dva svetlobna vira: snop in svetilka. Vgrajen polnilni kabel USB in indikator napolnjenosti baterije. Magnetno podno\u017eje. S teleskopsko zasnovo: iztegljiva svetilka. Vgradni kavlji.\"><span class=\"Y2IQFc\" lang=\"sl\">Zna\u010dilnosti izdelka: Dva svetlobna vira: snop in svetilka. <\/span><\/li>\n<li class=\"tw-data-text tw-text-large tw-ta\" dir=\"ltr\" role=\"text\" data-placeholder=\"Prevod\" data-ved=\"2ahUKEwiz4a6J35GRAxVIRPEDHUzDMB4Q3ewLegQICRAV\" aria-label=\"Prevedeno besedilo: Svetlobni tok SVETLOBNA LU\u010c: 225 lm. Svetlobni tok SNOP: 115 lm. \u010cas delovanja SVETLOBNA LU\u010c: Do 6 ur. \u010cas delovanja SVETLOBNA LU\u010c: Do 12 ur. Zatemnitev: Ne. Tip LED: Do 12 ur. Doseg osvetlitve: Do 200 m. Odpornost na udarce: 1,0 m. Dimenzije: \u00f8 57,2 x 114 mm. Te\u017ea: 318 g. Baterije: 2x Li-Ion 18550, 3,7 V \/ 3200 mAh. Prenosna baterija: Da. \u010cas polnjenja: 6 ur. Zna\u010dilnosti izdelka: Dva svetlobna vira: snop in svetilka. Vgrajen polnilni kabel USB in indikator napolnjenosti baterije. Magnetno podno\u017eje. S teleskopsko zasnovo: iztegljiva svetilka. Vgradni kavlji.\"><span class=\"Y2IQFc\" lang=\"sl\">Vgrajen polnilni kabel USB in indikator napolnjenosti baterije. <\/span><\/li>\n<li class=\"tw-data-text tw-text-large tw-ta\" dir=\"ltr\" role=\"text\" data-placeholder=\"Prevod\" data-ved=\"2ahUKEwiz4a6J35GRAxVIRPEDHUzDMB4Q3ewLegQICRAV\" aria-label=\"Prevedeno besedilo: Svetlobni tok SVETLOBNA LU\u010c: 225 lm. Svetlobni tok SNOP: 115 lm. \u010cas delovanja SVETLOBNA LU\u010c: Do 6 ur. \u010cas delovanja SVETLOBNA LU\u010c: Do 12 ur. Zatemnitev: Ne. Tip LED: Do 12 ur. Doseg osvetlitve: Do 200 m. Odpornost na udarce: 1,0 m. Dimenzije: \u00f8 57,2 x 114 mm. Te\u017ea: 318 g. Baterije: 2x Li-Ion 18550, 3,7 V \/ 3200 mAh. Prenosna baterija: Da. \u010cas polnjenja: 6 ur. Zna\u010dilnosti izdelka: Dva svetlobna vira: snop in svetilka. Vgrajen polnilni kabel USB in indikator napolnjenosti baterije. Magnetno podno\u017eje. S teleskopsko zasnovo: iztegljiva svetilka. Vgradni kavlji.\"><span class=\"Y2IQFc\" lang=\"sl\">Magnetno podno\u017eje. <\/span><\/li>\n<li class=\"tw-data-text tw-text-large tw-ta\" dir=\"ltr\" role=\"text\" data-placeholder=\"Prevod\" data-ved=\"2ahUKEwiz4a6J35GRAxVIRPEDHUzDMB4Q3ewLegQICRAV\" aria-label=\"Prevedeno besedilo: Svetlobni tok SVETLOBNA LU\u010c: 225 lm. Svetlobni tok SNOP: 115 lm. \u010cas delovanja SVETLOBNA LU\u010c: Do 6 ur. \u010cas delovanja SVETLOBNA LU\u010c: Do 12 ur. Zatemnitev: Ne. Tip LED: Do 12 ur. Doseg osvetlitve: Do 200 m. Odpornost na udarce: 1,0 m. Dimenzije: \u00f8 57,2 x 114 mm. Te\u017ea: 318 g. Baterije: 2x Li-Ion 18550, 3,7 V \/ 3200 mAh. Prenosna baterija: Da. \u010cas polnjenja: 6 ur. Zna\u010dilnosti izdelka: Dva svetlobna vira: snop in svetilka. Vgrajen polnilni kabel USB in indikator napolnjenosti baterije. Magnetno podno\u017eje. S teleskopsko zasnovo: iztegljiva svetilka. Vgradni kavlji.\"><span class=\"Y2IQFc\" lang=\"sl\">S teleskopsko zasnovo: iztegljiva svetilka. <\/span><\/li>\n<li class=\"tw-data-text tw-text-large tw-ta\" dir=\"ltr\" role=\"text\" data-placeholder=\"Prevod\" data-ved=\"2ahUKEwiz4a6J35GRAxVIRPEDHUzDMB4Q3ewLegQICRAV\" aria-label=\"Prevedeno besedilo: Svetlobni tok SVETLOBNA LU\u010c: 225 lm. Svetlobni tok SNOP: 115 lm. \u010cas delovanja SVETLOBNA LU\u010c: Do 6 ur. \u010cas delovanja SVETLOBNA LU\u010c: Do 12 ur. Zatemnitev: Ne. Tip LED: Do 12 ur. Doseg osvetlitve: Do 200 m. Odpornost na udarce: 1,0 m. Dimenzije: \u00f8 57,2 x 114 mm. Te\u017ea: 318 g. Baterije: 2x Li-Ion 18550, 3,7 V \/ 3200 mAh. Prenosna baterija: Da. \u010cas polnjenja: 6 ur. Zna\u010dilnosti izdelka: Dva svetlobna vira: snop in svetilka. Vgrajen polnilni kabel USB in indikator napolnjenosti baterije. Magnetno podno\u017eje. S teleskopsko zasnovo: iztegljiva svetilka. Vgradni kavlji.\"><span class=\"Y2IQFc\" lang=\"sl\">Vgradni kavlji.<\/span><\/li>\n<\/ul>\n<p>&nbsp;<\/p>\n","protected":false},"featured_media":63480,"comment_status":"open","ping_status":"closed","template":"","meta":{"om_disable_all_campaigns":false,"_monsterinsights_skip_tracking":false,"_monsterinsights_sitenote_active":false,"_monsterinsights_sitenote_note":"","_monsterinsights_sitenote_category":0},"product_cat":[761,1046],"product_tag":[560,1018],"class_list":["post-63478","product","type-product","status-publish","has-post-thumbnail","hentry","product_cat-cat-delovna-oblacila","product_cat-delovne-luci-cat","product_tag-cat","product_tag-workwear"],"bundled_by":[],"bundle_stock_status":"instock","bundle_stock_quantity":null,"bundle_virtual":false,"bundle_layout":"","bundle_add_to_cart_form_location":"","bundle_editable_in_cart":false,"bundle_sold_individually_context":"","bundle_item_grouping":"","bundle_min_size":"","bundle_max_size":"","bundled_items":[],"bundle_sell_ids":[],"aioseo_notices":[],"_links":{"self":[{"href":"https:\/\/www.polzela.com\/si\/wp-json\/wp\/v2\/product\/63478","targetHints":{"allow":["GET"]}}],"collection":[{"href":"https:\/\/www.polzela.com\/si\/wp-json\/wp\/v2\/product"}],"about":[{"href":"https:\/\/www.polzela.com\/si\/wp-json\/wp\/v2\/types\/product"}],"replies":[{"embeddable":true,"href":"https:\/\/www.polzela.com\/si\/wp-json\/wp\/v2\/comments?post=63478"}],"wp:featuredmedia":[{"embeddable":true,"href":"https:\/\/www.polzela.com\/si\/wp-json\/wp\/v2\/media\/63480"}],"wp:attachment":[{"href":"https:\/\/www.polzela.com\/si\/wp-json\/wp\/v2\/media?parent=63478"}],"wp:term":[{"taxonomy":"product_cat","embeddable":true,"href":"https:\/\/www.polzela.com\/si\/wp-json\/wp\/v2\/product_cat?post=63478"},{"taxonomy":"product_tag","embeddable":true,"href":"https:\/\/www.polzela.com\/si\/wp-json\/wp\/v2\/product_tag?post=63478"}],"curies":[{"name":"wp","href":"https:\/\/api.w.org\/{rel}","templated":true}]}}