{"id":63458,"date":"2025-11-27T12:48:55","date_gmt":"2025-11-27T11:48:55","guid":{"rendered":"https:\/\/www.polzela.com\/si\/?post_type=product&#038;p=63458"},"modified":"2025-11-27T13:16:11","modified_gmt":"2025-11-27T12:16:11","slug":"cat-svetilka-ct51108","status":"publish","type":"product","link":"https:\/\/www.polzela.com\/si\/product\/cat-svetilka-ct51108\/","title":{"rendered":"CAT svetilka CT51108"},"content":{"rendered":"","protected":false},"excerpt":{"rendered":"<p><strong>Opis:<\/strong><br \/>\nCaterpillar\u00a0<strong>\u017eepna svetilka<\/strong>\u00a0je va\u0161 vsakdanji pripomo\u010dek za bolj\u0161o osvetlitev. Ker je manj\u0161a, jo lahko pospravite tudi\u00a0<strong>v\u00a0svoj \u017eep<\/strong>. Sveti s\u00a0svetilnostjo 250\u00a0ali 120\u00a0lumnov. Po zasnovi je kompaktna in\u00a0<strong>odporna na udarce<\/strong>. Svetilka oddaja svetlobo v\u00a0obliki kroga, ki \u0161iroko osvetljuje prostor pred\u00a0vami.<\/p>\n<h4>Enostavna prenosljivost in pritrjevanje<\/h4>\n<p>Delovna svetilka je narejena\u00a0<strong>prena\u0161anje in pritrditev na razli\u010dne podlage<\/strong>. Na \u017eelezne podlage jo lahko pritrdite zahvaljujo\u010d\u00a0<strong>magnetu<\/strong>, ki ji je vgrajen, lahko pa jo zataknete za pas ali \u017eep, saj ima na zadnji strani pritrjeno tudi\u00a0<strong>priro\u010dno zaponko<\/strong>.<\/p>\n<h3 class=\"pnl pnl--default con-left h3\">Tehni\u010dne podrobnosti<\/h3>\n<table class=\"tbl tbl--condensed\">\n<tbody>\n<tr>\n<td>Svetilnost<\/td>\n<td><b>250\u00a0in 120\u00a0lumnov<\/b><\/td>\n<\/tr>\n<tr>\n<td>Baterija<\/td>\n<td><b>3\u00a0x AAA (prilo\u017eene)<\/b><\/td>\n<\/tr>\n<tr>\n<td>\u010cas delovanja<\/td>\n<td><b>od 3\u00a0do 5,5\u00a0h<\/b><\/td>\n<\/tr>\n<tr>\n<td>Polnjenje<\/td>\n<td><b>ne<\/b><\/td>\n<\/tr>\n<tr>\n<td>Te\u017ea<\/td>\n<td><b>0,5\u00a0kg<\/b><\/td>\n<\/tr>\n<\/tbody>\n<\/table>\n","protected":false},"featured_media":63462,"comment_status":"open","ping_status":"closed","template":"","meta":{"om_disable_all_campaigns":false,"_monsterinsights_skip_tracking":false,"_monsterinsights_sitenote_active":false,"_monsterinsights_sitenote_note":"","_monsterinsights_sitenote_category":0},"product_cat":[761,1046],"product_tag":[560,1018],"class_list":["post-63458","product","type-product","status-publish","has-post-thumbnail","hentry","product_cat-cat-delovna-oblacila","product_cat-delovne-luci-cat","product_tag-cat","product_tag-workwear"],"bundled_by":[],"bundle_stock_status":"instock","bundle_stock_quantity":null,"bundle_virtual":false,"bundle_layout":"","bundle_add_to_cart_form_location":"","bundle_editable_in_cart":false,"bundle_sold_individually_context":"","bundle_item_grouping":"","bundle_min_size":"","bundle_max_size":"","bundled_items":[],"bundle_sell_ids":[],"aioseo_notices":[],"_links":{"self":[{"href":"https:\/\/www.polzela.com\/si\/wp-json\/wp\/v2\/product\/63458","targetHints":{"allow":["GET"]}}],"collection":[{"href":"https:\/\/www.polzela.com\/si\/wp-json\/wp\/v2\/product"}],"about":[{"href":"https:\/\/www.polzela.com\/si\/wp-json\/wp\/v2\/types\/product"}],"replies":[{"embeddable":true,"href":"https:\/\/www.polzela.com\/si\/wp-json\/wp\/v2\/comments?post=63458"}],"wp:featuredmedia":[{"embeddable":true,"href":"https:\/\/www.polzela.com\/si\/wp-json\/wp\/v2\/media\/63462"}],"wp:attachment":[{"href":"https:\/\/www.polzela.com\/si\/wp-json\/wp\/v2\/media?parent=63458"}],"wp:term":[{"taxonomy":"product_cat","embeddable":true,"href":"https:\/\/www.polzela.com\/si\/wp-json\/wp\/v2\/product_cat?post=63458"},{"taxonomy":"product_tag","embeddable":true,"href":"https:\/\/www.polzela.com\/si\/wp-json\/wp\/v2\/product_tag?post=63458"}],"curies":[{"name":"wp","href":"https:\/\/api.w.org\/{rel}","templated":true}]}}