{"id":63447,"date":"2025-11-27T11:44:59","date_gmt":"2025-11-27T10:44:59","guid":{"rendered":"https:\/\/www.polzela.com\/si\/?post_type=product&#038;p=63447"},"modified":"2026-01-16T16:50:30","modified_gmt":"2026-01-16T15:50:30","slug":"cat-moska-majica-z-dolgimi-rokavi-art-1510034","status":"publish","type":"product","link":"https:\/\/www.polzela.com\/si\/product\/cat-moska-majica-z-dolgimi-rokavi-art-1510034\/","title":{"rendered":"CAT mo\u0161ka majica z dolgimi rokavi art. 1510034"},"content":{"rendered":"<p>Klasi\u010dna majica z \u017eepom na levi strani prsnega ko\u0161a in izvezenim logotipom Caterpillar na etiketi. Mehka tkanina udovolj udobna in trpe\u017ena za delo ali vsakodnevno no\u0161enje. Ovratnik brez etiket Levi prsni \u017eep z logotipom<\/p>\n<p><strong>Lastnosti:<\/strong><\/p>\n<ul>\n<li>Material: 100 % bomba\u017e<\/li>\n<li>Ovratnik brez etiket<\/li>\n<\/ul>\n","protected":false},"excerpt":{"rendered":"<p><strong>Opis izdelka<\/strong><\/p>\n<p id=\"tw-target-text\" class=\"tw-data-text tw-text-large tw-ta\" dir=\"ltr\" role=\"text\" data-placeholder=\"Prevod\" data-ved=\"2ahUKEwiz4a6J35GRAxVIRPEDHUzDMB4Q3ewLegQICRAV\" aria-label=\"Prevedeno besedilo: Ikoni\u010dna delovna srajca z dolgimi rokavi. Zlahka prepoznavna po logotipu blagovne znamke CAT\u00ae na prsih in celotnem logotipu blagovne znamke CATERPILLAR\u00ae vzdol\u017e rokava. Ta vrhunska srajca jim sporo\u010da, da delate tako kot mi. LASTNOSTI: \u2022 Rebrast ovratnik in man\u0161ete iz elastana za ohranjanje oblike \u2022 Grafika logotipa na levi strani prsi in desnem rokavu \u2022 Ovratnik iz rumenega d\u017eersija z motivom ma\u010dke \u2022 Ovratnik brez etikete za udobje\"><span class=\"Y2IQFc\" lang=\"sl\">Ikoni\u010dna delovna srajca z dolgimi rokavi. Zlahka prepoznavna po logotipu blagovne znamke CAT\u00ae na prsih in celotnem logotipu blagovne znamke CATERPILLAR\u00ae vzdol\u017e rokava.\u00a0<\/span><\/p>\n<p class=\"tw-data-text tw-text-large tw-ta\" dir=\"ltr\" role=\"text\" data-placeholder=\"Prevod\" data-ved=\"2ahUKEwiz4a6J35GRAxVIRPEDHUzDMB4Q3ewLegQICRAV\" aria-label=\"Prevedeno besedilo: Ikoni\u010dna delovna srajca z dolgimi rokavi. Zlahka prepoznavna po logotipu blagovne znamke CAT\u00ae na prsih in celotnem logotipu blagovne znamke CATERPILLAR\u00ae vzdol\u017e rokava. Ta vrhunska srajca jim sporo\u010da, da delate tako kot mi. LASTNOSTI: \u2022 Rebrast ovratnik in man\u0161ete iz elastana za ohranjanje oblike \u2022 Grafika logotipa na levi strani prsi in desnem rokavu \u2022 Ovratnik iz rumenega d\u017eersija z motivom ma\u010dke \u2022 Ovratnik brez etikete za udobje\"><span class=\"Y2IQFc\" lang=\"sl\">\u2022 Rebrast ovratnik in man\u0161ete iz elastana za ohranjanje oblike<\/span><\/p>\n<p class=\"tw-data-text tw-text-large tw-ta\" dir=\"ltr\" role=\"text\" data-placeholder=\"Prevod\" data-ved=\"2ahUKEwiz4a6J35GRAxVIRPEDHUzDMB4Q3ewLegQICRAV\" aria-label=\"Prevedeno besedilo: Ikoni\u010dna delovna srajca z dolgimi rokavi. Zlahka prepoznavna po logotipu blagovne znamke CAT\u00ae na prsih in celotnem logotipu blagovne znamke CATERPILLAR\u00ae vzdol\u017e rokava. Ta vrhunska srajca jim sporo\u010da, da delate tako kot mi. LASTNOSTI: \u2022 Rebrast ovratnik in man\u0161ete iz elastana za ohranjanje oblike \u2022 Grafika logotipa na levi strani prsi in desnem rokavu \u2022 Ovratnik iz rumenega d\u017eersija z motivom ma\u010dke \u2022 Ovratnik brez etikete za udobje\"><span class=\"Y2IQFc\" lang=\"sl\">\u2022 Grafika logotipa na levi strani prsi in desnem rokavu\u00a0<\/span><\/p>\n<ul>\n<li>Material: 100 % bomba\u017e<\/li>\n<li>Ovratnik brez etiket<\/li>\n<\/ul>\n","protected":false},"featured_media":63451,"comment_status":"open","ping_status":"closed","template":"","meta":{"om_disable_all_campaigns":false,"_monsterinsights_skip_tracking":false,"_monsterinsights_sitenote_active":false,"_monsterinsights_sitenote_note":"","_monsterinsights_sitenote_category":0},"product_cat":[761,1041,38,977],"product_tag":[560,1018],"class_list":["post-63447","product","type-product","status-publish","has-post-thumbnail","hentry","product_cat-cat-delovna-oblacila","product_cat-delovne-majice-in-srajce","product_cat-moski","product_cat-cat-oblacila","product_tag-cat","product_tag-workwear"],"bundled_by":[],"bundle_stock_status":"outofstock","bundle_stock_quantity":null,"bundle_virtual":false,"bundle_layout":"","bundle_add_to_cart_form_location":"","bundle_editable_in_cart":false,"bundle_sold_individually_context":"","bundle_item_grouping":"","bundle_min_size":"","bundle_max_size":"","bundled_items":[],"bundle_sell_ids":[],"aioseo_notices":[],"_links":{"self":[{"href":"https:\/\/www.polzela.com\/si\/wp-json\/wp\/v2\/product\/63447","targetHints":{"allow":["GET"]}}],"collection":[{"href":"https:\/\/www.polzela.com\/si\/wp-json\/wp\/v2\/product"}],"about":[{"href":"https:\/\/www.polzela.com\/si\/wp-json\/wp\/v2\/types\/product"}],"replies":[{"embeddable":true,"href":"https:\/\/www.polzela.com\/si\/wp-json\/wp\/v2\/comments?post=63447"}],"wp:featuredmedia":[{"embeddable":true,"href":"https:\/\/www.polzela.com\/si\/wp-json\/wp\/v2\/media\/63451"}],"wp:attachment":[{"href":"https:\/\/www.polzela.com\/si\/wp-json\/wp\/v2\/media?parent=63447"}],"wp:term":[{"taxonomy":"product_cat","embeddable":true,"href":"https:\/\/www.polzela.com\/si\/wp-json\/wp\/v2\/product_cat?post=63447"},{"taxonomy":"product_tag","embeddable":true,"href":"https:\/\/www.polzela.com\/si\/wp-json\/wp\/v2\/product_tag?post=63447"}],"curies":[{"name":"wp","href":"https:\/\/api.w.org\/{rel}","templated":true}]}}