{"id":63436,"date":"2025-11-27T11:30:25","date_gmt":"2025-11-27T10:30:25","guid":{"rendered":"https:\/\/www.polzela.com\/si\/?post_type=product&#038;p=63436"},"modified":"2025-12-01T00:01:57","modified_gmt":"2025-11-30T23:01:57","slug":"cat-moska-majica-s-kratkimi-rokavi-art-1010015","status":"publish","type":"product","link":"https:\/\/www.polzela.com\/si\/product\/cat-moska-majica-s-kratkimi-rokavi-art-1010015\/","title":{"rendered":"CAT mo\u0161ka majica s kratkimi rokavi art. 1010015"},"content":{"rendered":"<p>Klasi\u010dna majica z \u017eepom na levi strani prsnega ko\u0161a in izvezenim logotipom Caterpillar na etiketi. Mehka tkanina udovolj udobna in trpe\u017ena za delo ali vsakodnevno no\u0161enje. Ovratnik brez etiket Levi prsni \u017eep z logotipom<\/p>\n<p><strong>Lastnosti:<\/strong><\/p>\n<ul>\n<li>Material: 100 % bomba\u017e<\/li>\n<li>Ovratnik brez etiket<\/li>\n<\/ul>\n","protected":false},"excerpt":{"rendered":"<p><strong>Opis izdelka<\/strong><\/p>\n<p class=\"tw-data-text tw-text-large tw-ta\" dir=\"ltr\" role=\"text\" data-placeholder=\"Prevod\" data-ved=\"2ahUKEwiz4a6J35GRAxVIRPEDHUzDMB4Q3ewLegQICRAV\" aria-label=\"Prevedeno besedilo: Majica z logotipom blagovne znamke samozavestno vodi s svojo visoko gostoto grafike na sredini prsi. Izdelana iz robustnega 5,9-oz obro\u010dasto predenega bomba\u017enega d\u017eersija, ta majica zagotavlja zanesljivo udobje, hkrati pa ohranja svoj videz tudi pri ve\u010dkratnem no\u0161enju in pranju. Kakovostna izdelava se ka\u017ee v vsaki podrobnosti. Obro\u010dasto predeni bomba\u017e zagotavlja mehak ob\u010dutek na ko\u017ei, hkrati pa zagotavlja vzdr\u017eljivost, potrebno za delo in vsakodnevno no\u0161enje. Ovratnik brez etikete odpravlja dra\u017eenje in vam zagotavlja udobje ves dan. Obi\u010dajen kroj zagotavlja prostor za naravno gibanje brez odve\u010dnega materiala, zaradi \u010desar je idealna za no\u0161enje v plasteh ali samostojno no\u0161enje. Ne glede na to, ali ste v slu\u017ebi ali na poti, ta majica ohranja svojo obliko in profesionalen videz iz no\u0161enja v no\u0161enje. Preprosta, a hkrati namenska, ta majica blesti, ko \u017eelite zdru\u017eiti nezamenljivo identiteto Cat z zanesljivo zmogljivostjo. Zasnovana je kot tista majica, ki je videti tako dobro, kot se tudi po\u010duti, podprta s konstrukcijo, ki jo redno vrti.\">Klasi\u010dna majica z \u017eepom na levi strani prsnega ko\u0161a in izvezenim logotipom Caterpillar na etiketi. Mehka tkanina udovolj udobna in trpe\u017ena za delo ali vsakodnevno no\u0161enje. Ovratnik brez etiket Levi prsni \u017eep z logotipom<\/p>\n<p><strong>Lastnosti:<\/strong><\/p>\n<ul>\n<li>Material: 100 % bomba\u017e<\/li>\n<li>Ovratnik brez etiket<\/li>\n<\/ul>\n","protected":false},"featured_media":63444,"comment_status":"open","ping_status":"closed","template":"","meta":{"om_disable_all_campaigns":false,"_monsterinsights_skip_tracking":false,"_monsterinsights_sitenote_active":false,"_monsterinsights_sitenote_note":"","_monsterinsights_sitenote_category":0},"product_cat":[761,1041,38,977],"product_tag":[560,1042,553,1018],"class_list":["post-63436","product","type-product","status-publish","has-post-thumbnail","hentry","product_cat-cat-delovna-oblacila","product_cat-delovne-majice-in-srajce","product_cat-moski","product_cat-cat-oblacila","product_tag-cat","product_tag-cat-majice","product_tag-majica","product_tag-workwear"],"bundled_by":[],"bundle_stock_status":"instock","bundle_stock_quantity":null,"bundle_virtual":false,"bundle_layout":"","bundle_add_to_cart_form_location":"","bundle_editable_in_cart":false,"bundle_sold_individually_context":"","bundle_item_grouping":"","bundle_min_size":"","bundle_max_size":"","bundled_items":[],"bundle_sell_ids":[],"aioseo_notices":[],"_links":{"self":[{"href":"https:\/\/www.polzela.com\/si\/wp-json\/wp\/v2\/product\/63436","targetHints":{"allow":["GET"]}}],"collection":[{"href":"https:\/\/www.polzela.com\/si\/wp-json\/wp\/v2\/product"}],"about":[{"href":"https:\/\/www.polzela.com\/si\/wp-json\/wp\/v2\/types\/product"}],"replies":[{"embeddable":true,"href":"https:\/\/www.polzela.com\/si\/wp-json\/wp\/v2\/comments?post=63436"}],"wp:featuredmedia":[{"embeddable":true,"href":"https:\/\/www.polzela.com\/si\/wp-json\/wp\/v2\/media\/63444"}],"wp:attachment":[{"href":"https:\/\/www.polzela.com\/si\/wp-json\/wp\/v2\/media?parent=63436"}],"wp:term":[{"taxonomy":"product_cat","embeddable":true,"href":"https:\/\/www.polzela.com\/si\/wp-json\/wp\/v2\/product_cat?post=63436"},{"taxonomy":"product_tag","embeddable":true,"href":"https:\/\/www.polzela.com\/si\/wp-json\/wp\/v2\/product_tag?post=63436"}],"curies":[{"name":"wp","href":"https:\/\/api.w.org\/{rel}","templated":true}]}}