{"id":63407,"date":"2025-11-27T10:00:50","date_gmt":"2025-11-27T09:00:50","guid":{"rendered":"https:\/\/www.polzela.com\/si\/?post_type=product&#038;p=63407"},"modified":"2026-03-11T21:53:52","modified_gmt":"2026-03-11T20:53:52","slug":"cat-moska-jopa-w10840","status":"publish","type":"product","link":"https:\/\/www.polzela.com\/si\/product\/cat-moska-jopa-w10840\/","title":{"rendered":"CAT mo\u0161ka jopa W10840"},"content":{"rendered":"<div class=\"flex max-w-full flex-col flex-grow\">\n<div class=\"min-h-8 text-message flex w-full flex-col items-end gap-2 whitespace-normal break-words [.text-message+&amp;]:mt-5\" dir=\"auto\" data-message-author-role=\"assistant\" data-message-id=\"263eabcf-d440-42f8-8b09-afe627bd03e0\" data-message-model-slug=\"gpt-4o\">\n<div class=\"flex w-full flex-col gap-1 empty:hidden first:pt-[3px]\">\n<div class=\"markdown prose w-full break-words dark:prose-invert light\">\n<p id=\"tw-target-text\" class=\"tw-data-text tw-text-large tw-ta\" dir=\"ltr\" role=\"text\" data-placeholder=\"Prevod\" data-ved=\"2ahUKEwiz4a6J35GRAxVIRPEDHUzDMB4Q3ewLegQICRAV\" aria-label=\"Prevedeno besedilo: Izdelava iz flisa z mo\u010dno puloversko tkanino\nPopolno odpiranje z zadrgo spredaj\n3-delna nastavljiva kapuca z upravljanjem vrvic S3\u2122\nDolgi rokavi z rebrastimi man\u0161etami\nRebrasto pleten spodnji pas\nSprednji \u017eepi za gretje rok\nGrafi\u010dni potisk logotipa na levi strani prsnega ko\u0161a\nPotisk z logotipom na desnem rokavu uporabnika\nRegularni kroj\nEnobarvno: 70 % bomba\u017e, 30 % poliester\"><span class=\"Y2IQFc\" lang=\"sl\">Izdelava iz flisa z mo\u010dno puloversko tkanino Popolno odpiranje z zadrgo spredaj 3-delna nastavljiva kapuca z upravljanjem vrvic S3\u2122 Dolgi rokavi z rebrastimi man\u0161etami Rebrasto pleten spodnji pas Sprednji \u017eepi za gretje rok Grafi\u010dni potisk logotipa na levi strani prsnega ko\u0161a Potisk z logotipom na desnem rokavu uporabnika Regularni kroj Enobarvno: 70 % bomba\u017e, 30 % poliester<\/span><\/p>\n<\/div>\n<\/div>\n<\/div>\n<\/div>\n","protected":false},"excerpt":{"rendered":"<p><strong>Opis izdelka<\/strong><\/p>\n<div class=\"flex max-w-full flex-col flex-grow\">\n<div class=\"min-h-8 text-message flex w-full flex-col items-end gap-2 whitespace-normal break-words [.text-message+&amp;]:mt-5\" dir=\"auto\" data-message-author-role=\"assistant\" data-message-id=\"263eabcf-d440-42f8-8b09-afe627bd03e0\" data-message-model-slug=\"gpt-4o\">\n<div class=\"flex w-full flex-col gap-1 empty:hidden first:pt-[3px]\">\n<div class=\"markdown prose w-full break-words dark:prose-invert light\">\n<ul>\n<li id=\"tw-target-text\" class=\"tw-data-text tw-text-large tw-ta\" dir=\"ltr\" role=\"text\" data-placeholder=\"Prevod\" data-ved=\"2ahUKEwiz4a6J35GRAxVIRPEDHUzDMB4Q3ewLegQICRAV\" aria-label=\"Prevedeno besedilo: Izdelava iz flisa z mo\u010dno puloversko tkanino\nPopolno odpiranje z zadrgo spredaj\n3-delna nastavljiva kapuca z upravljanjem vrvic S3\u2122\nDolgi rokavi z rebrastimi man\u0161etami\nRebrasto pleten spodnji pas\nSprednji \u017eepi za gretje rok\nGrafi\u010dni potisk logotipa na levi strani prsnega ko\u0161a\nPotisk z logotipom na desnem rokavu uporabnika\nRegularni kroj\nEnobarvno: 70 % bomba\u017e, 30 % poliester\"><span class=\"Y2IQFc\" lang=\"sl\">Izdelava iz flisa z mo\u010dno tkanino <\/span><\/li>\n<li class=\"tw-data-text tw-text-large tw-ta\" dir=\"ltr\" role=\"text\" data-placeholder=\"Prevod\" data-ved=\"2ahUKEwiz4a6J35GRAxVIRPEDHUzDMB4Q3ewLegQICRAV\" aria-label=\"Prevedeno besedilo: Izdelava iz flisa z mo\u010dno puloversko tkanino\nPopolno odpiranje z zadrgo spredaj\n3-delna nastavljiva kapuca z upravljanjem vrvic S3\u2122\nDolgi rokavi z rebrastimi man\u0161etami\nRebrasto pleten spodnji pas\nSprednji \u017eepi za gretje rok\nGrafi\u010dni potisk logotipa na levi strani prsnega ko\u0161a\nPotisk z logotipom na desnem rokavu uporabnika\nRegularni kroj\nEnobarvno: 70 % bomba\u017e, 30 % poliester\"><span class=\"Y2IQFc\" lang=\"sl\">Popolno odpiranje z zadrgo spredaj <\/span><\/li>\n<li class=\"tw-data-text tw-text-large tw-ta\" dir=\"ltr\" role=\"text\" data-placeholder=\"Prevod\" data-ved=\"2ahUKEwiz4a6J35GRAxVIRPEDHUzDMB4Q3ewLegQICRAV\" aria-label=\"Prevedeno besedilo: Izdelava iz flisa z mo\u010dno puloversko tkanino\nPopolno odpiranje z zadrgo spredaj\n3-delna nastavljiva kapuca z upravljanjem vrvic S3\u2122\nDolgi rokavi z rebrastimi man\u0161etami\nRebrasto pleten spodnji pas\nSprednji \u017eepi za gretje rok\nGrafi\u010dni potisk logotipa na levi strani prsnega ko\u0161a\nPotisk z logotipom na desnem rokavu uporabnika\nRegularni kroj\nEnobarvno: 70 % bomba\u017e, 30 % poliester\"><span class=\"Y2IQFc\" lang=\"sl\">3-delna nastavljiva kapuca <\/span><\/li>\n<li class=\"tw-data-text tw-text-large tw-ta\" dir=\"ltr\" role=\"text\" data-placeholder=\"Prevod\" data-ved=\"2ahUKEwiz4a6J35GRAxVIRPEDHUzDMB4Q3ewLegQICRAV\" aria-label=\"Prevedeno besedilo: Izdelava iz flisa z mo\u010dno puloversko tkanino\nPopolno odpiranje z zadrgo spredaj\n3-delna nastavljiva kapuca z upravljanjem vrvic S3\u2122\nDolgi rokavi z rebrastimi man\u0161etami\nRebrasto pleten spodnji pas\nSprednji \u017eepi za gretje rok\nGrafi\u010dni potisk logotipa na levi strani prsnega ko\u0161a\nPotisk z logotipom na desnem rokavu uporabnika\nRegularni kroj\nEnobarvno: 70 % bomba\u017e, 30 % poliester\"><span class=\"Y2IQFc\" lang=\"sl\">Dolgi rokavi z rebrastimi patenti<\/span><\/li>\n<li class=\"tw-data-text tw-text-large tw-ta\" dir=\"ltr\" role=\"text\" data-placeholder=\"Prevod\" data-ved=\"2ahUKEwiz4a6J35GRAxVIRPEDHUzDMB4Q3ewLegQICRAV\" aria-label=\"Prevedeno besedilo: Izdelava iz flisa z mo\u010dno puloversko tkanino\nPopolno odpiranje z zadrgo spredaj\n3-delna nastavljiva kapuca z upravljanjem vrvic S3\u2122\nDolgi rokavi z rebrastimi man\u0161etami\nRebrasto pleten spodnji pas\nSprednji \u017eepi za gretje rok\nGrafi\u010dni potisk logotipa na levi strani prsnega ko\u0161a\nPotisk z logotipom na desnem rokavu uporabnika\nRegularni kroj\nEnobarvno: 70 % bomba\u017e, 30 % poliester\"><span class=\"Y2IQFc\" lang=\"sl\">Rebrasto pleten spodnji pas <\/span><\/li>\n<li class=\"tw-data-text tw-text-large tw-ta\" dir=\"ltr\" role=\"text\" data-placeholder=\"Prevod\" data-ved=\"2ahUKEwiz4a6J35GRAxVIRPEDHUzDMB4Q3ewLegQICRAV\" aria-label=\"Prevedeno besedilo: Izdelava iz flisa z mo\u010dno puloversko tkanino\nPopolno odpiranje z zadrgo spredaj\n3-delna nastavljiva kapuca z upravljanjem vrvic S3\u2122\nDolgi rokavi z rebrastimi man\u0161etami\nRebrasto pleten spodnji pas\nSprednji \u017eepi za gretje rok\nGrafi\u010dni potisk logotipa na levi strani prsnega ko\u0161a\nPotisk z logotipom na desnem rokavu uporabnika\nRegularni kroj\nEnobarvno: 70 % bomba\u017e, 30 % poliester\"><span class=\"Y2IQFc\" lang=\"sl\">Sprednji \u017eepi za gretje rok <\/span><\/li>\n<li class=\"tw-data-text tw-text-large tw-ta\" dir=\"ltr\" role=\"text\" data-placeholder=\"Prevod\" data-ved=\"2ahUKEwiz4a6J35GRAxVIRPEDHUzDMB4Q3ewLegQICRAV\" aria-label=\"Prevedeno besedilo: Izdelava iz flisa z mo\u010dno puloversko tkanino\nPopolno odpiranje z zadrgo spredaj\n3-delna nastavljiva kapuca z upravljanjem vrvic S3\u2122\nDolgi rokavi z rebrastimi man\u0161etami\nRebrasto pleten spodnji pas\nSprednji \u017eepi za gretje rok\nGrafi\u010dni potisk logotipa na levi strani prsnega ko\u0161a\nPotisk z logotipom na desnem rokavu uporabnika\nRegularni kroj\nEnobarvno: 70 % bomba\u017e, 30 % poliester\"><span class=\"Y2IQFc\" lang=\"sl\">Grafi\u010dni potisk logotipa na levi strani prsnega ko\u0161a <\/span><\/li>\n<li class=\"tw-data-text tw-text-large tw-ta\" dir=\"ltr\" role=\"text\" data-placeholder=\"Prevod\" data-ved=\"2ahUKEwiz4a6J35GRAxVIRPEDHUzDMB4Q3ewLegQICRAV\" aria-label=\"Prevedeno besedilo: Izdelava iz flisa z mo\u010dno puloversko tkanino\nPopolno odpiranje z zadrgo spredaj\n3-delna nastavljiva kapuca z upravljanjem vrvic S3\u2122\nDolgi rokavi z rebrastimi man\u0161etami\nRebrasto pleten spodnji pas\nSprednji \u017eepi za gretje rok\nGrafi\u010dni potisk logotipa na levi strani prsnega ko\u0161a\nPotisk z logotipom na desnem rokavu uporabnika\nRegularni kroj\nEnobarvno: 70 % bomba\u017e, 30 % poliester\"><span class=\"Y2IQFc\" lang=\"sl\">Potisk z logotipom na desnem rokavu uporabnika <\/span><\/li>\n<li class=\"tw-data-text tw-text-large tw-ta\" dir=\"ltr\" role=\"text\" data-placeholder=\"Prevod\" data-ved=\"2ahUKEwiz4a6J35GRAxVIRPEDHUzDMB4Q3ewLegQICRAV\" aria-label=\"Prevedeno besedilo: Izdelava iz flisa z mo\u010dno puloversko tkanino\nPopolno odpiranje z zadrgo spredaj\n3-delna nastavljiva kapuca z upravljanjem vrvic S3\u2122\nDolgi rokavi z rebrastimi man\u0161etami\nRebrasto pleten spodnji pas\nSprednji \u017eepi za gretje rok\nGrafi\u010dni potisk logotipa na levi strani prsnega ko\u0161a\nPotisk z logotipom na desnem rokavu uporabnika\nRegularni kroj\nEnobarvno: 70 % bomba\u017e, 30 % poliester\"><span class=\"Y2IQFc\" lang=\"sl\">Regular kroj<\/span><\/li>\n<li class=\"tw-data-text tw-text-large tw-ta\" dir=\"ltr\" role=\"text\" data-placeholder=\"Prevod\" data-ved=\"2ahUKEwiz4a6J35GRAxVIRPEDHUzDMB4Q3ewLegQICRAV\" aria-label=\"Prevedeno besedilo: Izdelava iz flisa z mo\u010dno puloversko tkanino\nPopolno odpiranje z zadrgo spredaj\n3-delna nastavljiva kapuca z upravljanjem vrvic S3\u2122\nDolgi rokavi z rebrastimi man\u0161etami\nRebrasto pleten spodnji pas\nSprednji \u017eepi za gretje rok\nGrafi\u010dni potisk logotipa na levi strani prsnega ko\u0161a\nPotisk z logotipom na desnem rokavu uporabnika\nRegularni kroj\nEnobarvno: 70 % bomba\u017e, 30 % poliester\"><span class=\"Y2IQFc\" lang=\"sl\"><strong>Sestava<\/strong>: 70 % bomba\u017e, 30 % poliester<\/span><\/li>\n<\/ul>\n<\/div>\n<\/div>\n<\/div>\n<\/div>\n","protected":false},"featured_media":63413,"comment_status":"open","ping_status":"closed","template":"","meta":{"om_disable_all_campaigns":false,"_monsterinsights_skip_tracking":false,"_monsterinsights_sitenote_active":false,"_monsterinsights_sitenote_note":"","_monsterinsights_sitenote_category":0},"product_cat":[761,980,977],"product_tag":[560,1018],"class_list":["post-63407","product","type-product","status-publish","has-post-thumbnail","hentry","product_cat-cat-delovna-oblacila","product_cat-delovne-jakne-in-jope","product_cat-cat-oblacila","product_tag-cat","product_tag-workwear"],"bundled_by":[],"bundle_stock_status":"instock","bundle_stock_quantity":null,"bundle_virtual":false,"bundle_layout":"","bundle_add_to_cart_form_location":"","bundle_editable_in_cart":false,"bundle_sold_individually_context":"","bundle_item_grouping":"","bundle_min_size":"","bundle_max_size":"","bundled_items":[],"bundle_sell_ids":[],"aioseo_notices":[],"_links":{"self":[{"href":"https:\/\/www.polzela.com\/si\/wp-json\/wp\/v2\/product\/63407","targetHints":{"allow":["GET"]}}],"collection":[{"href":"https:\/\/www.polzela.com\/si\/wp-json\/wp\/v2\/product"}],"about":[{"href":"https:\/\/www.polzela.com\/si\/wp-json\/wp\/v2\/types\/product"}],"replies":[{"embeddable":true,"href":"https:\/\/www.polzela.com\/si\/wp-json\/wp\/v2\/comments?post=63407"}],"wp:featuredmedia":[{"embeddable":true,"href":"https:\/\/www.polzela.com\/si\/wp-json\/wp\/v2\/media\/63413"}],"wp:attachment":[{"href":"https:\/\/www.polzela.com\/si\/wp-json\/wp\/v2\/media?parent=63407"}],"wp:term":[{"taxonomy":"product_cat","embeddable":true,"href":"https:\/\/www.polzela.com\/si\/wp-json\/wp\/v2\/product_cat?post=63407"},{"taxonomy":"product_tag","embeddable":true,"href":"https:\/\/www.polzela.com\/si\/wp-json\/wp\/v2\/product_tag?post=63407"}],"curies":[{"name":"wp","href":"https:\/\/api.w.org\/{rel}","templated":true}]}}