{"id":63300,"date":"2025-11-26T21:26:13","date_gmt":"2025-11-26T20:26:13","guid":{"rendered":"https:\/\/www.polzela.com\/si\/?post_type=product&#038;p=63300"},"modified":"2025-11-27T08:50:47","modified_gmt":"2025-11-27T07:50:47","slug":"cat-moski-pulover-s-kapuco-art-w10646-night-camo","status":"publish","type":"product","link":"https:\/\/www.polzela.com\/si\/product\/cat-moski-pulover-s-kapuco-art-w10646-night-camo\/","title":{"rendered":"CAT mo\u0161ki pulover s kapuco art.W10646"},"content":{"rendered":"","protected":false},"excerpt":{"rendered":"<p><strong>Opis izdelka<\/strong><\/p>\n<p id=\"tw-target-text\" class=\"tw-data-text tw-text-large tw-ta\" dir=\"ltr\" data-placeholder=\"Prevod\"><span class=\"Y2IQFc\" lang=\"sl\">CAT pulover z dolgimi rokavi in kapuco. Z velikim izvezenim logotipom CAT spredaj in \u017eepom. Udobna in idealna za no\u0161enje kot delovno obla\u010dilo ali za prosti \u010das.\u00a0<\/span><\/p>\n<p><strong>Sestava: <\/strong>70% bomba\u017e, 30 % poliester<\/p>\n<p>&nbsp;<\/p>\n","protected":false},"featured_media":63309,"comment_status":"open","ping_status":"closed","template":"","meta":{"om_disable_all_campaigns":false,"_monsterinsights_skip_tracking":false,"_monsterinsights_sitenote_active":false,"_monsterinsights_sitenote_note":"","_monsterinsights_sitenote_category":0},"product_cat":[761,980,977],"product_tag":[560,1042,1154],"class_list":["post-63300","product","type-product","status-publish","has-post-thumbnail","hentry","product_cat-cat-delovna-oblacila","product_cat-delovne-jakne-in-jope","product_cat-cat-oblacila","product_tag-cat","product_tag-cat-majice","product_tag-cat40"],"bundled_by":[],"bundle_stock_status":"instock","bundle_stock_quantity":null,"bundle_virtual":false,"bundle_layout":"","bundle_add_to_cart_form_location":"","bundle_editable_in_cart":false,"bundle_sold_individually_context":"","bundle_item_grouping":"","bundle_min_size":"","bundle_max_size":"","bundled_items":[],"bundle_sell_ids":[],"aioseo_notices":[],"_links":{"self":[{"href":"https:\/\/www.polzela.com\/si\/wp-json\/wp\/v2\/product\/63300","targetHints":{"allow":["GET"]}}],"collection":[{"href":"https:\/\/www.polzela.com\/si\/wp-json\/wp\/v2\/product"}],"about":[{"href":"https:\/\/www.polzela.com\/si\/wp-json\/wp\/v2\/types\/product"}],"replies":[{"embeddable":true,"href":"https:\/\/www.polzela.com\/si\/wp-json\/wp\/v2\/comments?post=63300"}],"wp:featuredmedia":[{"embeddable":true,"href":"https:\/\/www.polzela.com\/si\/wp-json\/wp\/v2\/media\/63309"}],"wp:attachment":[{"href":"https:\/\/www.polzela.com\/si\/wp-json\/wp\/v2\/media?parent=63300"}],"wp:term":[{"taxonomy":"product_cat","embeddable":true,"href":"https:\/\/www.polzela.com\/si\/wp-json\/wp\/v2\/product_cat?post=63300"},{"taxonomy":"product_tag","embeddable":true,"href":"https:\/\/www.polzela.com\/si\/wp-json\/wp\/v2\/product_tag?post=63300"}],"curies":[{"name":"wp","href":"https:\/\/api.w.org\/{rel}","templated":true}]}}