{"id":63109,"date":"2025-11-23T19:41:34","date_gmt":"2025-11-23T18:41:34","guid":{"rendered":"https:\/\/www.polzela.com\/si\/?post_type=product&#038;p=63109"},"modified":"2025-11-23T19:46:51","modified_gmt":"2025-11-23T18:46:51","slug":"anita-oblikovalne-hlacke-z-visokim-pasom-art-1440","status":"publish","type":"product","link":"https:\/\/www.polzela.com\/si\/product\/anita-oblikovalne-hlacke-z-visokim-pasom-art-1440\/","title":{"rendered":"Anita oblikovalne hla\u010dke z visokim pasom art. 1440"},"content":{"rendered":"","protected":false},"excerpt":{"rendered":"<p><strong>Opis izdelka<\/strong><\/p>\n<p class=\"tw-data-text tw-text-large tw-ta\" dir=\"ltr\" data-placeholder=\"Prevod\" data-ved=\"2ahUKEwic7eS9xa-CAxUym_0HHaLkAEgQ3ewLegQIBhAQ\">Anita oblikovalne hla\u010dke z visokim pasom so v celoti narejene iz materiala brez \u0161ivov, popolno se prilegajo in ne\u017eno oblikujejo silhueto. Gladki robovi materiala zagotavljajo nevidnost pod oprijetimi obla\u010dili.<\/p>\n<p><strong>Sestava: <\/strong>47% Najlon, 53% Elestan,<\/p>\n<p>&nbsp;<\/p>\n<p><strong>\u010ce artikla ni na zalogi v trgovini, je dobavni rok 14 dni.<\/strong><\/p>\n<p>&nbsp;<\/p>\n","protected":false},"featured_media":63116,"comment_status":"open","ping_status":"closed","template":"","meta":{"om_disable_all_campaigns":false,"_monsterinsights_skip_tracking":false,"_monsterinsights_sitenote_active":false,"_monsterinsights_sitenote_note":"","_monsterinsights_sitenote_category":0},"product_cat":[42,512],"product_tag":[987,547],"class_list":["post-63109","product","type-product","status-publish","has-post-thumbnail","hentry","product_cat-zenske","product_cat-spodnje-perilo-zenske","product_tag-anita","product_tag-hlacke"],"bundled_by":[],"bundle_stock_status":"instock","bundle_stock_quantity":null,"bundle_virtual":false,"bundle_layout":"","bundle_add_to_cart_form_location":"","bundle_editable_in_cart":false,"bundle_sold_individually_context":"","bundle_item_grouping":"","bundle_min_size":"","bundle_max_size":"","bundled_items":[],"bundle_sell_ids":[],"aioseo_notices":[],"_links":{"self":[{"href":"https:\/\/www.polzela.com\/si\/wp-json\/wp\/v2\/product\/63109","targetHints":{"allow":["GET"]}}],"collection":[{"href":"https:\/\/www.polzela.com\/si\/wp-json\/wp\/v2\/product"}],"about":[{"href":"https:\/\/www.polzela.com\/si\/wp-json\/wp\/v2\/types\/product"}],"replies":[{"embeddable":true,"href":"https:\/\/www.polzela.com\/si\/wp-json\/wp\/v2\/comments?post=63109"}],"wp:featuredmedia":[{"embeddable":true,"href":"https:\/\/www.polzela.com\/si\/wp-json\/wp\/v2\/media\/63116"}],"wp:attachment":[{"href":"https:\/\/www.polzela.com\/si\/wp-json\/wp\/v2\/media?parent=63109"}],"wp:term":[{"taxonomy":"product_cat","embeddable":true,"href":"https:\/\/www.polzela.com\/si\/wp-json\/wp\/v2\/product_cat?post=63109"},{"taxonomy":"product_tag","embeddable":true,"href":"https:\/\/www.polzela.com\/si\/wp-json\/wp\/v2\/product_tag?post=63109"}],"curies":[{"name":"wp","href":"https:\/\/api.w.org\/{rel}","templated":true}]}}