{"id":63062,"date":"2025-11-23T19:12:01","date_gmt":"2025-11-23T18:12:01","guid":{"rendered":"https:\/\/www.polzela.com\/si\/?post_type=product&#038;p=63062"},"modified":"2026-02-16T15:36:59","modified_gmt":"2026-02-16T14:36:59","slug":"anita-hlacke-z-visokim-pasom-art-1457","status":"publish","type":"product","link":"https:\/\/www.polzela.com\/si\/product\/anita-hlacke-z-visokim-pasom-art-1457\/","title":{"rendered":"Anita hla\u010dke z visokim pasom art.1457"},"content":{"rendered":"","protected":false},"excerpt":{"rendered":"<p><strong>Opis izdelka<\/strong><\/p>\n<p>Anita hla\u010dke z visokim pasom omogo\u010dajo, da ima\u0161 rezervno perilo vedno in povsod pri roki. Skriti \u017eep omogo\u010da, da hla\u010dke enostavno zlo\u017ei\u0161 v majhen, priro\u010den paketek. Izdelane so iz lahkega funkcionalnega materiala in narejene s postopkom Clean Cut, zato skoraj nimajo \u0161ivov ali elastike in so pod oprijetimi obla\u010dili prakti\u010dno nevidne.<\/p>\n<p><strong>Sestava: <\/strong>60% Najlon, 40 % Elestan<\/p>\n<p>&nbsp;<\/p>\n<p><strong>\u010ce artikla ni na zalogi v trgovini, je dobavni rok 14 dni.<\/strong><\/p>\n<p>&nbsp;<\/p>\n","protected":false},"featured_media":63069,"comment_status":"open","ping_status":"closed","template":"","meta":{"om_disable_all_campaigns":false,"_monsterinsights_skip_tracking":false,"_monsterinsights_sitenote_active":false,"_monsterinsights_sitenote_note":"","_monsterinsights_sitenote_category":0},"product_cat":[42,512],"product_tag":[987,547],"class_list":["post-63062","product","type-product","status-publish","has-post-thumbnail","hentry","product_cat-zenske","product_cat-spodnje-perilo-zenske","product_tag-anita","product_tag-hlacke"],"bundled_by":[],"bundle_stock_status":"instock","bundle_stock_quantity":null,"bundle_virtual":false,"bundle_layout":"","bundle_add_to_cart_form_location":"","bundle_editable_in_cart":false,"bundle_sold_individually_context":"","bundle_item_grouping":"","bundle_min_size":"","bundle_max_size":"","bundled_items":[],"bundle_sell_ids":[],"aioseo_notices":[],"_links":{"self":[{"href":"https:\/\/www.polzela.com\/si\/wp-json\/wp\/v2\/product\/63062","targetHints":{"allow":["GET"]}}],"collection":[{"href":"https:\/\/www.polzela.com\/si\/wp-json\/wp\/v2\/product"}],"about":[{"href":"https:\/\/www.polzela.com\/si\/wp-json\/wp\/v2\/types\/product"}],"replies":[{"embeddable":true,"href":"https:\/\/www.polzela.com\/si\/wp-json\/wp\/v2\/comments?post=63062"}],"wp:featuredmedia":[{"embeddable":true,"href":"https:\/\/www.polzela.com\/si\/wp-json\/wp\/v2\/media\/63069"}],"wp:attachment":[{"href":"https:\/\/www.polzela.com\/si\/wp-json\/wp\/v2\/media?parent=63062"}],"wp:term":[{"taxonomy":"product_cat","embeddable":true,"href":"https:\/\/www.polzela.com\/si\/wp-json\/wp\/v2\/product_cat?post=63062"},{"taxonomy":"product_tag","embeddable":true,"href":"https:\/\/www.polzela.com\/si\/wp-json\/wp\/v2\/product_tag?post=63062"}],"curies":[{"name":"wp","href":"https:\/\/api.w.org\/{rel}","templated":true}]}}