{"id":63035,"date":"2025-11-23T16:32:34","date_gmt":"2025-11-23T15:32:34","guid":{"rendered":"https:\/\/www.polzela.com\/si\/?post_type=product&#038;p=63035"},"modified":"2025-11-23T16:45:18","modified_gmt":"2025-11-23T15:45:18","slug":"anita-hlacke-z-visokim-pasom-art-1366","status":"publish","type":"product","link":"https:\/\/www.polzela.com\/si\/product\/anita-hlacke-z-visokim-pasom-art-1366\/","title":{"rendered":"Anita hla\u010dke z visokim pasom art.1366"},"content":{"rendered":"","protected":false},"excerpt":{"rendered":"<p><strong>Opis izdelka<\/strong><\/p>\n<p>Anita hla\u010dke z visokim pasom in raztegljivim materialom z vzdol\u017enimi \u010drtami po celotni povr\u0161ini obkro\u017ea raztegljiva \u010dipka in prosojen til, medtem ko je zadnji del klasi\u010dno gladek in neprosojen. Sijo\u010d okrasni rob, mehak elasti\u010den pas in raven, ploski izrez pri nogah dopolnjujejo udobno prileganje ter poskrbijo, da so hla\u010dke nevidne pod oprijetimi obla\u010dili.<\/p>\n<p><strong>Sestava: <\/strong>77% najlon, 23% elestan<\/p>\n<p>&nbsp;<\/p>\n<p><strong>\u010ce artikla ni na zalogi v trgovini, je dobavni rok 14 dni.<\/strong><\/p>\n<p>&nbsp;<\/p>\n","protected":false},"featured_media":63039,"comment_status":"open","ping_status":"closed","template":"","meta":{"om_disable_all_campaigns":false,"_monsterinsights_skip_tracking":false,"_monsterinsights_sitenote_active":false,"_monsterinsights_sitenote_note":"","_monsterinsights_sitenote_category":0},"product_cat":[42,512],"product_tag":[987,547],"class_list":["post-63035","product","type-product","status-publish","has-post-thumbnail","hentry","product_cat-zenske","product_cat-spodnje-perilo-zenske","product_tag-anita","product_tag-hlacke"],"bundled_by":[],"bundle_stock_status":"instock","bundle_stock_quantity":null,"bundle_virtual":false,"bundle_layout":"","bundle_add_to_cart_form_location":"","bundle_editable_in_cart":false,"bundle_sold_individually_context":"","bundle_item_grouping":"","bundle_min_size":"","bundle_max_size":"","bundled_items":[],"bundle_sell_ids":[],"aioseo_notices":[],"_links":{"self":[{"href":"https:\/\/www.polzela.com\/si\/wp-json\/wp\/v2\/product\/63035","targetHints":{"allow":["GET"]}}],"collection":[{"href":"https:\/\/www.polzela.com\/si\/wp-json\/wp\/v2\/product"}],"about":[{"href":"https:\/\/www.polzela.com\/si\/wp-json\/wp\/v2\/types\/product"}],"replies":[{"embeddable":true,"href":"https:\/\/www.polzela.com\/si\/wp-json\/wp\/v2\/comments?post=63035"}],"wp:featuredmedia":[{"embeddable":true,"href":"https:\/\/www.polzela.com\/si\/wp-json\/wp\/v2\/media\/63039"}],"wp:attachment":[{"href":"https:\/\/www.polzela.com\/si\/wp-json\/wp\/v2\/media?parent=63035"}],"wp:term":[{"taxonomy":"product_cat","embeddable":true,"href":"https:\/\/www.polzela.com\/si\/wp-json\/wp\/v2\/product_cat?post=63035"},{"taxonomy":"product_tag","embeddable":true,"href":"https:\/\/www.polzela.com\/si\/wp-json\/wp\/v2\/product_tag?post=63035"}],"curies":[{"name":"wp","href":"https:\/\/api.w.org\/{rel}","templated":true}]}}