{"id":62998,"date":"2025-11-23T15:53:30","date_gmt":"2025-11-23T14:53:30","guid":{"rendered":"https:\/\/www.polzela.com\/si\/?post_type=product&#038;p=62998"},"modified":"2025-11-23T16:15:20","modified_gmt":"2025-11-23T15:15:20","slug":"anita-nedrcek-art-5265","status":"publish","type":"product","link":"https:\/\/www.polzela.com\/si\/product\/anita-nedrcek-art-5265\/","title":{"rendered":"Anita nedr\u010dek art. 5265"},"content":{"rendered":"","protected":false},"excerpt":{"rendered":"<p><strong>Opis izdelka<\/strong><\/p>\n<p>Anita nedr\u010dek z \u017eico zdru\u017euje elegantne \u010drte in cvetli\u010dno \u010dipko za \u017eenstven, moderen in \u0161ik videz. Razko\u0161ne \u010drte po celotni spodnji ko\u0161arici se sre\u010dajo z elasti\u010dno cvetli\u010dno \u010dipko v zgornjem delu, podlo\u017eeno s prosojnim tilom. Nizko postavljen mosti\u010dek ter zlato obarvani okrasni obro\u010dki na mosti\u010dku in pri osnovi naramnic ustvarijo lahkoten in eleganten videz. Tridelne ko\u0161arice in popoln okvir zagotavljajo odli\u010dno prileganje in udobno oporo.<\/p>\n<p><strong>Sestava:<\/strong> 77% najlon, 23% elastan<\/p>\n<p><em><strong>\u010ce artikla trenutno ni na zalogi v trgovini, je rok dobave zanj 14 dni.<\/strong><\/em><\/p>\n<p>&nbsp;<\/p>\n<p>&nbsp;<\/p>\n<p>&nbsp;<\/p>\n","protected":false},"featured_media":63019,"comment_status":"open","ping_status":"closed","template":"","meta":{"om_disable_all_campaigns":false,"_monsterinsights_skip_tracking":false,"_monsterinsights_sitenote_active":false,"_monsterinsights_sitenote_note":"","_monsterinsights_sitenote_category":0},"product_cat":[42,512],"product_tag":[987,670],"class_list":["post-62998","product","type-product","status-publish","has-post-thumbnail","hentry","product_cat-zenske","product_cat-spodnje-perilo-zenske","product_tag-anita","product_tag-nedrcek"],"bundled_by":[],"bundle_stock_status":"instock","bundle_stock_quantity":null,"bundle_virtual":false,"bundle_layout":"","bundle_add_to_cart_form_location":"","bundle_editable_in_cart":false,"bundle_sold_individually_context":"","bundle_item_grouping":"","bundle_min_size":"","bundle_max_size":"","bundled_items":[],"bundle_sell_ids":[],"aioseo_notices":[],"_links":{"self":[{"href":"https:\/\/www.polzela.com\/si\/wp-json\/wp\/v2\/product\/62998","targetHints":{"allow":["GET"]}}],"collection":[{"href":"https:\/\/www.polzela.com\/si\/wp-json\/wp\/v2\/product"}],"about":[{"href":"https:\/\/www.polzela.com\/si\/wp-json\/wp\/v2\/types\/product"}],"replies":[{"embeddable":true,"href":"https:\/\/www.polzela.com\/si\/wp-json\/wp\/v2\/comments?post=62998"}],"wp:featuredmedia":[{"embeddable":true,"href":"https:\/\/www.polzela.com\/si\/wp-json\/wp\/v2\/media\/63019"}],"wp:attachment":[{"href":"https:\/\/www.polzela.com\/si\/wp-json\/wp\/v2\/media?parent=62998"}],"wp:term":[{"taxonomy":"product_cat","embeddable":true,"href":"https:\/\/www.polzela.com\/si\/wp-json\/wp\/v2\/product_cat?post=62998"},{"taxonomy":"product_tag","embeddable":true,"href":"https:\/\/www.polzela.com\/si\/wp-json\/wp\/v2\/product_tag?post=62998"}],"curies":[{"name":"wp","href":"https:\/\/api.w.org\/{rel}","templated":true}]}}