{"id":62630,"date":"2025-11-19T22:34:14","date_gmt":"2025-11-19T21:34:14","guid":{"rendered":"https:\/\/www.polzela.com\/si\/?post_type=product&#038;p=62630"},"modified":"2025-11-24T12:54:39","modified_gmt":"2025-11-24T11:54:39","slug":"anita-zenski-body-art-3554","status":"publish","type":"product","link":"https:\/\/www.polzela.com\/si\/product\/anita-zenski-body-art-3554\/","title":{"rendered":"Anita \u017eenski body art. 3554"},"content":{"rendered":"","protected":false},"excerpt":{"rendered":"<p><strong>Opis izdelka<\/strong><\/p>\n<p class=\"tw-data-text tw-text-large tw-ta\" dir=\"ltr\" data-placeholder=\"Prevod\" data-ved=\"2ahUKEwic7eS9xa-CAxUym_0HHaLkAEgQ3ewLegQIBhAQ\">Bodi Essential nudi ob\u010dutek druge ko\u017ee in ne\u017eno oblikuje va\u0161o postavo. Z zra\u010dnimi penastimi ko\u0161aricami, brez\u0161ivno zasnovo in spojenimi robovi ostaja neviden pod obla\u010dili ter zagotavlja udobje skozi cel dan.<\/p>\n<p><strong>Sestava:<\/strong> 47% najlon, 49% elestan, 4% bomba\u017e<\/p>\n<p>&nbsp;<\/p>\n<p><strong>\u010ce artikla ni na zalogi v trgovini, je dobavni rok 14 dni.<\/strong><\/p>\n<p>&nbsp;<\/p>\n","protected":false},"featured_media":62640,"comment_status":"open","ping_status":"closed","template":"","meta":{"om_disable_all_campaigns":false,"_monsterinsights_skip_tracking":false,"_monsterinsights_sitenote_active":false,"_monsterinsights_sitenote_note":"","_monsterinsights_sitenote_category":0},"product_cat":[42,512],"product_tag":[987,546,1282],"class_list":["post-62630","product","type-product","status-publish","has-post-thumbnail","hentry","product_cat-zenske","product_cat-spodnje-perilo-zenske","product_tag-anita","product_tag-bodi","product_tag-body"],"bundled_by":[],"bundle_stock_status":"instock","bundle_stock_quantity":null,"bundle_virtual":false,"bundle_layout":"","bundle_add_to_cart_form_location":"","bundle_editable_in_cart":false,"bundle_sold_individually_context":"","bundle_item_grouping":"","bundle_min_size":"","bundle_max_size":"","bundled_items":[],"bundle_sell_ids":[],"aioseo_notices":[],"_links":{"self":[{"href":"https:\/\/www.polzela.com\/si\/wp-json\/wp\/v2\/product\/62630","targetHints":{"allow":["GET"]}}],"collection":[{"href":"https:\/\/www.polzela.com\/si\/wp-json\/wp\/v2\/product"}],"about":[{"href":"https:\/\/www.polzela.com\/si\/wp-json\/wp\/v2\/types\/product"}],"replies":[{"embeddable":true,"href":"https:\/\/www.polzela.com\/si\/wp-json\/wp\/v2\/comments?post=62630"}],"wp:featuredmedia":[{"embeddable":true,"href":"https:\/\/www.polzela.com\/si\/wp-json\/wp\/v2\/media\/62640"}],"wp:attachment":[{"href":"https:\/\/www.polzela.com\/si\/wp-json\/wp\/v2\/media?parent=62630"}],"wp:term":[{"taxonomy":"product_cat","embeddable":true,"href":"https:\/\/www.polzela.com\/si\/wp-json\/wp\/v2\/product_cat?post=62630"},{"taxonomy":"product_tag","embeddable":true,"href":"https:\/\/www.polzela.com\/si\/wp-json\/wp\/v2\/product_tag?post=62630"}],"curies":[{"name":"wp","href":"https:\/\/api.w.org\/{rel}","templated":true}]}}