{"id":62609,"date":"2025-11-19T22:15:47","date_gmt":"2025-11-19T21:15:47","guid":{"rendered":"https:\/\/www.polzela.com\/si\/?post_type=product&#038;p=62609"},"modified":"2025-11-27T11:30:08","modified_gmt":"2025-11-27T10:30:08","slug":"anita-spodnjice-za-oblikovanje-postave-art-1786","status":"publish","type":"product","link":"https:\/\/www.polzela.com\/si\/product\/anita-spodnjice-za-oblikovanje-postave-art-1786\/","title":{"rendered":"Anita spodnjice za oblikovanje postave art. 1786"},"content":{"rendered":"","protected":false},"excerpt":{"rendered":"<p><strong>Opis izdelka<\/strong><\/p>\n<p class=\"tw-data-text tw-text-large tw-ta\" dir=\"ltr\" data-placeholder=\"Prevod\" data-ved=\"2ahUKEwic7eS9xa-CAxUym_0HHaLkAEgQ3ewLegQIBhAQ\">Beautyshaper je izdelan iz treh funkcionalnih materialov: kompresijskega materiala z masa\u017enimi izboklinami v predelu trebuha in stranskih panelov, zra\u010dne teksturirane tkanine na predelu nog za oporo in oblikovanje ter iz izjemno mehke Clean Cut tkanine v pasu, ki ne ti\u0161\u010di. Vse to skupaj naredi Beautyshaper sodoben nepogre\u0161ljiv kos.<\/p>\n<p><strong>Sestava:<\/strong> 66% najlon, 34% elestan<\/p>\n<p>&nbsp;<\/p>\n<p><strong>\u010ce artikla ni na zalogi v trgovini, je dobavni rok 14 dni.<\/strong><\/p>\n<p>&nbsp;<\/p>\n","protected":false},"featured_media":62617,"comment_status":"open","ping_status":"closed","template":"","meta":{"om_disable_all_campaigns":false,"_monsterinsights_skip_tracking":false,"_monsterinsights_sitenote_active":false,"_monsterinsights_sitenote_note":"","_monsterinsights_sitenote_category":0},"product_cat":[42,512],"product_tag":[987,547],"class_list":["post-62609","product","type-product","status-publish","has-post-thumbnail","hentry","product_cat-zenske","product_cat-spodnje-perilo-zenske","product_tag-anita","product_tag-hlacke"],"bundled_by":[],"bundle_stock_status":"instock","bundle_stock_quantity":null,"bundle_virtual":false,"bundle_layout":"","bundle_add_to_cart_form_location":"","bundle_editable_in_cart":false,"bundle_sold_individually_context":"","bundle_item_grouping":"","bundle_min_size":"","bundle_max_size":"","bundled_items":[],"bundle_sell_ids":[],"aioseo_notices":[],"_links":{"self":[{"href":"https:\/\/www.polzela.com\/si\/wp-json\/wp\/v2\/product\/62609","targetHints":{"allow":["GET"]}}],"collection":[{"href":"https:\/\/www.polzela.com\/si\/wp-json\/wp\/v2\/product"}],"about":[{"href":"https:\/\/www.polzela.com\/si\/wp-json\/wp\/v2\/types\/product"}],"replies":[{"embeddable":true,"href":"https:\/\/www.polzela.com\/si\/wp-json\/wp\/v2\/comments?post=62609"}],"wp:featuredmedia":[{"embeddable":true,"href":"https:\/\/www.polzela.com\/si\/wp-json\/wp\/v2\/media\/62617"}],"wp:attachment":[{"href":"https:\/\/www.polzela.com\/si\/wp-json\/wp\/v2\/media?parent=62609"}],"wp:term":[{"taxonomy":"product_cat","embeddable":true,"href":"https:\/\/www.polzela.com\/si\/wp-json\/wp\/v2\/product_cat?post=62609"},{"taxonomy":"product_tag","embeddable":true,"href":"https:\/\/www.polzela.com\/si\/wp-json\/wp\/v2\/product_tag?post=62609"}],"curies":[{"name":"wp","href":"https:\/\/api.w.org\/{rel}","templated":true}]}}