{"id":62548,"date":"2025-11-19T17:35:26","date_gmt":"2025-11-19T16:35:26","guid":{"rendered":"https:\/\/www.polzela.com\/si\/?post_type=product&#038;p=62548"},"modified":"2025-11-19T17:44:55","modified_gmt":"2025-11-19T16:44:55","slug":"anita-hlacke-z-visokim-pasom-art-1333","status":"publish","type":"product","link":"https:\/\/www.polzela.com\/si\/product\/anita-hlacke-z-visokim-pasom-art-1333\/","title":{"rendered":"Anita hla\u010dke z visokim pasom art. 1333"},"content":{"rendered":"","protected":false},"excerpt":{"rendered":"<p><strong>Opis izdelka<\/strong><\/p>\n<p class=\"tw-data-text tw-text-large tw-ta\" dir=\"ltr\" data-placeholder=\"Prevod\" data-ved=\"2ahUKEwic7eS9xa-CAxUym_0HHaLkAEgQ3ewLegQIBhAQ\"><strong data-start=\"32\" data-end=\"102\">Visokopasne hla\u010dke so videti odli\u010dno in so izjemno udobne.<\/strong><\/p>\n<p class=\"tw-data-text tw-text-large tw-ta\" dir=\"ltr\" data-placeholder=\"Prevod\" data-ved=\"2ahUKEwic7eS9xa-CAxUym_0HHaLkAEgQ3ewLegQIBhAQ\">Mehka, raztegljiva tkanina se popolno prilega, robovi na nogah in v pasu pa so \u0161e posebej ne\u017eni. Ne\u017een lesk, visok izrez ter moderen kontrastni pas naredijo te hla\u010dke idealen par k modr\u010dkom CLAIRE iz spacer materiala. Pod obla\u010dili so skoraj nevidne in prijetno mehke na ko\u017ei.<\/p>\n<p><strong>Sestava: <\/strong>75% najlon, 25% elestan<\/p>\n<p>&nbsp;<\/p>\n<p><strong>\u010ce artikla ni na zalogi v trgovini, je dobavni rok 14 dni.<\/strong><\/p>\n<p>&nbsp;<\/p>\n","protected":false},"featured_media":62552,"comment_status":"open","ping_status":"closed","template":"","meta":{"om_disable_all_campaigns":false,"_monsterinsights_skip_tracking":false,"_monsterinsights_sitenote_active":false,"_monsterinsights_sitenote_note":"","_monsterinsights_sitenote_category":0},"product_cat":[42,512],"product_tag":[987,547],"class_list":["post-62548","product","type-product","status-publish","has-post-thumbnail","hentry","product_cat-zenske","product_cat-spodnje-perilo-zenske","product_tag-anita","product_tag-hlacke"],"bundled_by":[],"bundle_stock_status":"instock","bundle_stock_quantity":null,"bundle_virtual":false,"bundle_layout":"","bundle_add_to_cart_form_location":"","bundle_editable_in_cart":false,"bundle_sold_individually_context":"","bundle_item_grouping":"","bundle_min_size":"","bundle_max_size":"","bundled_items":[],"bundle_sell_ids":[],"aioseo_notices":[],"_links":{"self":[{"href":"https:\/\/www.polzela.com\/si\/wp-json\/wp\/v2\/product\/62548","targetHints":{"allow":["GET"]}}],"collection":[{"href":"https:\/\/www.polzela.com\/si\/wp-json\/wp\/v2\/product"}],"about":[{"href":"https:\/\/www.polzela.com\/si\/wp-json\/wp\/v2\/types\/product"}],"replies":[{"embeddable":true,"href":"https:\/\/www.polzela.com\/si\/wp-json\/wp\/v2\/comments?post=62548"}],"wp:featuredmedia":[{"embeddable":true,"href":"https:\/\/www.polzela.com\/si\/wp-json\/wp\/v2\/media\/62552"}],"wp:attachment":[{"href":"https:\/\/www.polzela.com\/si\/wp-json\/wp\/v2\/media?parent=62548"}],"wp:term":[{"taxonomy":"product_cat","embeddable":true,"href":"https:\/\/www.polzela.com\/si\/wp-json\/wp\/v2\/product_cat?post=62548"},{"taxonomy":"product_tag","embeddable":true,"href":"https:\/\/www.polzela.com\/si\/wp-json\/wp\/v2\/product_tag?post=62548"}],"curies":[{"name":"wp","href":"https:\/\/api.w.org\/{rel}","templated":true}]}}