{"id":62538,"date":"2025-11-19T17:21:57","date_gmt":"2025-11-19T16:21:57","guid":{"rendered":"https:\/\/www.polzela.com\/si\/?post_type=product&#038;p=62538"},"modified":"2026-03-06T08:42:18","modified_gmt":"2026-03-06T07:42:18","slug":"anita-bralette-nedrcek-essential-lace-art-5400-2","status":"publish","type":"product","link":"https:\/\/www.polzela.com\/si\/product\/anita-bralette-nedrcek-essential-lace-art-5400-2\/","title":{"rendered":"Anita bralette nedr\u010dek Essential Lace art.5400"},"content":{"rendered":"","protected":false},"excerpt":{"rendered":"<p><strong>Opis izdelka<\/strong><\/p>\n<p>Spro\u0161\u010deno, naravno, \u017eenstveno: ultra-udoben modr\u010dek brez naramnic zdru\u017euje udobje s superiornim slogom. Ali kot obla\u010dilo za spro\u0161\u010danje pod kimonom ali elegantno perilo pod obleko za zabavo &#8211; nevsiljiv modr\u010dek s cvetli\u010dnim \u010dipkastim videzom, diskretno okra\u0161en z ne\u017enim svilenim trakom, bo zagotovo polep\u0161al vsak dan in oblikoval \u010dudovito postavo. Modelirane ko\u0161arice s snemljivim polnilom kar oddajajo udobje: tanko polnilo iz fino perforiranega pene omogo\u010da ko\u017ei dihanje. In modr\u010dek je \u010dudovito zakrit &#8211; \u0161e posebej pod tesnimi poletnimi vrhnjimi obla\u010dili.<\/p>\n<p><strong>Sestava: <\/strong>61% najlon, 39% elastan \/ ko\u0161arice:\u00a0 100% poliester<\/p>\n<p><strong><img loading=\"lazy\" decoding=\"async\" class=\"alignnone wp-image-36857 size-large\" src=\"https:\/\/www.polzela.com\/si\/wp-content\/uploads\/sites\/2\/2023\/11\/IMG_1264-768x1024.jpeg\" alt=\"\" width=\"640\" height=\"853\" srcset=\"https:\/\/www.polzela.com\/si\/wp-content\/uploads\/sites\/2\/2023\/11\/IMG_1264-768x1024.jpeg 768w, https:\/\/www.polzela.com\/si\/wp-content\/uploads\/sites\/2\/2023\/11\/IMG_1264-225x300.jpeg 225w, https:\/\/www.polzela.com\/si\/wp-content\/uploads\/sites\/2\/2023\/11\/IMG_1264-1152x1536.jpeg 1152w, https:\/\/www.polzela.com\/si\/wp-content\/uploads\/sites\/2\/2023\/11\/IMG_1264-1536x2048.jpeg 1536w, https:\/\/www.polzela.com\/si\/wp-content\/uploads\/sites\/2\/2023\/11\/IMG_1264-570x760.jpeg 570w, https:\/\/www.polzela.com\/si\/wp-content\/uploads\/sites\/2\/2023\/11\/IMG_1264-scaled.jpeg 1920w\" sizes=\"auto, (max-width: 640px) 100vw, 640px\" \/><\/strong><\/p>\n<p><strong>\u010ce artikla ni na zalogi v trgovini, je dobavni rok 14 dni.<\/strong><\/p>\n<p>&nbsp;<\/p>\n","protected":false},"featured_media":62547,"comment_status":"open","ping_status":"closed","template":"","meta":{"om_disable_all_campaigns":false,"_monsterinsights_skip_tracking":false,"_monsterinsights_sitenote_active":false,"_monsterinsights_sitenote_note":"","_monsterinsights_sitenote_category":0},"product_cat":[42,512],"product_tag":[987,670],"class_list":["post-62538","product","type-product","status-publish","has-post-thumbnail","hentry","product_cat-zenske","product_cat-spodnje-perilo-zenske","product_tag-anita","product_tag-nedrcek"],"bundled_by":[],"bundle_stock_status":"instock","bundle_stock_quantity":null,"bundle_virtual":false,"bundle_layout":"","bundle_add_to_cart_form_location":"","bundle_editable_in_cart":false,"bundle_sold_individually_context":"","bundle_item_grouping":"","bundle_min_size":"","bundle_max_size":"","bundled_items":[],"bundle_sell_ids":[],"aioseo_notices":[],"_links":{"self":[{"href":"https:\/\/www.polzela.com\/si\/wp-json\/wp\/v2\/product\/62538","targetHints":{"allow":["GET"]}}],"collection":[{"href":"https:\/\/www.polzela.com\/si\/wp-json\/wp\/v2\/product"}],"about":[{"href":"https:\/\/www.polzela.com\/si\/wp-json\/wp\/v2\/types\/product"}],"replies":[{"embeddable":true,"href":"https:\/\/www.polzela.com\/si\/wp-json\/wp\/v2\/comments?post=62538"}],"wp:featuredmedia":[{"embeddable":true,"href":"https:\/\/www.polzela.com\/si\/wp-json\/wp\/v2\/media\/62547"}],"wp:attachment":[{"href":"https:\/\/www.polzela.com\/si\/wp-json\/wp\/v2\/media?parent=62538"}],"wp:term":[{"taxonomy":"product_cat","embeddable":true,"href":"https:\/\/www.polzela.com\/si\/wp-json\/wp\/v2\/product_cat?post=62538"},{"taxonomy":"product_tag","embeddable":true,"href":"https:\/\/www.polzela.com\/si\/wp-json\/wp\/v2\/product_tag?post=62538"}],"curies":[{"name":"wp","href":"https:\/\/api.w.org\/{rel}","templated":true}]}}