{"id":62414,"date":"2025-11-14T21:46:40","date_gmt":"2025-11-14T20:46:40","guid":{"rendered":"https:\/\/www.polzela.com\/si\/?post_type=product&#038;p=62414"},"modified":"2026-04-29T21:43:22","modified_gmt":"2026-04-29T19:43:22","slug":"m-cetrtinske-delovne-nog-cat-av854x","status":"publish","type":"product","link":"https:\/\/www.polzela.com\/si\/product\/m-cetrtinske-delovne-nog-cat-av854x\/","title":{"rendered":"\u010cetrtinske delovne nogavice CAT AV853, AV854X"},"content":{"rendered":"","protected":false},"excerpt":{"rendered":"<p><strong>Opis izdelka<\/strong><\/p>\n<p>CAT mo\u0161ke delovne nizke nogavice so idealna izbira za vsakodnevno uporabo v zahtevnih pogojih. Izdelane so iz udobne me\u0161anice materialov z visoko vsebnostjo bomba\u017ea in so zasnovane za dolgotrajno no\u0161enje.<\/p>\n<p>Oja\u010dani deli na prstih in peti poskrbijo za dodatno vzdr\u017eljivost tam, kjer je obraba najve\u010dja, nizka vi\u0161ina pa omogo\u010da diskretno in udobno prileganje v vsakem obuvalu.<\/p>\n<p><strong>Oja\u010dani prsti in peta<\/strong><br \/>\nDodatna oja\u010ditev na klju\u010dnih mestih pove\u010da odpornost na obrabo in podalj\u0161a \u017eivljenjsko dobo nogavic.<\/p>\n<p><strong>V kompletu prejmete 3 pare nogavic v univerzalni sivi barvi!<\/strong><\/p>\n<p><strong>Sestava:\u00a0 <\/strong>85 % bomba\u017e, 10 % poliester, 3 % poliamid, 2 % elastan<\/p>\n<p><img loading=\"lazy\" decoding=\"async\" class=\"alignnone size-medium wp-image-10529\" src=\"https:\/\/www.polzela.com\/si\/wp-content\/uploads\/sites\/2\/2020\/11\/Caterpillar_Worwear_Home_Upper_Left_Logo_280x@2x-300x228.jpg\" alt=\"\" width=\"300\" height=\"228\" srcset=\"https:\/\/www.polzela.com\/si\/wp-content\/uploads\/sites\/2\/2020\/11\/Caterpillar_Worwear_Home_Upper_Left_Logo_280x@2x-300x228.jpg 300w, https:\/\/www.polzela.com\/si\/wp-content\/uploads\/sites\/2\/2020\/11\/Caterpillar_Worwear_Home_Upper_Left_Logo_280x@2x.jpg 560w\" sizes=\"auto, (max-width: 300px) 100vw, 300px\" \/><\/p>\n","protected":false},"featured_media":62416,"comment_status":"open","ping_status":"closed","template":"","meta":{"om_disable_all_campaigns":false,"_monsterinsights_skip_tracking":false,"_monsterinsights_sitenote_active":false,"_monsterinsights_sitenote_note":"","_monsterinsights_sitenote_category":0},"product_cat":[1043,977,40,978],"product_tag":[560,768],"class_list":["post-62414","product","type-product","status-publish","has-post-thumbnail","hentry","product_cat-delovne-kape-dodatki-obutev","product_cat-cat-oblacila","product_cat-sport","product_cat-sportne-nogavice","product_tag-cat","product_tag-nogavice"],"bundled_by":[],"bundle_stock_status":"instock","bundle_stock_quantity":null,"bundle_virtual":false,"bundle_layout":"","bundle_add_to_cart_form_location":"","bundle_editable_in_cart":false,"bundle_sold_individually_context":"","bundle_item_grouping":"","bundle_min_size":"","bundle_max_size":"","bundled_items":[],"bundle_sell_ids":[],"aioseo_notices":[],"_links":{"self":[{"href":"https:\/\/www.polzela.com\/si\/wp-json\/wp\/v2\/product\/62414","targetHints":{"allow":["GET"]}}],"collection":[{"href":"https:\/\/www.polzela.com\/si\/wp-json\/wp\/v2\/product"}],"about":[{"href":"https:\/\/www.polzela.com\/si\/wp-json\/wp\/v2\/types\/product"}],"replies":[{"embeddable":true,"href":"https:\/\/www.polzela.com\/si\/wp-json\/wp\/v2\/comments?post=62414"}],"wp:featuredmedia":[{"embeddable":true,"href":"https:\/\/www.polzela.com\/si\/wp-json\/wp\/v2\/media\/62416"}],"wp:attachment":[{"href":"https:\/\/www.polzela.com\/si\/wp-json\/wp\/v2\/media?parent=62414"}],"wp:term":[{"taxonomy":"product_cat","embeddable":true,"href":"https:\/\/www.polzela.com\/si\/wp-json\/wp\/v2\/product_cat?post=62414"},{"taxonomy":"product_tag","embeddable":true,"href":"https:\/\/www.polzela.com\/si\/wp-json\/wp\/v2\/product_tag?post=62414"}],"curies":[{"name":"wp","href":"https:\/\/api.w.org\/{rel}","templated":true}]}}