{"id":62398,"date":"2025-11-14T21:14:17","date_gmt":"2025-11-14T20:14:17","guid":{"rendered":"https:\/\/www.polzela.com\/si\/?post_type=product&#038;p=62398"},"modified":"2026-02-08T15:33:03","modified_gmt":"2026-02-08T14:33:03","slug":"m-tople-spodnje-hlace-cat-bs75","status":"publish","type":"product","link":"https:\/\/www.polzela.com\/si\/product\/m-tople-spodnje-hlace-cat-bs75\/","title":{"rendered":"Tople spodnje hla\u010de CAT BS75"},"content":{"rendered":"<p><strong>Mo\u0161ke delovne hla\u010de iz mo\u010dne elasti\u010dne tkanine za maksimalno udobje in funkcionalnost<\/strong><\/p>\n<p>Te robustne delovne hla\u010de so narejene iz mo\u010dne in elasti\u010dne tkanine, ki se razteza v dveh smereh, kar omogo\u010da svobodno in udobno gibanje tudi med najbolj zahtevnimi nalogami. Z me\u0161anico materialov (60% bomba\u017e, 38% poliester, 2% elastan) zagotavljajo trajnost in odpornost proti obrabi, hkrati pa ohranjajo prijeten ob\u010dutek na ko\u017ei.<\/p>\n<p>Zasnovane z mislijo na funkcionalnost imajo hla\u010de \u0161tevilne priro\u010dne \u017eepe, vklju\u010dno s skritim \u017eepom na stegnu za varno shranjevanje manj\u0161ih predmetov. Raven kroj v predelu kolkov in stegen zagotavlja odli\u010dno prileganje, medtem ko padajo\u010da odprtina golenice omogo\u010da ve\u010dje udobje pri gibanju. Zgibni deli na kolenih in oja\u010dane zanke za pas \u0161e dodatno pove\u010dajo vzdr\u017eljivost in prilagodljivost.<\/p>\n<p><strong>Klju\u010dne lastnosti:<\/strong><\/p>\n<ul>\n<li>Mo\u010dna elasti\u010dna tkanina za trajnost in udobje<\/li>\n<li>Raztezanje v dveh smereh za neovirano gibanje<\/li>\n<li>Skrit \u017eep na stegnu in drugi funkcionalni \u017eepi<\/li>\n<li>Zgibna konstrukcija kolen za bolj\u0161o gibljivost<\/li>\n<li>Oja\u010dane zanke za trden oprijem pasu<\/li>\n<li>Sestava: 60% bomba\u017e \/ 38% poliester \/ 2% elastan<\/li>\n<\/ul>\n<p>U\u017eivajte v udobju in funkcionalnosti teh vsestranskih delovnih hla\u010d, ki so zasnovane za dolgotrajno uporabo v vseh delovnih pogojih!<\/p>\n","protected":false},"excerpt":{"rendered":"<p><strong>Opis izdelka<\/strong><\/p>\n<div class=\"product-tabs__content__slice\">\n<div class=\"product-tabs__content__cms\">\n<p>Cat termo spodnje hla\u010de z odli\u010dnim prileganjem zagotavljajo da bodo tudi najbolj mrzli dnevi topli.<\/p>\n<\/div>\n<\/div>\n","protected":false},"featured_media":62407,"comment_status":"open","ping_status":"closed","template":"","meta":{"om_disable_all_campaigns":false,"_monsterinsights_skip_tracking":false,"_monsterinsights_sitenote_active":false,"_monsterinsights_sitenote_note":"","_monsterinsights_sitenote_category":0},"product_cat":[761,1040,977],"product_tag":[560,622,1018],"class_list":["post-62398","product","type-product","status-publish","has-post-thumbnail","hentry","product_cat-cat-delovna-oblacila","product_cat-delovne-hlace-cat","product_cat-cat-oblacila","product_tag-cat","product_tag-spodnje-perilo","product_tag-workwear"],"bundled_by":[],"bundle_stock_status":"instock","bundle_stock_quantity":null,"bundle_virtual":false,"bundle_layout":"","bundle_add_to_cart_form_location":"","bundle_editable_in_cart":false,"bundle_sold_individually_context":"","bundle_item_grouping":"","bundle_min_size":"","bundle_max_size":"","bundled_items":[],"bundle_sell_ids":[],"aioseo_notices":[],"_links":{"self":[{"href":"https:\/\/www.polzela.com\/si\/wp-json\/wp\/v2\/product\/62398","targetHints":{"allow":["GET"]}}],"collection":[{"href":"https:\/\/www.polzela.com\/si\/wp-json\/wp\/v2\/product"}],"about":[{"href":"https:\/\/www.polzela.com\/si\/wp-json\/wp\/v2\/types\/product"}],"replies":[{"embeddable":true,"href":"https:\/\/www.polzela.com\/si\/wp-json\/wp\/v2\/comments?post=62398"}],"wp:featuredmedia":[{"embeddable":true,"href":"https:\/\/www.polzela.com\/si\/wp-json\/wp\/v2\/media\/62407"}],"wp:attachment":[{"href":"https:\/\/www.polzela.com\/si\/wp-json\/wp\/v2\/media?parent=62398"}],"wp:term":[{"taxonomy":"product_cat","embeddable":true,"href":"https:\/\/www.polzela.com\/si\/wp-json\/wp\/v2\/product_cat?post=62398"},{"taxonomy":"product_tag","embeddable":true,"href":"https:\/\/www.polzela.com\/si\/wp-json\/wp\/v2\/product_tag?post=62398"}],"curies":[{"name":"wp","href":"https:\/\/api.w.org\/{rel}","templated":true}]}}