{"id":62311,"date":"2025-11-13T14:26:19","date_gmt":"2025-11-13T13:26:19","guid":{"rendered":"https:\/\/www.polzela.com\/si\/?post_type=product&#038;p=62311"},"modified":"2026-03-30T08:44:09","modified_gmt":"2026-03-30T06:44:09","slug":"zenski-puli-z-dolgimi-rokavi-mysublyme-art-4315","status":"publish","type":"product","link":"https:\/\/www.polzela.com\/si\/product\/zenski-puli-z-dolgimi-rokavi-mysublyme-art-4315\/","title":{"rendered":"\u017denski puli z dolgimi rokavi MySublyme art.4315"},"content":{"rendered":"","protected":false},"excerpt":{"rendered":"<p><strong>Opis izdelka<\/strong><\/p>\n<p id=\"tw-target-text\" class=\"tw-data-text tw-text-large tw-ta\" dir=\"ltr\" data-placeholder=\"Prevod\" data-ved=\"2ahUKEwjOovfH-rGCAxUMhP0HHTiFB0kQ3ewLegQICBAQ\"><span class=\"Y2IQFc\" lang=\"sl\">\u017denski puli MySublyme z dolgimi rokavi je popoln dodatek va\u0161i garderobi. Ta italijanski izdelek je narejen iz mehkega modala in ka\u0161mirja, ki ponuja ob\u010dutek razko\u0161ja in udobja brez primere. Rebrast vzorec.<\/span><\/p>\n<p><strong>Sestava: <\/strong>90% modal, 10% ka\u0161mir<\/p>\n<p>&nbsp;<\/p>\n","protected":false},"featured_media":62314,"comment_status":"open","ping_status":"closed","template":"","meta":{"om_disable_all_campaigns":false,"_monsterinsights_skip_tracking":false,"_monsterinsights_sitenote_active":false,"_monsterinsights_sitenote_note":"","_monsterinsights_sitenote_category":0},"product_cat":[779,42],"product_tag":[553,1038],"class_list":["post-62311","product","type-product","status-publish","has-post-thumbnail","hentry","product_cat-majice","product_cat-zenske","product_tag-majica","product_tag-mysublyme"],"bundled_by":[],"bundle_stock_status":"instock","bundle_stock_quantity":null,"bundle_virtual":false,"bundle_layout":"","bundle_add_to_cart_form_location":"","bundle_editable_in_cart":false,"bundle_sold_individually_context":"","bundle_item_grouping":"","bundle_min_size":"","bundle_max_size":"","bundled_items":[],"bundle_sell_ids":[],"aioseo_notices":[],"_links":{"self":[{"href":"https:\/\/www.polzela.com\/si\/wp-json\/wp\/v2\/product\/62311","targetHints":{"allow":["GET"]}}],"collection":[{"href":"https:\/\/www.polzela.com\/si\/wp-json\/wp\/v2\/product"}],"about":[{"href":"https:\/\/www.polzela.com\/si\/wp-json\/wp\/v2\/types\/product"}],"replies":[{"embeddable":true,"href":"https:\/\/www.polzela.com\/si\/wp-json\/wp\/v2\/comments?post=62311"}],"wp:featuredmedia":[{"embeddable":true,"href":"https:\/\/www.polzela.com\/si\/wp-json\/wp\/v2\/media\/62314"}],"wp:attachment":[{"href":"https:\/\/www.polzela.com\/si\/wp-json\/wp\/v2\/media?parent=62311"}],"wp:term":[{"taxonomy":"product_cat","embeddable":true,"href":"https:\/\/www.polzela.com\/si\/wp-json\/wp\/v2\/product_cat?post=62311"},{"taxonomy":"product_tag","embeddable":true,"href":"https:\/\/www.polzela.com\/si\/wp-json\/wp\/v2\/product_tag?post=62311"}],"curies":[{"name":"wp","href":"https:\/\/api.w.org\/{rel}","templated":true}]}}