{"id":62054,"date":"2025-11-03T12:24:59","date_gmt":"2025-11-03T11:24:59","guid":{"rendered":"https:\/\/www.polzela.com\/si\/?post_type=product&#038;p=62054"},"modified":"2026-02-15T09:07:01","modified_gmt":"2026-02-15T08:07:01","slug":"anita-nedrcek-art-5859-2","status":"publish","type":"product","link":"https:\/\/www.polzela.com\/si\/product\/anita-nedrcek-art-5859-2\/","title":{"rendered":"Anita nedr\u010dek art.5859"},"content":{"rendered":"","protected":false},"excerpt":{"rendered":"<p><strong>Opis izdelka<\/strong><\/p>\n<p>Podlo\u017een nedr\u010dek Anita z oblikovanimi, mehkimi ko\u0161aricami, ki zagotavlja nevidnost pod obla\u010dili. Nedr\u010dek ima pri strani \u010dipko ter je na sredini je vi\u0161ji zaradi \u010desar lepo zajame prsa. Nedr\u010dek je zelo udoben, saj nima kosti.<\/p>\n<p><strong>Sestava:<\/strong>50% najlon, 30% poliester, 20% elastan \/ Ko\u0161arica: 52% poliuteran, 48% poliester<\/p>\n<p><em><strong>\u010ce artikla trenutno ni na zalogi v trgovini, je rok dobave zanj 14 dni.<\/strong><\/em><\/p>\n<p><img loading=\"lazy\" decoding=\"async\" class=\"alignnone size-medium wp-image-34331\" src=\"https:\/\/www.polzela.com\/si\/wp-content\/uploads\/sites\/2\/2023\/06\/5618-anita-black-2-300x300.jpeg\" alt=\"\" width=\"300\" height=\"300\" srcset=\"https:\/\/www.polzela.com\/si\/wp-content\/uploads\/sites\/2\/2023\/06\/5618-anita-black-2-300x300.jpeg 300w, https:\/\/www.polzela.com\/si\/wp-content\/uploads\/sites\/2\/2023\/06\/5618-anita-black-2-1024x1024.jpeg 1024w, https:\/\/www.polzela.com\/si\/wp-content\/uploads\/sites\/2\/2023\/06\/5618-anita-black-2-150x150.jpeg 150w, https:\/\/www.polzela.com\/si\/wp-content\/uploads\/sites\/2\/2023\/06\/5618-anita-black-2-768x768.jpeg 768w, https:\/\/www.polzela.com\/si\/wp-content\/uploads\/sites\/2\/2023\/06\/5618-anita-black-2-570x570.jpeg 570w, https:\/\/www.polzela.com\/si\/wp-content\/uploads\/sites\/2\/2023\/06\/5618-anita-black-2-100x100.jpeg 100w, https:\/\/www.polzela.com\/si\/wp-content\/uploads\/sites\/2\/2023\/06\/5618-anita-black-2.jpeg 1500w\" sizes=\"auto, (max-width: 300px) 100vw, 300px\" \/> \u00a0<img loading=\"lazy\" decoding=\"async\" class=\"alignnone size-medium wp-image-34332\" src=\"https:\/\/www.polzela.com\/si\/wp-content\/uploads\/sites\/2\/2023\/06\/5618-anita-black-300x300.jpeg\" alt=\"\" width=\"300\" height=\"300\" srcset=\"https:\/\/www.polzela.com\/si\/wp-content\/uploads\/sites\/2\/2023\/06\/5618-anita-black-300x300.jpeg 300w, https:\/\/www.polzela.com\/si\/wp-content\/uploads\/sites\/2\/2023\/06\/5618-anita-black-1024x1024.jpeg 1024w, https:\/\/www.polzela.com\/si\/wp-content\/uploads\/sites\/2\/2023\/06\/5618-anita-black-150x150.jpeg 150w, https:\/\/www.polzela.com\/si\/wp-content\/uploads\/sites\/2\/2023\/06\/5618-anita-black-768x768.jpeg 768w, https:\/\/www.polzela.com\/si\/wp-content\/uploads\/sites\/2\/2023\/06\/5618-anita-black-570x570.jpeg 570w, https:\/\/www.polzela.com\/si\/wp-content\/uploads\/sites\/2\/2023\/06\/5618-anita-black-100x100.jpeg 100w, https:\/\/www.polzela.com\/si\/wp-content\/uploads\/sites\/2\/2023\/06\/5618-anita-black.jpeg 1500w\" sizes=\"auto, (max-width: 300px) 100vw, 300px\" \/><\/p>\n<p>&nbsp;<\/p>\n<p>&nbsp;<\/p>\n","protected":false},"featured_media":36960,"comment_status":"open","ping_status":"closed","template":"","meta":{"om_disable_all_campaigns":false,"_monsterinsights_skip_tracking":false,"_monsterinsights_sitenote_active":false,"_monsterinsights_sitenote_note":"","_monsterinsights_sitenote_category":0},"product_cat":[42,512],"product_tag":[987,670],"class_list":["post-62054","product","type-product","status-publish","has-post-thumbnail","hentry","product_cat-zenske","product_cat-spodnje-perilo-zenske","product_tag-anita","product_tag-nedrcek"],"bundled_by":[],"bundle_stock_status":"instock","bundle_stock_quantity":null,"bundle_virtual":false,"bundle_layout":"","bundle_add_to_cart_form_location":"","bundle_editable_in_cart":false,"bundle_sold_individually_context":"","bundle_item_grouping":"","bundle_min_size":"","bundle_max_size":"","bundled_items":[],"bundle_sell_ids":[],"aioseo_notices":[],"_links":{"self":[{"href":"https:\/\/www.polzela.com\/si\/wp-json\/wp\/v2\/product\/62054","targetHints":{"allow":["GET"]}}],"collection":[{"href":"https:\/\/www.polzela.com\/si\/wp-json\/wp\/v2\/product"}],"about":[{"href":"https:\/\/www.polzela.com\/si\/wp-json\/wp\/v2\/types\/product"}],"replies":[{"embeddable":true,"href":"https:\/\/www.polzela.com\/si\/wp-json\/wp\/v2\/comments?post=62054"}],"wp:featuredmedia":[{"embeddable":true,"href":"https:\/\/www.polzela.com\/si\/wp-json\/wp\/v2\/media\/36960"}],"wp:attachment":[{"href":"https:\/\/www.polzela.com\/si\/wp-json\/wp\/v2\/media?parent=62054"}],"wp:term":[{"taxonomy":"product_cat","embeddable":true,"href":"https:\/\/www.polzela.com\/si\/wp-json\/wp\/v2\/product_cat?post=62054"},{"taxonomy":"product_tag","embeddable":true,"href":"https:\/\/www.polzela.com\/si\/wp-json\/wp\/v2\/product_tag?post=62054"}],"curies":[{"name":"wp","href":"https:\/\/api.w.org\/{rel}","templated":true}]}}