{"id":62034,"date":"2025-11-03T11:48:11","date_gmt":"2025-11-03T10:48:11","guid":{"rendered":"https:\/\/www.polzela.com\/si\/?post_type=product&#038;p=62034"},"modified":"2025-11-24T08:24:38","modified_gmt":"2025-11-24T07:24:38","slug":"anita-nedrcek-art-5618-2","status":"publish","type":"product","link":"https:\/\/www.polzela.com\/si\/product\/anita-nedrcek-art-5618-2\/","title":{"rendered":"Anita nedr\u010dek art.5618"},"content":{"rendered":"","protected":false},"excerpt":{"rendered":"<p><strong>Opis izdelka<\/strong><\/p>\n<p>Podlo\u017een nedr\u010dek Anita z oblikovanimi, mehkimi ko\u0161aricami, ki zagotavlja nevidnost pod obla\u010dili. Nedr\u010dek ima pri strani \u010dipko ter je na sredini je vi\u0161ji zaradi \u010desar lepo zajame prsa. Nedr\u010dek je zelo udoben, saj nima kosti.<\/p>\n<p><strong>Sestava:<\/strong>50% najlon, 30% poliester, 20% elastan \/ Ko\u0161arica: 52% poliuteran, 48% poliester<\/p>\n<p><em><strong>\u010ce artikla trenutno ni na zalogi v trgovini, je rok dobave zanj 14 dni.<\/strong><\/em><\/p>\n<p>&nbsp;<\/p>\n<p>&nbsp;<\/p>\n<p>&nbsp;<\/p>\n","protected":false},"featured_media":55478,"comment_status":"open","ping_status":"closed","template":"","meta":{"om_disable_all_campaigns":false,"_monsterinsights_skip_tracking":false,"_monsterinsights_sitenote_active":false,"_monsterinsights_sitenote_note":"","_monsterinsights_sitenote_category":0},"product_cat":[42,512],"product_tag":[987,670],"class_list":["post-62034","product","type-product","status-publish","has-post-thumbnail","hentry","product_cat-zenske","product_cat-spodnje-perilo-zenske","product_tag-anita","product_tag-nedrcek"],"bundled_by":[],"bundle_stock_status":"instock","bundle_stock_quantity":null,"bundle_virtual":false,"bundle_layout":"","bundle_add_to_cart_form_location":"","bundle_editable_in_cart":false,"bundle_sold_individually_context":"","bundle_item_grouping":"","bundle_min_size":"","bundle_max_size":"","bundled_items":[],"bundle_sell_ids":[],"aioseo_notices":[],"_links":{"self":[{"href":"https:\/\/www.polzela.com\/si\/wp-json\/wp\/v2\/product\/62034","targetHints":{"allow":["GET"]}}],"collection":[{"href":"https:\/\/www.polzela.com\/si\/wp-json\/wp\/v2\/product"}],"about":[{"href":"https:\/\/www.polzela.com\/si\/wp-json\/wp\/v2\/types\/product"}],"replies":[{"embeddable":true,"href":"https:\/\/www.polzela.com\/si\/wp-json\/wp\/v2\/comments?post=62034"}],"wp:featuredmedia":[{"embeddable":true,"href":"https:\/\/www.polzela.com\/si\/wp-json\/wp\/v2\/media\/55478"}],"wp:attachment":[{"href":"https:\/\/www.polzela.com\/si\/wp-json\/wp\/v2\/media?parent=62034"}],"wp:term":[{"taxonomy":"product_cat","embeddable":true,"href":"https:\/\/www.polzela.com\/si\/wp-json\/wp\/v2\/product_cat?post=62034"},{"taxonomy":"product_tag","embeddable":true,"href":"https:\/\/www.polzela.com\/si\/wp-json\/wp\/v2\/product_tag?post=62034"}],"curies":[{"name":"wp","href":"https:\/\/api.w.org\/{rel}","templated":true}]}}