{"id":62009,"date":"2025-11-02T17:40:46","date_gmt":"2025-11-02T16:40:46","guid":{"rendered":"https:\/\/www.polzela.com\/si\/?post_type=product&#038;p=62009"},"modified":"2026-03-03T13:29:28","modified_gmt":"2026-03-03T12:29:28","slug":"sportne-unisex-nogavice-freestyle-art-7016-3","status":"publish","type":"product","link":"https:\/\/www.polzela.com\/si\/product\/sportne-unisex-nogavice-freestyle-art-7016-3\/","title":{"rendered":"\u0160portne unisex nogavice Freestyle art.7016"},"content":{"rendered":"<h2><strong>POLZELA Free style<\/strong><\/h2>\n<p>Unisex \u0161portne 1\/4 nogavice iz \u010desanega bomba\u017ea, so trpe\u017ene in imajo posebne funkcionalne prednosti, ki \u0161\u010ditijo noge na mestih, kjer je izpostavljenost pri \u0161portnih obremenitvah najve\u010dja. Nogavice so izdelane iz finega \u010desanega bomba\u017ea, pletene v rebrasti vezavi. Imajo udoben mehak enojni zaklju\u010dni rob in tanek nemote\u010d \u0161iv v prstih, so elasti\u010dne in mehkega otipa.<\/p>\n<p>Free style je linija kakovostnih nogavic, stopalk, dokolenk in hla\u010dnih nogavic brez stopala-legic. Izdelki so izredno udobni, narejeni s \u010dutom za estetiko. Namenjeni so vsakodnevnim prilo\u017enostim in pre\u017eivljanju prostega \u010dasa tako \u017eenske kot mo\u0161ke populacije, tako mlaj\u0161ih kot starej\u0161ih.<\/p>\n<p>Vsi uporabljeni materiali so zdravju, ko\u017ei in okolju prijazni. Oznaka EKO-TEX 100 kon\u010dnim uporabnikom predstavlja dodatne prednosti preverjene varnosti na ko\u017ei.<\/p>\n","protected":false},"excerpt":{"rendered":"<p>Z nizkimi \u0161portnimi nogavicami <b>Freestyle <\/b>kolekcije se bodo va\u0161e noge po\u010dutile mnogo bolje. Namenjene so za pohodni\u0161tvo, vsakodnevne sprehode in vse vrste \u0161portov.<\/p>\n<p><strong>3 pari v pakiranju!<\/strong><\/p>\n<p><strong>Sestava:<\/strong> 76% \u010desani bomba\u017e 20% poliamid 4% elastan<\/p>\n","protected":false},"featured_media":65950,"comment_status":"open","ping_status":"closed","template":"","meta":{"om_disable_all_campaigns":false,"_monsterinsights_skip_tracking":false,"_monsterinsights_sitenote_active":false,"_monsterinsights_sitenote_note":"","_monsterinsights_sitenote_category":0},"product_cat":[40,978],"product_tag":[747,684,868],"class_list":["post-62009","product","type-product","status-publish","has-post-thumbnail","hentry","product_cat-sport","product_cat-sportne-nogavice","product_tag-cotton","product_tag-sport","product_tag-sport-nogavice"],"bundled_by":[],"bundle_stock_status":"instock","bundle_stock_quantity":null,"bundle_virtual":false,"bundle_layout":"","bundle_add_to_cart_form_location":"","bundle_editable_in_cart":false,"bundle_sold_individually_context":"","bundle_item_grouping":"","bundle_min_size":"","bundle_max_size":"","bundled_items":[],"bundle_sell_ids":[],"aioseo_notices":[],"_links":{"self":[{"href":"https:\/\/www.polzela.com\/si\/wp-json\/wp\/v2\/product\/62009","targetHints":{"allow":["GET"]}}],"collection":[{"href":"https:\/\/www.polzela.com\/si\/wp-json\/wp\/v2\/product"}],"about":[{"href":"https:\/\/www.polzela.com\/si\/wp-json\/wp\/v2\/types\/product"}],"replies":[{"embeddable":true,"href":"https:\/\/www.polzela.com\/si\/wp-json\/wp\/v2\/comments?post=62009"}],"wp:featuredmedia":[{"embeddable":true,"href":"https:\/\/www.polzela.com\/si\/wp-json\/wp\/v2\/media\/65950"}],"wp:attachment":[{"href":"https:\/\/www.polzela.com\/si\/wp-json\/wp\/v2\/media?parent=62009"}],"wp:term":[{"taxonomy":"product_cat","embeddable":true,"href":"https:\/\/www.polzela.com\/si\/wp-json\/wp\/v2\/product_cat?post=62009"},{"taxonomy":"product_tag","embeddable":true,"href":"https:\/\/www.polzela.com\/si\/wp-json\/wp\/v2\/product_tag?post=62009"}],"curies":[{"name":"wp","href":"https:\/\/api.w.org\/{rel}","templated":true}]}}