{"id":61998,"date":"2025-11-02T17:14:39","date_gmt":"2025-11-02T16:14:39","guid":{"rendered":"https:\/\/www.polzela.com\/si\/?post_type=product&#038;p=61998"},"modified":"2026-03-17T13:48:25","modified_gmt":"2026-03-17T12:48:25","slug":"zenske-stopalke-art-4022-3pr","status":"publish","type":"product","link":"https:\/\/www.polzela.com\/si\/product\/zenske-stopalke-art-4022-3pr\/","title":{"rendered":"\u017denske stopalke art. 4022 3pr"},"content":{"rendered":"","protected":false},"excerpt":{"rendered":"<p><strong>Opis izdelka:<\/strong><\/p>\n<p>\u017denske stopalke so idealne za takrat, ko \u017eelite, da se nogavice najmanj opazijo. 3 pari v kompletu.<\/p>\n<p>Nevidne stopalke, zagotavljajo za\u0161\u010dito va\u0161ih stopal.<\/p>\n<p><strong>Sestava: <\/strong>76% \u010desani bomba\u017e, 22% poliamid, 2 % elastan<\/p>\n","protected":false},"featured_media":64283,"comment_status":"open","ping_status":"closed","template":"","meta":{"om_disable_all_campaigns":false,"_monsterinsights_skip_tracking":false,"_monsterinsights_sitenote_active":false,"_monsterinsights_sitenote_note":"","_monsterinsights_sitenote_category":0},"product_cat":[42,373],"product_tag":[747,857,637],"class_list":["post-61998","product","type-product","status-publish","has-post-thumbnail","hentry","product_cat-zenske","product_cat-zenske-nogavice","product_tag-cotton","product_tag-polzela","product_tag-stopalke"],"bundled_by":[],"bundle_stock_status":"instock","bundle_stock_quantity":null,"bundle_virtual":false,"bundle_layout":"","bundle_add_to_cart_form_location":"","bundle_editable_in_cart":false,"bundle_sold_individually_context":"","bundle_item_grouping":"","bundle_min_size":"","bundle_max_size":"","bundled_items":[],"bundle_sell_ids":[],"aioseo_notices":[],"_links":{"self":[{"href":"https:\/\/www.polzela.com\/si\/wp-json\/wp\/v2\/product\/61998","targetHints":{"allow":["GET"]}}],"collection":[{"href":"https:\/\/www.polzela.com\/si\/wp-json\/wp\/v2\/product"}],"about":[{"href":"https:\/\/www.polzela.com\/si\/wp-json\/wp\/v2\/types\/product"}],"replies":[{"embeddable":true,"href":"https:\/\/www.polzela.com\/si\/wp-json\/wp\/v2\/comments?post=61998"}],"wp:featuredmedia":[{"embeddable":true,"href":"https:\/\/www.polzela.com\/si\/wp-json\/wp\/v2\/media\/64283"}],"wp:attachment":[{"href":"https:\/\/www.polzela.com\/si\/wp-json\/wp\/v2\/media?parent=61998"}],"wp:term":[{"taxonomy":"product_cat","embeddable":true,"href":"https:\/\/www.polzela.com\/si\/wp-json\/wp\/v2\/product_cat?post=61998"},{"taxonomy":"product_tag","embeddable":true,"href":"https:\/\/www.polzela.com\/si\/wp-json\/wp\/v2\/product_tag?post=61998"}],"curies":[{"name":"wp","href":"https:\/\/api.w.org\/{rel}","templated":true}]}}