{"id":61995,"date":"2025-11-02T17:05:39","date_gmt":"2025-11-02T16:05:39","guid":{"rendered":"https:\/\/www.polzela.com\/si\/?post_type=product&#038;p=61995"},"modified":"2026-03-30T09:29:49","modified_gmt":"2026-03-30T07:29:49","slug":"moske-nogavice-bamboo-art-0161","status":"publish","type":"product","link":"https:\/\/www.polzela.com\/si\/product\/moske-nogavice-bamboo-art-0161\/","title":{"rendered":"Mo\u0161ke nogavice Bamboo art. 0161"},"content":{"rendered":"<h2><strong>POLZELA Comfort\u00a0<\/strong><\/h2>\n<p>Comfort nogavice so narejene iz naravnih ko\u017ei prijaznih materialov. Va\u0161e ko\u017ee se dotika ne\u017een bomba\u017e. Nogavice so udobne in se lepo prilegajo nogi.<\/p>\n<p>Linija Comfort je linija visoko kakovostnih izdelkov, ki so pleteni iz naravnih ko\u017ei prijaznih materialov. Nogavice poleg osnovne za\u0161\u010dite in prijetnega po\u010dutja nudijo dodatno zdravstveno za\u0161\u010dito, preventivo in udobje. Dodatne funkcionalne lastnosti nogavic dose\u017eemo s posebnimi kombinacijami naravnih materialov in na\u010dini pletenja, ter vsebnostjo dodatnih specialnih materialov. Nogavice Comfort so primerne za udobno pre\u017eivljanje prostega \u010dasa kot tudi za druge prilo\u017enosti.<\/p>\n<p>Vsi uporabljeni materiali so zdravju in ko\u017ei prijazni. Oznaka EKO-TEX 100 kon\u010dnim uporabnikom predstavlja dodatne prednosti preverjene varnosti na ko\u017ei. Izdelki Polzela so okolju prijazni izdelki.<\/p>\n<p>&nbsp;<\/p>\n","protected":false},"excerpt":{"rendered":"<p>Mo\u0161ke visoke nogavice, pletene iz bambusa so prijetno mehke in udobne.<\/p>\n<p>&nbsp;<\/p>\n<p><strong>Sestava:\u00a0<\/strong>80% bambusova vlakna, 15% poliamid, 5% elastan<\/p>\n[caption id=\"attachment_1509\" align=\"alignleft\" width=\"70\"]<img loading=\"lazy\" decoding=\"async\" class=\"size-full wp-image-1509\" src=\"https:\/\/www.polzela.com\/si\/wp-content\/uploads\/sites\/2\/2016\/07\/SOFT-TOUCH-e1471331274468.jpg\" alt=\"SOFT TOUCH\" width=\"70\" height=\"70\" \/> Izjemno mehko[\/caption]\n","protected":false},"featured_media":64282,"comment_status":"open","ping_status":"closed","template":"","meta":{"om_disable_all_campaigns":false,"_monsterinsights_skip_tracking":false,"_monsterinsights_sitenote_active":false,"_monsterinsights_sitenote_note":"","_monsterinsights_sitenote_category":0},"product_cat":[38,531],"product_tag":[747,857],"class_list":["post-61995","product","type-product","status-publish","has-post-thumbnail","hentry","product_cat-moski","product_cat-nogavice-moski","product_tag-cotton","product_tag-polzela"],"bundled_by":[],"bundle_stock_status":"instock","bundle_stock_quantity":null,"bundle_virtual":false,"bundle_layout":"","bundle_add_to_cart_form_location":"","bundle_editable_in_cart":false,"bundle_sold_individually_context":"","bundle_item_grouping":"","bundle_min_size":"","bundle_max_size":"","bundled_items":[],"bundle_sell_ids":[],"aioseo_notices":[],"_links":{"self":[{"href":"https:\/\/www.polzela.com\/si\/wp-json\/wp\/v2\/product\/61995","targetHints":{"allow":["GET"]}}],"collection":[{"href":"https:\/\/www.polzela.com\/si\/wp-json\/wp\/v2\/product"}],"about":[{"href":"https:\/\/www.polzela.com\/si\/wp-json\/wp\/v2\/types\/product"}],"replies":[{"embeddable":true,"href":"https:\/\/www.polzela.com\/si\/wp-json\/wp\/v2\/comments?post=61995"}],"wp:featuredmedia":[{"embeddable":true,"href":"https:\/\/www.polzela.com\/si\/wp-json\/wp\/v2\/media\/64282"}],"wp:attachment":[{"href":"https:\/\/www.polzela.com\/si\/wp-json\/wp\/v2\/media?parent=61995"}],"wp:term":[{"taxonomy":"product_cat","embeddable":true,"href":"https:\/\/www.polzela.com\/si\/wp-json\/wp\/v2\/product_cat?post=61995"},{"taxonomy":"product_tag","embeddable":true,"href":"https:\/\/www.polzela.com\/si\/wp-json\/wp\/v2\/product_tag?post=61995"}],"curies":[{"name":"wp","href":"https:\/\/api.w.org\/{rel}","templated":true}]}}