{"id":61912,"date":"2025-10-30T15:22:32","date_gmt":"2025-10-30T14:22:32","guid":{"rendered":"https:\/\/www.polzela.com\/si\/?post_type=product&#038;p=61912"},"modified":"2026-03-30T13:01:30","modified_gmt":"2026-03-30T11:01:30","slug":"ysabel-mora-beige-soft-enobarvna-pashmina-v-bez-odtenku","status":"publish","type":"product","link":"https:\/\/www.polzela.com\/si\/product\/ysabel-mora-beige-soft-enobarvna-pashmina-v-bez-odtenku\/","title":{"rendered":"Ysabel Mora Beige Soft \u2013 enobarvna pashmina v be\u017e odtenku"},"content":{"rendered":"","protected":false},"excerpt":{"rendered":"<p data-start=\"491\" data-end=\"715\">\u0160al <strong data-start=\"495\" data-end=\"521\">Ysabel Mora Beige Soft<\/strong> je brez\u010dasen modni dodatek, ki zdru\u017euje preprostost, toplino in eleganco. Izdelan iz mehke tkanine z ne\u017eno teksturo, se prijetno ovije okoli vratu in doda pridih prefinjenosti vsakemu videzu.<\/p>\n<p data-start=\"717\" data-end=\"825\">Nevtralni be\u017e ton omogo\u010da enostavno kombiniranje z razli\u010dnimi obla\u010dili in je popolna izbira za hladne dni.<\/p>\n<p data-start=\"827\" data-end=\"843\"><strong data-start=\"827\" data-end=\"841\">Lastnosti:<\/strong><\/p>\n<ul data-start=\"844\" data-end=\"989\">\n<li data-start=\"844\" data-end=\"873\">\n<p data-start=\"846\" data-end=\"873\">Mehka in prijetna tkanina<\/p>\n<\/li>\n<li data-start=\"874\" data-end=\"909\">\n<p data-start=\"876\" data-end=\"909\">Enobarvna zasnova v be\u017e odtenku<\/p>\n<\/li>\n<li data-start=\"910\" data-end=\"943\">\n<p data-start=\"912\" data-end=\"943\">Elegantna in brez\u010dasna izbira<\/p>\n<\/li>\n<li data-start=\"944\" data-end=\"989\">\n<p data-start=\"946\" data-end=\"989\">Popolna za vsakodnevno no\u0161enje ali darilo<\/p>\n<\/li>\n<\/ul>\n<p data-start=\"991\" data-end=\"1022\"><strong data-start=\"991\" data-end=\"1003\">Sestava:<\/strong><br data-start=\"1003\" data-end=\"1006\" \/>100% poliester<\/p>\n<p data-start=\"991\" data-end=\"1022\"><img loading=\"lazy\" decoding=\"async\" class=\"alignnone size-thumbnail wp-image-61920\" src=\"https:\/\/www.polzela.com\/si\/wp-content\/uploads\/sites\/2\/2025\/10\/70698-12-bufanda-lisa-ysabel-mora-beige-150x150.jpg\" alt=\"\" width=\"150\" height=\"150\" srcset=\"https:\/\/www.polzela.com\/si\/wp-content\/uploads\/sites\/2\/2025\/10\/70698-12-bufanda-lisa-ysabel-mora-beige-150x150.jpg 150w, https:\/\/www.polzela.com\/si\/wp-content\/uploads\/sites\/2\/2025\/10\/70698-12-bufanda-lisa-ysabel-mora-beige-100x100.jpg 100w\" sizes=\"auto, (max-width: 150px) 100vw, 150px\" \/> <img loading=\"lazy\" decoding=\"async\" class=\"alignnone size-thumbnail wp-image-61918\" src=\"https:\/\/www.polzela.com\/si\/wp-content\/uploads\/sites\/2\/2025\/10\/70698-13-bufanda-lisa-ysabel-mora-beige-150x150.jpg\" alt=\"\" width=\"150\" height=\"150\" srcset=\"https:\/\/www.polzela.com\/si\/wp-content\/uploads\/sites\/2\/2025\/10\/70698-13-bufanda-lisa-ysabel-mora-beige-150x150.jpg 150w, https:\/\/www.polzela.com\/si\/wp-content\/uploads\/sites\/2\/2025\/10\/70698-13-bufanda-lisa-ysabel-mora-beige-100x100.jpg 100w\" sizes=\"auto, (max-width: 150px) 100vw, 150px\" \/> <img loading=\"lazy\" decoding=\"async\" class=\"alignnone size-thumbnail wp-image-61915\" src=\"https:\/\/www.polzela.com\/si\/wp-content\/uploads\/sites\/2\/2025\/10\/70698-3-bufanda-lisa-beige-150x150.jpg\" alt=\"\" width=\"150\" height=\"150\" srcset=\"https:\/\/www.polzela.com\/si\/wp-content\/uploads\/sites\/2\/2025\/10\/70698-3-bufanda-lisa-beige-150x150.jpg 150w, https:\/\/www.polzela.com\/si\/wp-content\/uploads\/sites\/2\/2025\/10\/70698-3-bufanda-lisa-beige-100x100.jpg 100w\" sizes=\"auto, (max-width: 150px) 100vw, 150px\" \/><\/p>\n","protected":false},"featured_media":61916,"comment_status":"open","ping_status":"closed","template":"","meta":{"om_disable_all_campaigns":false,"_monsterinsights_skip_tracking":false,"_monsterinsights_sitenote_active":false,"_monsterinsights_sitenote_note":"","_monsterinsights_sitenote_category":0},"product_cat":[39,42],"product_tag":[1290,1289,1121],"class_list":["post-61912","product","type-product","status-publish","has-post-thumbnail","hentry","product_cat-oblacila","product_cat-zenske","product_tag-pashmina","product_tag-sal","product_tag-ysabel-mora"],"bundled_by":[],"bundle_stock_status":"outofstock","bundle_stock_quantity":null,"bundle_virtual":false,"bundle_layout":"","bundle_add_to_cart_form_location":"","bundle_editable_in_cart":false,"bundle_sold_individually_context":"","bundle_item_grouping":"","bundle_min_size":"","bundle_max_size":"","bundled_items":[],"bundle_sell_ids":[],"aioseo_notices":[],"_links":{"self":[{"href":"https:\/\/www.polzela.com\/si\/wp-json\/wp\/v2\/product\/61912","targetHints":{"allow":["GET"]}}],"collection":[{"href":"https:\/\/www.polzela.com\/si\/wp-json\/wp\/v2\/product"}],"about":[{"href":"https:\/\/www.polzela.com\/si\/wp-json\/wp\/v2\/types\/product"}],"replies":[{"embeddable":true,"href":"https:\/\/www.polzela.com\/si\/wp-json\/wp\/v2\/comments?post=61912"}],"wp:featuredmedia":[{"embeddable":true,"href":"https:\/\/www.polzela.com\/si\/wp-json\/wp\/v2\/media\/61916"}],"wp:attachment":[{"href":"https:\/\/www.polzela.com\/si\/wp-json\/wp\/v2\/media?parent=61912"}],"wp:term":[{"taxonomy":"product_cat","embeddable":true,"href":"https:\/\/www.polzela.com\/si\/wp-json\/wp\/v2\/product_cat?post=61912"},{"taxonomy":"product_tag","embeddable":true,"href":"https:\/\/www.polzela.com\/si\/wp-json\/wp\/v2\/product_tag?post=61912"}],"curies":[{"name":"wp","href":"https:\/\/api.w.org\/{rel}","templated":true}]}}