{"id":61903,"date":"2025-10-30T15:10:14","date_gmt":"2025-10-30T14:10:14","guid":{"rendered":"https:\/\/www.polzela.com\/si\/?post_type=product&#038;p=61903"},"modified":"2026-03-30T13:02:07","modified_gmt":"2026-03-30T11:02:07","slug":"ysabel-mora-classic-black-enobarvni-crn-sal","status":"publish","type":"product","link":"https:\/\/www.polzela.com\/si\/product\/ysabel-mora-classic-black-enobarvni-crn-sal\/","title":{"rendered":"Ysabel Mora Classic Black \u2013 enobarvni \u010drn \u0161al"},"content":{"rendered":"","protected":false},"excerpt":{"rendered":"<p data-start=\"441\" data-end=\"650\">\u0160al <strong data-start=\"445\" data-end=\"474\">Ysabel Mora Classic Black<\/strong> je brez\u010dasen kos, ki zdru\u017euje eleganco in udobje. Njegova mehka tkanina prijetno greje, medtem ko preprost enobarvni dizajn omogo\u010da enostavno kombiniranje z vsakim outfitom.<\/p>\n<p data-start=\"652\" data-end=\"720\">Popolna izbira za vsakodnevno no\u0161enje ali eleganten ve\u010derni videz.<\/p>\n<p data-start=\"722\" data-end=\"738\"><strong data-start=\"722\" data-end=\"736\">Lastnosti:<\/strong><\/p>\n<ul data-start=\"739\" data-end=\"887\">\n<li data-start=\"739\" data-end=\"785\">\n<p data-start=\"741\" data-end=\"785\">Klasi\u010dna \u010drna barva \u2013 popolna za vsak slog<\/p>\n<\/li>\n<li data-start=\"786\" data-end=\"815\">\n<p data-start=\"788\" data-end=\"815\">Mehka in prijetna tkanina<\/p>\n<\/li>\n<li data-start=\"816\" data-end=\"854\">\n<p data-start=\"818\" data-end=\"854\">Topel in vsestranski modni dodatek<\/p>\n<\/li>\n<li data-start=\"855\" data-end=\"887\">\n<p data-start=\"857\" data-end=\"887\">Idealna izbira za hladne dni<\/p>\n<\/li>\n<\/ul>\n<p data-start=\"889\" data-end=\"920\"><strong data-start=\"889\" data-end=\"901\">Sestava:<\/strong><br data-start=\"901\" data-end=\"904\" \/>100% poliester<\/p>\n<p data-start=\"889\" data-end=\"920\"><img loading=\"lazy\" decoding=\"async\" class=\"alignnone size-thumbnail wp-image-61909\" src=\"https:\/\/www.polzela.com\/si\/wp-content\/uploads\/sites\/2\/2025\/10\/70698-6-bufanda-lisa-negra-150x150.jpg\" alt=\"\" width=\"150\" height=\"150\" srcset=\"https:\/\/www.polzela.com\/si\/wp-content\/uploads\/sites\/2\/2025\/10\/70698-6-bufanda-lisa-negra-150x150.jpg 150w, https:\/\/www.polzela.com\/si\/wp-content\/uploads\/sites\/2\/2025\/10\/70698-6-bufanda-lisa-negra-100x100.jpg 100w\" sizes=\"auto, (max-width: 150px) 100vw, 150px\" \/> <img loading=\"lazy\" decoding=\"async\" class=\"alignnone size-thumbnail wp-image-61908\" src=\"https:\/\/www.polzela.com\/si\/wp-content\/uploads\/sites\/2\/2025\/10\/70698-3-bufanda-lisa-negra-150x150.jpg\" alt=\"\" width=\"150\" height=\"150\" srcset=\"https:\/\/www.polzela.com\/si\/wp-content\/uploads\/sites\/2\/2025\/10\/70698-3-bufanda-lisa-negra-150x150.jpg 150w, https:\/\/www.polzela.com\/si\/wp-content\/uploads\/sites\/2\/2025\/10\/70698-3-bufanda-lisa-negra-100x100.jpg 100w\" sizes=\"auto, (max-width: 150px) 100vw, 150px\" \/> <img loading=\"lazy\" decoding=\"async\" class=\"alignnone size-thumbnail wp-image-61907\" src=\"https:\/\/www.polzela.com\/si\/wp-content\/uploads\/sites\/2\/2025\/10\/70698-4-bufanda-lisa-negra-150x150.jpg\" alt=\"\" width=\"150\" height=\"150\" srcset=\"https:\/\/www.polzela.com\/si\/wp-content\/uploads\/sites\/2\/2025\/10\/70698-4-bufanda-lisa-negra-150x150.jpg 150w, https:\/\/www.polzela.com\/si\/wp-content\/uploads\/sites\/2\/2025\/10\/70698-4-bufanda-lisa-negra-100x100.jpg 100w\" sizes=\"auto, (max-width: 150px) 100vw, 150px\" \/> <img loading=\"lazy\" decoding=\"async\" class=\"alignnone size-thumbnail wp-image-61906\" src=\"https:\/\/www.polzela.com\/si\/wp-content\/uploads\/sites\/2\/2025\/10\/70698-2-bufanda-lisa-negra-150x150.jpg\" alt=\"\" width=\"150\" height=\"150\" srcset=\"https:\/\/www.polzela.com\/si\/wp-content\/uploads\/sites\/2\/2025\/10\/70698-2-bufanda-lisa-negra-150x150.jpg 150w, https:\/\/www.polzela.com\/si\/wp-content\/uploads\/sites\/2\/2025\/10\/70698-2-bufanda-lisa-negra-100x100.jpg 100w\" sizes=\"auto, (max-width: 150px) 100vw, 150px\" \/><\/p>\n","protected":false},"featured_media":61911,"comment_status":"open","ping_status":"closed","template":"","meta":{"om_disable_all_campaigns":false,"_monsterinsights_skip_tracking":false,"_monsterinsights_sitenote_active":false,"_monsterinsights_sitenote_note":"","_monsterinsights_sitenote_category":0},"product_cat":[39,42],"product_tag":[1290,1289,1121],"class_list":["post-61903","product","type-product","status-publish","has-post-thumbnail","hentry","product_cat-oblacila","product_cat-zenske","product_tag-pashmina","product_tag-sal","product_tag-ysabel-mora"],"bundled_by":[],"bundle_stock_status":"instock","bundle_stock_quantity":null,"bundle_virtual":false,"bundle_layout":"","bundle_add_to_cart_form_location":"","bundle_editable_in_cart":false,"bundle_sold_individually_context":"","bundle_item_grouping":"","bundle_min_size":"","bundle_max_size":"","bundled_items":[],"bundle_sell_ids":[],"aioseo_notices":[],"_links":{"self":[{"href":"https:\/\/www.polzela.com\/si\/wp-json\/wp\/v2\/product\/61903","targetHints":{"allow":["GET"]}}],"collection":[{"href":"https:\/\/www.polzela.com\/si\/wp-json\/wp\/v2\/product"}],"about":[{"href":"https:\/\/www.polzela.com\/si\/wp-json\/wp\/v2\/types\/product"}],"replies":[{"embeddable":true,"href":"https:\/\/www.polzela.com\/si\/wp-json\/wp\/v2\/comments?post=61903"}],"wp:featuredmedia":[{"embeddable":true,"href":"https:\/\/www.polzela.com\/si\/wp-json\/wp\/v2\/media\/61911"}],"wp:attachment":[{"href":"https:\/\/www.polzela.com\/si\/wp-json\/wp\/v2\/media?parent=61903"}],"wp:term":[{"taxonomy":"product_cat","embeddable":true,"href":"https:\/\/www.polzela.com\/si\/wp-json\/wp\/v2\/product_cat?post=61903"},{"taxonomy":"product_tag","embeddable":true,"href":"https:\/\/www.polzela.com\/si\/wp-json\/wp\/v2\/product_tag?post=61903"}],"curies":[{"name":"wp","href":"https:\/\/api.w.org\/{rel}","templated":true}]}}