{"id":61894,"date":"2025-10-30T15:06:20","date_gmt":"2025-10-30T14:06:20","guid":{"rendered":"https:\/\/www.polzela.com\/si\/?post_type=product&#038;p=61894"},"modified":"2026-03-30T13:02:41","modified_gmt":"2026-03-30T11:02:41","slug":"ysabel-mora-soft-pink-enobarvna-pashmina-z-resicami","status":"publish","type":"product","link":"https:\/\/www.polzela.com\/si\/product\/ysabel-mora-soft-pink-enobarvna-pashmina-z-resicami\/","title":{"rendered":"Ysabel Mora Soft Pink \u2013 enobarvna pashmina z resicami"},"content":{"rendered":"","protected":false},"excerpt":{"rendered":"<p data-start=\"494\" data-end=\"667\">\u0160al <strong data-start=\"498\" data-end=\"523\">Ysabel Mora Soft Pink<\/strong> zdru\u017euje mehkobo, toplino in \u017eenstven slog. Izdelan je iz prijetne tkanine z mehko teksturo in okra\u0161en z resicami, ki dodajo klasi\u010den pridih.<\/p>\n<p data-start=\"669\" data-end=\"778\">Ne\u017ena ro\u017enata barva se zlahka ujema z razli\u010dnimi kombinacijami in doda vsakemu videzu toplino ter eleganco.<\/p>\n<p data-start=\"780\" data-end=\"796\"><strong data-start=\"780\" data-end=\"794\">Lastnosti:<\/strong><\/p>\n<ul data-start=\"797\" data-end=\"943\">\n<li data-start=\"797\" data-end=\"827\">\n<p data-start=\"799\" data-end=\"827\">Mehka in prijetna tekstura<\/p>\n<\/li>\n<li data-start=\"828\" data-end=\"871\">\n<p data-start=\"830\" data-end=\"871\">Enobarvna zasnova v ne\u017eno ro\u017enati barvi<\/p>\n<\/li>\n<li data-start=\"872\" data-end=\"910\">\n<p data-start=\"874\" data-end=\"910\">Klasi\u010dne resice za eleganten videz<\/p>\n<\/li>\n<li data-start=\"911\" data-end=\"943\">\n<p data-start=\"913\" data-end=\"943\">Popolna izbira za zimske dni<\/p>\n<\/li>\n<\/ul>\n<p data-start=\"945\" data-end=\"976\"><strong data-start=\"945\" data-end=\"957\">Sestava:<\/strong><br data-start=\"957\" data-end=\"960\" \/>100% poliester<\/p>\n<p data-start=\"945\" data-end=\"976\"><img loading=\"lazy\" decoding=\"async\" class=\"alignnone size-thumbnail wp-image-61896\" src=\"https:\/\/www.polzela.com\/si\/wp-content\/uploads\/sites\/2\/2025\/10\/70698-7-bufanda-lisa-rosa-150x150.jpg\" alt=\"\" width=\"150\" height=\"150\" srcset=\"https:\/\/www.polzela.com\/si\/wp-content\/uploads\/sites\/2\/2025\/10\/70698-7-bufanda-lisa-rosa-150x150.jpg 150w, https:\/\/www.polzela.com\/si\/wp-content\/uploads\/sites\/2\/2025\/10\/70698-7-bufanda-lisa-rosa-100x100.jpg 100w\" sizes=\"auto, (max-width: 150px) 100vw, 150px\" \/> <img loading=\"lazy\" decoding=\"async\" class=\"alignnone size-thumbnail wp-image-61902\" src=\"https:\/\/www.polzela.com\/si\/wp-content\/uploads\/sites\/2\/2025\/10\/70698-2-bufanda-lisa-rosa-150x150.jpg\" alt=\"\" width=\"150\" height=\"150\" srcset=\"https:\/\/www.polzela.com\/si\/wp-content\/uploads\/sites\/2\/2025\/10\/70698-2-bufanda-lisa-rosa-150x150.jpg 150w, https:\/\/www.polzela.com\/si\/wp-content\/uploads\/sites\/2\/2025\/10\/70698-2-bufanda-lisa-rosa-100x100.jpg 100w\" sizes=\"auto, (max-width: 150px) 100vw, 150px\" \/> <img loading=\"lazy\" decoding=\"async\" class=\"alignnone size-thumbnail wp-image-61901\" src=\"https:\/\/www.polzela.com\/si\/wp-content\/uploads\/sites\/2\/2025\/10\/70698-6-bufanda-lisa-rosa-150x150.jpg\" alt=\"\" width=\"150\" height=\"150\" srcset=\"https:\/\/www.polzela.com\/si\/wp-content\/uploads\/sites\/2\/2025\/10\/70698-6-bufanda-lisa-rosa-150x150.jpg 150w, https:\/\/www.polzela.com\/si\/wp-content\/uploads\/sites\/2\/2025\/10\/70698-6-bufanda-lisa-rosa-100x100.jpg 100w\" sizes=\"auto, (max-width: 150px) 100vw, 150px\" \/><\/p>\n<p data-start=\"945\" data-end=\"976\">\n","protected":false},"featured_media":61899,"comment_status":"open","ping_status":"closed","template":"","meta":{"om_disable_all_campaigns":false,"_monsterinsights_skip_tracking":false,"_monsterinsights_sitenote_active":false,"_monsterinsights_sitenote_note":"","_monsterinsights_sitenote_category":0},"product_cat":[39,42],"product_tag":[1290,1289,1121],"class_list":["post-61894","product","type-product","status-publish","has-post-thumbnail","hentry","product_cat-oblacila","product_cat-zenske","product_tag-pashmina","product_tag-sal","product_tag-ysabel-mora"],"bundled_by":[],"bundle_stock_status":"instock","bundle_stock_quantity":null,"bundle_virtual":false,"bundle_layout":"","bundle_add_to_cart_form_location":"","bundle_editable_in_cart":false,"bundle_sold_individually_context":"","bundle_item_grouping":"","bundle_min_size":"","bundle_max_size":"","bundled_items":[],"bundle_sell_ids":[],"aioseo_notices":[],"_links":{"self":[{"href":"https:\/\/www.polzela.com\/si\/wp-json\/wp\/v2\/product\/61894","targetHints":{"allow":["GET"]}}],"collection":[{"href":"https:\/\/www.polzela.com\/si\/wp-json\/wp\/v2\/product"}],"about":[{"href":"https:\/\/www.polzela.com\/si\/wp-json\/wp\/v2\/types\/product"}],"replies":[{"embeddable":true,"href":"https:\/\/www.polzela.com\/si\/wp-json\/wp\/v2\/comments?post=61894"}],"wp:featuredmedia":[{"embeddable":true,"href":"https:\/\/www.polzela.com\/si\/wp-json\/wp\/v2\/media\/61899"}],"wp:attachment":[{"href":"https:\/\/www.polzela.com\/si\/wp-json\/wp\/v2\/media?parent=61894"}],"wp:term":[{"taxonomy":"product_cat","embeddable":true,"href":"https:\/\/www.polzela.com\/si\/wp-json\/wp\/v2\/product_cat?post=61894"},{"taxonomy":"product_tag","embeddable":true,"href":"https:\/\/www.polzela.com\/si\/wp-json\/wp\/v2\/product_tag?post=61894"}],"curies":[{"name":"wp","href":"https:\/\/api.w.org\/{rel}","templated":true}]}}