{"id":61892,"date":"2025-10-30T14:59:09","date_gmt":"2025-10-30T13:59:09","guid":{"rendered":"https:\/\/www.polzela.com\/si\/?post_type=product&#038;p=61892"},"modified":"2026-03-30T13:03:17","modified_gmt":"2026-03-30T11:03:17","slug":"ysabel-mora-mehak-sal-bez","status":"publish","type":"product","link":"https:\/\/www.polzela.com\/si\/product\/ysabel-mora-mehak-sal-bez\/","title":{"rendered":"Ysabel Mora mehak \u0161al"},"content":{"rendered":"","protected":false},"excerpt":{"rendered":"<p data-start=\"477\" data-end=\"687\">\u0160al <strong data-start=\"481\" data-end=\"508\">Ysabel Mora Earth Blend<\/strong> zdru\u017euje mehkobo, toplino in prefinjen slog. Izdelan je iz prijetne, mehke tkanine in okra\u0161en z ne\u017enim potiskom v zemeljskih tonih, ki se zlahka ujema z vsakim zimskim videzom.<\/p>\n<p data-start=\"689\" data-end=\"759\">Popoln je za hladne dni, ko \u017eelite hkrati udobje in eleganten videz.<\/p>\n<p data-start=\"761\" data-end=\"777\"><strong data-start=\"761\" data-end=\"775\">Lastnosti:<\/strong><\/p>\n<ul data-start=\"778\" data-end=\"947\">\n<li data-start=\"778\" data-end=\"822\">\n<p data-start=\"780\" data-end=\"822\">Mehka in topla tkanina za popolno udobje<\/p>\n<\/li>\n<li data-start=\"823\" data-end=\"856\">\n<p data-start=\"825\" data-end=\"856\">Ne\u017een potisk v naravnih tonih<\/p>\n<\/li>\n<li data-start=\"857\" data-end=\"895\">\n<p data-start=\"859\" data-end=\"895\">Popoln modni dodatek za zimske dni<\/p>\n<\/li>\n<li data-start=\"896\" data-end=\"947\">\n<p data-start=\"898\" data-end=\"947\">Enostavno kombiniranje z vsakodnevnimi obla\u010dili<\/p>\n<\/li>\n<\/ul>\n<p data-start=\"949\" data-end=\"980\"><strong data-start=\"949\" data-end=\"961\">Sestava:<\/strong><br data-start=\"961\" data-end=\"964\" \/>100% poliester<\/p>\n<p data-start=\"949\" data-end=\"980\"><img loading=\"lazy\" decoding=\"async\" class=\"alignnone size-thumbnail wp-image-61878\" src=\"https:\/\/www.polzela.com\/si\/wp-content\/uploads\/sites\/2\/2025\/10\/70693-2-bufanda-estampada-150x150.jpg\" alt=\"\" width=\"150\" height=\"150\" srcset=\"https:\/\/www.polzela.com\/si\/wp-content\/uploads\/sites\/2\/2025\/10\/70693-2-bufanda-estampada-150x150.jpg 150w, https:\/\/www.polzela.com\/si\/wp-content\/uploads\/sites\/2\/2025\/10\/70693-2-bufanda-estampada-100x100.jpg 100w\" sizes=\"auto, (max-width: 150px) 100vw, 150px\" \/> <img loading=\"lazy\" decoding=\"async\" class=\"alignnone size-thumbnail wp-image-61881\" src=\"https:\/\/www.polzela.com\/si\/wp-content\/uploads\/sites\/2\/2025\/10\/70693-3-bufanda-estampada-150x150.jpg\" alt=\"\" width=\"150\" height=\"150\" srcset=\"https:\/\/www.polzela.com\/si\/wp-content\/uploads\/sites\/2\/2025\/10\/70693-3-bufanda-estampada-150x150.jpg 150w, https:\/\/www.polzela.com\/si\/wp-content\/uploads\/sites\/2\/2025\/10\/70693-3-bufanda-estampada-100x100.jpg 100w\" sizes=\"auto, (max-width: 150px) 100vw, 150px\" \/> <img loading=\"lazy\" decoding=\"async\" class=\"alignnone size-thumbnail wp-image-61880\" src=\"https:\/\/www.polzela.com\/si\/wp-content\/uploads\/sites\/2\/2025\/10\/70693-4-bufanda-estampada-150x150.jpg\" alt=\"\" width=\"150\" height=\"150\" srcset=\"https:\/\/www.polzela.com\/si\/wp-content\/uploads\/sites\/2\/2025\/10\/70693-4-bufanda-estampada-150x150.jpg 150w, https:\/\/www.polzela.com\/si\/wp-content\/uploads\/sites\/2\/2025\/10\/70693-4-bufanda-estampada-100x100.jpg 100w\" sizes=\"auto, (max-width: 150px) 100vw, 150px\" \/><\/p>\n","protected":false},"featured_media":61883,"comment_status":"open","ping_status":"closed","template":"","meta":{"om_disable_all_campaigns":false,"_monsterinsights_skip_tracking":false,"_monsterinsights_sitenote_active":false,"_monsterinsights_sitenote_note":"","_monsterinsights_sitenote_category":0},"product_cat":[39,42],"product_tag":[1289,1121],"class_list":["post-61892","product","type-product","status-publish","has-post-thumbnail","hentry","product_cat-oblacila","product_cat-zenske","product_tag-sal","product_tag-ysabel-mora"],"bundled_by":[],"bundle_stock_status":"instock","bundle_stock_quantity":null,"bundle_virtual":false,"bundle_layout":"","bundle_add_to_cart_form_location":"","bundle_editable_in_cart":false,"bundle_sold_individually_context":"","bundle_item_grouping":"","bundle_min_size":"","bundle_max_size":"","bundled_items":[],"bundle_sell_ids":[],"aioseo_notices":[],"_links":{"self":[{"href":"https:\/\/www.polzela.com\/si\/wp-json\/wp\/v2\/product\/61892","targetHints":{"allow":["GET"]}}],"collection":[{"href":"https:\/\/www.polzela.com\/si\/wp-json\/wp\/v2\/product"}],"about":[{"href":"https:\/\/www.polzela.com\/si\/wp-json\/wp\/v2\/types\/product"}],"replies":[{"embeddable":true,"href":"https:\/\/www.polzela.com\/si\/wp-json\/wp\/v2\/comments?post=61892"}],"wp:featuredmedia":[{"embeddable":true,"href":"https:\/\/www.polzela.com\/si\/wp-json\/wp\/v2\/media\/61883"}],"wp:attachment":[{"href":"https:\/\/www.polzela.com\/si\/wp-json\/wp\/v2\/media?parent=61892"}],"wp:term":[{"taxonomy":"product_cat","embeddable":true,"href":"https:\/\/www.polzela.com\/si\/wp-json\/wp\/v2\/product_cat?post=61892"},{"taxonomy":"product_tag","embeddable":true,"href":"https:\/\/www.polzela.com\/si\/wp-json\/wp\/v2\/product_tag?post=61892"}],"curies":[{"name":"wp","href":"https:\/\/api.w.org\/{rel}","templated":true}]}}