{"id":61861,"date":"2025-10-30T14:39:08","date_gmt":"2025-10-30T13:39:08","guid":{"rendered":"https:\/\/www.polzela.com\/si\/?post_type=product&#038;p=61861"},"modified":"2026-03-30T08:58:19","modified_gmt":"2026-03-30T06:58:19","slug":"ysabel-mora-rdeci-copati-z-umetnim-krznom","status":"publish","type":"product","link":"https:\/\/www.polzela.com\/si\/product\/ysabel-mora-rdeci-copati-z-umetnim-krznom\/","title":{"rendered":"Ysabel Mora rde\u010di copati z umetnim krznom"},"content":{"rendered":"","protected":false},"excerpt":{"rendered":"<article class=\"text-token-text-primary w-full focus:outline-none [--shadow-height:45px] has-data-writing-block:pointer-events-none has-data-writing-block:-mt-(--shadow-height) has-data-writing-block:pt-(--shadow-height) [&amp;:has([data-writing-block])&gt;*]:pointer-events-auto [content-visibility:auto] supports-[content-visibility:auto]:[contain-intrinsic-size:auto_100lvh] scroll-mt-[calc(var(--header-height)+min(200px,max(70px,20svh)))]\" dir=\"auto\" style=\"font-style: normal; font-variant-caps: normal; font-weight: 400; letter-spacing: normal; orphans: auto; text-align: start; text-indent: 0px; text-transform: none; white-space: normal; widows: auto; word-spacing: 0px; -webkit-text-stroke-width: 0px; text-decoration: none; caret-color: #000000; color: #000000;\" tabindex=\"-1\" data-turn-id=\"request-WEB:ae1b7cb1-75f8-4f85-9bab-5614cd327905-23\" data-testid=\"conversation-turn-48\" data-scroll-anchor=\"true\" data-turn=\"assistant\">\n<div class=\"text-base my-auto mx-auto pb-10 [--thread-content-margin:--spacing(4)] thread-sm:[--thread-content-margin:--spacing(6)] thread-lg:[--thread-content-margin:--spacing(16)] px-(--thread-content-margin)\">\n<div class=\"[--thread-content-max-width:40rem] thread-lg:[--thread-content-max-width:48rem] mx-auto max-w-(--thread-content-max-width) flex-1 group\/turn-messages focus-visible:outline-hidden relative flex w-full min-w-0 flex-col agent-turn\" tabindex=\"-1\">\n<div class=\"flex max-w-full flex-col grow\">\n<div class=\"min-h-8 text-message relative flex w-full flex-col items-end gap-2 text-start break-words whitespace-normal [.text-message+&amp;]:mt-1\" dir=\"auto\" data-message-author-role=\"assistant\" data-message-id=\"767eaf07-f513-4ffb-bb07-b7908a572cb0\" data-message-model-slug=\"gpt-5\">\n<div class=\"flex w-full flex-col gap-1 empty:hidden first:pt-[1px]\">\n<div class=\"markdown prose dark:prose-invert w-full break-words light markdown-new-styling\">\n<p data-start=\"480\" data-end=\"729\">Copati <strong data-start=\"487\" data-end=\"513\">Ysabel Mora Suede Warm<\/strong> so ustvarjeni za udobje in toplino v hladnej\u0161ih dneh. Zunanjost v videzu semi\u0161a nudi mehak in trpe\u017een ob\u010dutek, medtem ko notranja podloga iz umetnega krzna zagotavlja prijetno toplino in mehkobo pri vsakem koraku.<\/p>\n<p data-start=\"731\" data-end=\"905\">Dekorativni krzneni rob na zgornjem delu dodaja pridih elegance in doma\u010dega udobja. Topli odtenki rjave in rde\u010de barve omogo\u010dajo enostavno kombiniranje z zimskimi obla\u010dili.<\/p>\n<p data-start=\"907\" data-end=\"923\"><strong data-start=\"907\" data-end=\"921\">Lastnosti:<\/strong><\/p>\n<ul data-start=\"924\" data-end=\"1146\">\n<li data-start=\"924\" data-end=\"971\">\n<p data-start=\"926\" data-end=\"971\">Zunanjost v videzu semi\u0161a \u2013 mehka in udobna<\/p>\n<\/li>\n<li data-start=\"972\" data-end=\"1019\">\n<p data-start=\"974\" data-end=\"1019\">Notranje umetno krzno za toplino in mehkobo<\/p>\n<\/li>\n<li data-start=\"1020\" data-end=\"1066\">\n<p data-start=\"1022\" data-end=\"1066\">Dekorativni krzneni rob za eleganten videz<\/p>\n<\/li>\n<li data-start=\"1067\" data-end=\"1097\">\n<p data-start=\"1069\" data-end=\"1097\">Idealni za zimske dni doma<\/p>\n<\/li>\n<li data-start=\"1098\" data-end=\"1146\">\n<p data-start=\"1100\" data-end=\"1146\">Topli barvni odtenki za prijeten, moden slog<\/p>\n<\/li>\n<\/ul>\n<p data-start=\"1148\" data-end=\"1199\"><strong data-start=\"1148\" data-end=\"1160\">Sestava:<\/strong><br data-start=\"1160\" data-end=\"1163\" \/>100% poliester<br data-start=\"1177\" data-end=\"1180\" \/>Podplat: 100% TPR<\/p>\n<p><img loading=\"lazy\" decoding=\"async\" class=\"alignnone wp-image-61864 size-large\" src=\"https:\/\/www.polzela.com\/si\/wp-content\/uploads\/sites\/2\/2025\/10\/14174-2-zapatillas-de-casa-pelo-rojo-683x1024.jpg\" alt=\"\" width=\"640\" height=\"960\" srcset=\"https:\/\/www.polzela.com\/si\/wp-content\/uploads\/sites\/2\/2025\/10\/14174-2-zapatillas-de-casa-pelo-rojo-683x1024.jpg 683w, https:\/\/www.polzela.com\/si\/wp-content\/uploads\/sites\/2\/2025\/10\/14174-2-zapatillas-de-casa-pelo-rojo-200x300.jpg 200w, https:\/\/www.polzela.com\/si\/wp-content\/uploads\/sites\/2\/2025\/10\/14174-2-zapatillas-de-casa-pelo-rojo-768x1152.jpg 768w, https:\/\/www.polzela.com\/si\/wp-content\/uploads\/sites\/2\/2025\/10\/14174-2-zapatillas-de-casa-pelo-rojo-1024x1536.jpg 1024w, https:\/\/www.polzela.com\/si\/wp-content\/uploads\/sites\/2\/2025\/10\/14174-2-zapatillas-de-casa-pelo-rojo-1365x2048.jpg 1365w, https:\/\/www.polzela.com\/si\/wp-content\/uploads\/sites\/2\/2025\/10\/14174-2-zapatillas-de-casa-pelo-rojo-570x855.jpg 570w, https:\/\/www.polzela.com\/si\/wp-content\/uploads\/sites\/2\/2025\/10\/14174-2-zapatillas-de-casa-pelo-rojo.jpg 1400w\" sizes=\"auto, (max-width: 640px) 100vw, 640px\" \/><\/p>\n<\/div>\n<\/div>\n<\/div>\n<\/div>\n<div class=\"z-0 flex min-h-[46px] justify-start\"><\/div>\n<div class=\"mt-3 w-full empty:hidden\"><\/div>\n<\/div>\n<\/div>\n<\/article>\n","protected":false},"featured_media":61867,"comment_status":"open","ping_status":"closed","template":"","meta":{"om_disable_all_campaigns":false,"_monsterinsights_skip_tracking":false,"_monsterinsights_sitenote_active":false,"_monsterinsights_sitenote_note":"","_monsterinsights_sitenote_category":0},"product_cat":[39,42],"product_tag":[1288,1121],"class_list":["post-61861","product","type-product","status-publish","has-post-thumbnail","hentry","product_cat-oblacila","product_cat-zenske","product_tag-copati","product_tag-ysabel-mora"],"bundled_by":[],"bundle_stock_status":"outofstock","bundle_stock_quantity":null,"bundle_virtual":false,"bundle_layout":"","bundle_add_to_cart_form_location":"","bundle_editable_in_cart":false,"bundle_sold_individually_context":"","bundle_item_grouping":"","bundle_min_size":"","bundle_max_size":"","bundled_items":[],"bundle_sell_ids":[],"aioseo_notices":[],"_links":{"self":[{"href":"https:\/\/www.polzela.com\/si\/wp-json\/wp\/v2\/product\/61861","targetHints":{"allow":["GET"]}}],"collection":[{"href":"https:\/\/www.polzela.com\/si\/wp-json\/wp\/v2\/product"}],"about":[{"href":"https:\/\/www.polzela.com\/si\/wp-json\/wp\/v2\/types\/product"}],"replies":[{"embeddable":true,"href":"https:\/\/www.polzela.com\/si\/wp-json\/wp\/v2\/comments?post=61861"}],"wp:featuredmedia":[{"embeddable":true,"href":"https:\/\/www.polzela.com\/si\/wp-json\/wp\/v2\/media\/61867"}],"wp:attachment":[{"href":"https:\/\/www.polzela.com\/si\/wp-json\/wp\/v2\/media?parent=61861"}],"wp:term":[{"taxonomy":"product_cat","embeddable":true,"href":"https:\/\/www.polzela.com\/si\/wp-json\/wp\/v2\/product_cat?post=61861"},{"taxonomy":"product_tag","embeddable":true,"href":"https:\/\/www.polzela.com\/si\/wp-json\/wp\/v2\/product_tag?post=61861"}],"curies":[{"name":"wp","href":"https:\/\/api.w.org\/{rel}","templated":true}]}}