{"id":61825,"date":"2025-10-30T14:06:32","date_gmt":"2025-10-30T13:06:32","guid":{"rendered":"https:\/\/www.polzela.com\/si\/?post_type=product&#038;p=61825"},"modified":"2026-03-30T13:04:31","modified_gmt":"2026-03-30T11:04:31","slug":"ysabel-mora-mehka-pletena-kapa-z-bez-cofom-bez","status":"publish","type":"product","link":"https:\/\/www.polzela.com\/si\/product\/ysabel-mora-mehka-pletena-kapa-z-bez-cofom-bez\/","title":{"rendered":"Ysabel Mora mehka pletena kapa z be\u017e cofom"},"content":{"rendered":"","protected":false},"excerpt":{"rendered":"<p>Topla in mehka pletena kapa z velikim be\u017e cofom. Minimalisti\u010den in sodoben videz, popolna izbira za hladne dni.<\/p>\n<p data-start=\"828\" data-end=\"844\"><strong data-start=\"828\" data-end=\"842\">Lastnosti:<\/strong><\/p>\n<ul data-start=\"845\" data-end=\"969\">\n<li data-start=\"845\" data-end=\"873\">\n<p data-start=\"847\" data-end=\"873\">Mehka in topla pletenina<\/p>\n<\/li>\n<li data-start=\"874\" data-end=\"906\">\n<p data-start=\"876\" data-end=\"906\">Velik be\u017e cof za moden videz<\/p>\n<\/li>\n<li data-start=\"907\" data-end=\"943\">\n<p data-start=\"909\" data-end=\"943\">Minimalisti\u010den in eleganten slog<\/p>\n<\/li>\n<li data-start=\"944\" data-end=\"969\">\n<p data-start=\"946\" data-end=\"969\">Popolna za hladne dni<\/p>\n<\/li>\n<\/ul>\n<p data-start=\"971\" data-end=\"1002\"><strong data-start=\"971\" data-end=\"983\">Sestava:<\/strong><br data-start=\"983\" data-end=\"986\" \/>100% poliester<\/p>\n","protected":false},"featured_media":61839,"comment_status":"open","ping_status":"closed","template":"","meta":{"om_disable_all_campaigns":false,"_monsterinsights_skip_tracking":false,"_monsterinsights_sitenote_active":false,"_monsterinsights_sitenote_note":"","_monsterinsights_sitenote_category":0},"product_cat":[39,42],"product_tag":[1286,1121],"class_list":["post-61825","product","type-product","status-publish","has-post-thumbnail","hentry","product_cat-oblacila","product_cat-zenske","product_tag-kapa","product_tag-ysabel-mora"],"bundled_by":[],"bundle_stock_status":"outofstock","bundle_stock_quantity":null,"bundle_virtual":false,"bundle_layout":"","bundle_add_to_cart_form_location":"","bundle_editable_in_cart":false,"bundle_sold_individually_context":"","bundle_item_grouping":"","bundle_min_size":"","bundle_max_size":"","bundled_items":[],"bundle_sell_ids":[],"aioseo_notices":[],"_links":{"self":[{"href":"https:\/\/www.polzela.com\/si\/wp-json\/wp\/v2\/product\/61825","targetHints":{"allow":["GET"]}}],"collection":[{"href":"https:\/\/www.polzela.com\/si\/wp-json\/wp\/v2\/product"}],"about":[{"href":"https:\/\/www.polzela.com\/si\/wp-json\/wp\/v2\/types\/product"}],"replies":[{"embeddable":true,"href":"https:\/\/www.polzela.com\/si\/wp-json\/wp\/v2\/comments?post=61825"}],"wp:featuredmedia":[{"embeddable":true,"href":"https:\/\/www.polzela.com\/si\/wp-json\/wp\/v2\/media\/61839"}],"wp:attachment":[{"href":"https:\/\/www.polzela.com\/si\/wp-json\/wp\/v2\/media?parent=61825"}],"wp:term":[{"taxonomy":"product_cat","embeddable":true,"href":"https:\/\/www.polzela.com\/si\/wp-json\/wp\/v2\/product_cat?post=61825"},{"taxonomy":"product_tag","embeddable":true,"href":"https:\/\/www.polzela.com\/si\/wp-json\/wp\/v2\/product_tag?post=61825"}],"curies":[{"name":"wp","href":"https:\/\/api.w.org\/{rel}","templated":true}]}}