{"id":61805,"date":"2025-10-30T13:40:39","date_gmt":"2025-10-30T12:40:39","guid":{"rendered":"https:\/\/www.polzela.com\/si\/?post_type=product&#038;p=61805"},"modified":"2026-02-11T15:16:45","modified_gmt":"2026-02-11T14:16:45","slug":"ysabel-mora-termo-bombazna-majica-z-dolgimi-rokavi-19473","status":"publish","type":"product","link":"https:\/\/www.polzela.com\/si\/product\/ysabel-mora-termo-bombazna-majica-z-dolgimi-rokavi-19473\/","title":{"rendered":"Ysabel Mora termo bomba\u017ena majica z dolgimi rokavi 19473"},"content":{"rendered":"<p>Mehka bomba\u017ena majica z dolgimi rokavi in \u010dipkastimi detajli na izrezu, rokavih in spodnjem robu. Udobna, \u017eenstvena in elegantna \u2013 popolna za vsak dan ali kot spodnje perilo.<\/p>\n","protected":false},"excerpt":{"rendered":"<p data-start=\"533\" data-end=\"901\">Majica <strong data-start=\"540\" data-end=\"565\">Ysabel Mora Blue Lace<\/strong> je izdelana iz naravnega bomba\u017ea z dodatkom elastana, ki zagotavlja mehkobo, zra\u010dnost in popolno prileganje.<br data-start=\"674\" data-end=\"677\" \/>Prefinjeni \u010dipkasti detajli na izrezu, rokavih in spodnjem robu dodajo \u017eenstven in eleganten pridih, zaradi \u010desar je ta kos idealen tako kot spodnja majica kot tudi za samostojno no\u0161enje v udobnih, a stilskih kombinacijah.<\/p>\n<p data-start=\"903\" data-end=\"919\"><strong data-start=\"903\" data-end=\"917\">Lastnosti:<\/strong><\/p>\n<ul data-start=\"920\" data-end=\"1171\">\n<li data-start=\"920\" data-end=\"979\">\n<p data-start=\"922\" data-end=\"979\">Naravni bomba\u017e z dodatkom elastana za mehkobo in udobje<\/p>\n<\/li>\n<li data-start=\"980\" data-end=\"1036\">\n<p data-start=\"982\" data-end=\"1036\">\u010cipkasti detajli na izrezu, rokavih in spodnjem robu<\/p>\n<\/li>\n<li data-start=\"1037\" data-end=\"1088\">\n<p data-start=\"1039\" data-end=\"1088\">Dolgi rokavi za ve\u010d topline in prijeten ob\u010dutek<\/p>\n<\/li>\n<li data-start=\"1089\" data-end=\"1120\">\n<p data-start=\"1091\" data-end=\"1120\">\u017denstven in eleganten videz<\/p>\n<\/li>\n<li data-start=\"1121\" data-end=\"1171\">\n<p data-start=\"1123\" data-end=\"1171\">Primerna kot spodnja majica ali samostojen kos<\/p>\n<\/li>\n<\/ul>\n<p data-start=\"1173\" data-end=\"1212\"><strong data-start=\"1173\" data-end=\"1185\">Sestava:<\/strong><br data-start=\"1185\" data-end=\"1188\" \/>95% bomba\u017e, 5% elastan<\/p>\n","protected":false},"featured_media":61809,"comment_status":"open","ping_status":"closed","template":"","meta":{"om_disable_all_campaigns":false,"_monsterinsights_skip_tracking":false,"_monsterinsights_sitenote_active":false,"_monsterinsights_sitenote_note":"","_monsterinsights_sitenote_category":0},"product_cat":[39,779,42],"product_tag":[553,1121],"class_list":["post-61805","product","type-product","status-publish","has-post-thumbnail","hentry","product_cat-oblacila","product_cat-majice","product_cat-zenske","product_tag-majica","product_tag-ysabel-mora"],"bundled_by":[],"bundle_stock_status":"instock","bundle_stock_quantity":null,"bundle_virtual":false,"bundle_layout":"","bundle_add_to_cart_form_location":"","bundle_editable_in_cart":false,"bundle_sold_individually_context":"","bundle_item_grouping":"","bundle_min_size":"","bundle_max_size":"","bundled_items":[],"bundle_sell_ids":[],"aioseo_notices":[],"_links":{"self":[{"href":"https:\/\/www.polzela.com\/si\/wp-json\/wp\/v2\/product\/61805","targetHints":{"allow":["GET"]}}],"collection":[{"href":"https:\/\/www.polzela.com\/si\/wp-json\/wp\/v2\/product"}],"about":[{"href":"https:\/\/www.polzela.com\/si\/wp-json\/wp\/v2\/types\/product"}],"replies":[{"embeddable":true,"href":"https:\/\/www.polzela.com\/si\/wp-json\/wp\/v2\/comments?post=61805"}],"wp:featuredmedia":[{"embeddable":true,"href":"https:\/\/www.polzela.com\/si\/wp-json\/wp\/v2\/media\/61809"}],"wp:attachment":[{"href":"https:\/\/www.polzela.com\/si\/wp-json\/wp\/v2\/media?parent=61805"}],"wp:term":[{"taxonomy":"product_cat","embeddable":true,"href":"https:\/\/www.polzela.com\/si\/wp-json\/wp\/v2\/product_cat?post=61805"},{"taxonomy":"product_tag","embeddable":true,"href":"https:\/\/www.polzela.com\/si\/wp-json\/wp\/v2\/product_tag?post=61805"}],"curies":[{"name":"wp","href":"https:\/\/api.w.org\/{rel}","templated":true}]}}