{"id":61796,"date":"2025-10-30T13:25:59","date_gmt":"2025-10-30T12:25:59","guid":{"rendered":"https:\/\/www.polzela.com\/si\/?post_type=product&#038;p=61796"},"modified":"2026-01-07T09:02:48","modified_gmt":"2026-01-07T08:02:48","slug":"ysabel-mora-zicni-nedrcek-brez-oblazinjenja-10776-rdeca","status":"publish","type":"product","link":"https:\/\/www.polzela.com\/si\/product\/ysabel-mora-zicni-nedrcek-brez-oblazinjenja-10776-rdeca\/","title":{"rendered":"YSABEL MORA \u017ei\u010dni nedr\u010dek brez oblazinjenja 10776"},"content":{"rendered":"<p><strong>Opis izdelka<\/strong><\/p>\n<p>Nedr\u010dek s \u010dipkastim cvetli\u010dnim dizajnom je definicija prefinjenosti. \u010cipkasti detajli dodajo poseben pridih tvoji opravi, povzdignejo tvojo samozavest in slog. V\u0161ite opornice in podlo\u017eene ko\u0161arice nudijo izjemno stabilnost, ki na naraven in laskav na\u010din poudari tvoj dekolte.<\/p>\n<p><strong>Sestava:<\/strong> 90% Poliamid, 10% Elastan<\/p>\n<p><strong>Vzdr\u017eevanje: <\/strong>Nedr\u010dek lahko perete v stroju za pranje perila na 30\u00b0. Odsvetujemo uporabo belila ali meh\u010dalca in obdelavo v su\u0161ilnem stroju ali z likalnikom.<\/p>\n<p>Se odli\u010dno poda s \u010dipkastimi hla\u010dkami artikel \u0161tevilka 10140.<\/p>\n<p><em>Velikosti obsega so manj\u0161e kot obi\u010dajno zato p<\/em><em>riporo\u010damo, da naro\u010dite ve\u010djo velikost. Na primer: \u010ce nosite 80C velikost, naro\u010dite 90C.<\/em><\/p>\n","protected":false},"excerpt":{"rendered":"<p data-start=\"476\" data-end=\"697\">Modr\u010dek <strong data-start=\"484\" data-end=\"513\">Ysabel Mora Lace Elegance<\/strong> zdru\u017euje zapeljivost in udobje v enem kosu. Izdelan je iz mehke, prosojne \u010dipke, ki lepo poudari naravno obliko prsi, medtem ko \u017ei\u010dna opora zagotavlja popolno prileganje in podporo.<\/p>\n<p data-start=\"699\" data-end=\"910\">Elasti\u010dna struktura tkanine omogo\u010da udobno no\u0161enje skozi ves dan, prefinjeni \u010dipkasti detajli pa dodajo pridih elegance in \u017eenstvenosti. Idealen je za tiste, ki i\u0161\u010dejo kombinacijo stila, lahkotnosti in udobja.<\/p>\n<p data-start=\"912\" data-end=\"928\"><strong data-start=\"912\" data-end=\"926\">Lastnosti:<\/strong><\/p>\n<ul data-start=\"929\" data-end=\"1133\">\n<li data-start=\"929\" data-end=\"978\">\n<p data-start=\"931\" data-end=\"978\">Prosojna \u010dipka za \u017eenstven in eleganten videz<\/p>\n<\/li>\n<li data-start=\"979\" data-end=\"1027\">\n<p data-start=\"981\" data-end=\"1027\">\u017di\u010dna opora za popolno prileganje in podporo<\/p>\n<\/li>\n<li data-start=\"1028\" data-end=\"1082\">\n<p data-start=\"1030\" data-end=\"1082\">Mehka in elasti\u010dna tkanina za udobje skozi ves dan<\/p>\n<\/li>\n<li data-start=\"1083\" data-end=\"1133\">\n<p data-start=\"1085\" data-end=\"1133\">Prefinjeni detajli za zapeljiv, eleganten slog<\/p>\n<\/li>\n<\/ul>\n<p data-start=\"1135\" data-end=\"1176\"><strong data-start=\"1135\" data-end=\"1147\">Sestava:<\/strong><br data-start=\"1147\" data-end=\"1150\" \/>91% poliamid, 9% elastan<\/p>\n","protected":false},"featured_media":61784,"comment_status":"open","ping_status":"closed","template":"","meta":{"om_disable_all_campaigns":false,"_monsterinsights_skip_tracking":false,"_monsterinsights_sitenote_active":false,"_monsterinsights_sitenote_note":"","_monsterinsights_sitenote_category":0},"product_cat":[42,512],"product_tag":[670,622,1121],"class_list":["post-61796","product","type-product","status-publish","has-post-thumbnail","hentry","product_cat-zenske","product_cat-spodnje-perilo-zenske","product_tag-nedrcek","product_tag-spodnje-perilo","product_tag-ysabel-mora"],"bundled_by":[],"bundle_stock_status":"instock","bundle_stock_quantity":null,"bundle_virtual":false,"bundle_layout":"","bundle_add_to_cart_form_location":"","bundle_editable_in_cart":false,"bundle_sold_individually_context":"","bundle_item_grouping":"","bundle_min_size":"","bundle_max_size":"","bundled_items":[],"bundle_sell_ids":[],"aioseo_notices":[],"_links":{"self":[{"href":"https:\/\/www.polzela.com\/si\/wp-json\/wp\/v2\/product\/61796","targetHints":{"allow":["GET"]}}],"collection":[{"href":"https:\/\/www.polzela.com\/si\/wp-json\/wp\/v2\/product"}],"about":[{"href":"https:\/\/www.polzela.com\/si\/wp-json\/wp\/v2\/types\/product"}],"replies":[{"embeddable":true,"href":"https:\/\/www.polzela.com\/si\/wp-json\/wp\/v2\/comments?post=61796"}],"wp:featuredmedia":[{"embeddable":true,"href":"https:\/\/www.polzela.com\/si\/wp-json\/wp\/v2\/media\/61784"}],"wp:attachment":[{"href":"https:\/\/www.polzela.com\/si\/wp-json\/wp\/v2\/media?parent=61796"}],"wp:term":[{"taxonomy":"product_cat","embeddable":true,"href":"https:\/\/www.polzela.com\/si\/wp-json\/wp\/v2\/product_cat?post=61796"},{"taxonomy":"product_tag","embeddable":true,"href":"https:\/\/www.polzela.com\/si\/wp-json\/wp\/v2\/product_tag?post=61796"}],"curies":[{"name":"wp","href":"https:\/\/api.w.org\/{rel}","templated":true}]}}