{"id":61758,"date":"2025-10-30T12:38:23","date_gmt":"2025-10-30T11:38:23","guid":{"rendered":"https:\/\/www.polzela.com\/si\/?post_type=product&#038;p=61758"},"modified":"2026-02-06T11:06:13","modified_gmt":"2026-02-06T10:06:13","slug":"ysabel-mora-darilni-komplet-3-pack-zenske-nogavice-z-vzorci","status":"publish","type":"product","link":"https:\/\/www.polzela.com\/si\/product\/ysabel-mora-darilni-komplet-3-pack-zenske-nogavice-z-vzorci\/","title":{"rendered":"YSABEL MORA darilni komplet 3 pack \u017eenske nogavice z vzorci"},"content":{"rendered":"<p>Elegantno darilno pakiranje treh \u017eenskih nogavic z modernimi potiski in mehkim, udobnim robom brez pritiska. Popolno darilo za vsako prilo\u017enost.<\/p>\n","protected":false},"excerpt":{"rendered":"<p data-start=\"468\" data-end=\"657\">Darilni komplet <strong data-start=\"484\" data-end=\"508\">Ysabel Mora Gift Box<\/strong> vklju\u010duje 3 pare \u017eenskih nogavic v razli\u010dnih barvnih kombinacijah in vzorcih &#8211; 2 z modernimi grafikami ter enega s klasi\u010dnim \u010drtastim motivom.<\/p>\n<p data-start=\"659\" data-end=\"877\">Nogavice so izdelane iz mehke bomba\u017ene me\u0161anice z elasti\u010dnim robom, ki ne ti\u0161\u010di in ne pu\u0161\u010da sledi na ko\u017ei. Elegantna embala\u017ea z unikatnim dizajnom jih naredi popolno darilo za vse, ki cenijo udobje, slog in kakovost.<\/p>\n<p data-start=\"879\" data-end=\"895\"><strong data-start=\"879\" data-end=\"893\">Lastnosti:<\/strong><\/p>\n<ul data-start=\"896\" data-end=\"1127\">\n<li data-start=\"896\" data-end=\"939\">\n<p data-start=\"898\" data-end=\"939\">Darilni komplet: 3 para \u017eenskih nogavic<\/p>\n<\/li>\n<li data-start=\"940\" data-end=\"990\">\n<p data-start=\"942\" data-end=\"990\">Mehka bomba\u017ena tkanina za udobje skozi ves dan<\/p>\n<\/li>\n<li data-start=\"991\" data-end=\"1041\">\n<p data-start=\"993\" data-end=\"1041\">Rob brez pritiska \u2013 ne ti\u0161\u010di in ne pu\u0161\u010da sledi<\/p>\n<\/li>\n<li data-start=\"1042\" data-end=\"1080\">\n<p data-start=\"1044\" data-end=\"1080\">Moderni grafi\u010dni in \u010drtasti vzorci<\/p>\n<\/li>\n<li data-start=\"1081\" data-end=\"1127\">\n<p data-start=\"1083\" data-end=\"1127\">Elegantna embala\u017ea, popolna za obdarovanje<\/p>\n<\/li>\n<\/ul>\n<p data-start=\"1129\" data-end=\"1183\"><strong data-start=\"1129\" data-end=\"1141\">Sestava:<\/strong><br data-start=\"1141\" data-end=\"1144\" \/>73% bomba\u017e, 25% poliester, 2% elastan<\/p>\n","protected":false},"featured_media":61762,"comment_status":"open","ping_status":"closed","template":"","meta":{"om_disable_all_campaigns":false,"_monsterinsights_skip_tracking":false,"_monsterinsights_sitenote_active":false,"_monsterinsights_sitenote_note":"","_monsterinsights_sitenote_category":0},"product_cat":[42,373],"product_tag":[1284,1285,768,1121],"class_list":["post-61758","product","type-product","status-publish","has-post-thumbnail","hentry","product_cat-zenske","product_cat-zenske-nogavice","product_tag-darilo","product_tag-gift","product_tag-nogavice","product_tag-ysabel-mora"],"bundled_by":[],"bundle_stock_status":"instock","bundle_stock_quantity":null,"bundle_virtual":false,"bundle_layout":"","bundle_add_to_cart_form_location":"","bundle_editable_in_cart":false,"bundle_sold_individually_context":"","bundle_item_grouping":"","bundle_min_size":"","bundle_max_size":"","bundled_items":[],"bundle_sell_ids":[],"aioseo_notices":[],"_links":{"self":[{"href":"https:\/\/www.polzela.com\/si\/wp-json\/wp\/v2\/product\/61758","targetHints":{"allow":["GET"]}}],"collection":[{"href":"https:\/\/www.polzela.com\/si\/wp-json\/wp\/v2\/product"}],"about":[{"href":"https:\/\/www.polzela.com\/si\/wp-json\/wp\/v2\/types\/product"}],"replies":[{"embeddable":true,"href":"https:\/\/www.polzela.com\/si\/wp-json\/wp\/v2\/comments?post=61758"}],"wp:featuredmedia":[{"embeddable":true,"href":"https:\/\/www.polzela.com\/si\/wp-json\/wp\/v2\/media\/61762"}],"wp:attachment":[{"href":"https:\/\/www.polzela.com\/si\/wp-json\/wp\/v2\/media?parent=61758"}],"wp:term":[{"taxonomy":"product_cat","embeddable":true,"href":"https:\/\/www.polzela.com\/si\/wp-json\/wp\/v2\/product_cat?post=61758"},{"taxonomy":"product_tag","embeddable":true,"href":"https:\/\/www.polzela.com\/si\/wp-json\/wp\/v2\/product_tag?post=61758"}],"curies":[{"name":"wp","href":"https:\/\/api.w.org\/{rel}","templated":true}]}}