{"id":61748,"date":"2025-10-30T12:20:52","date_gmt":"2025-10-30T11:20:52","guid":{"rendered":"https:\/\/www.polzela.com\/si\/?post_type=product&#038;p=61748"},"modified":"2026-04-01T21:44:28","modified_gmt":"2026-04-01T19:44:28","slug":"ysabel-mora-diamond-mrezaste-hlacke-s-sijocimi-detajli-16631","status":"publish","type":"product","link":"https:\/\/www.polzela.com\/si\/product\/ysabel-mora-diamond-mrezaste-hlacke-s-sijocimi-detajli-16631\/","title":{"rendered":"YSABEL MORA diamond mre\u017easte hla\u010dne nogavice s sijo\u010dimi detajli 16631"},"content":{"rendered":"<p data-start=\"469\" data-end=\"712\">Hla\u010dke <strong data-start=\"476\" data-end=\"503\">Ysabel Mora Diamond Net<\/strong> so popolna izbira za \u017eenske, ki \u017eelijo izstopati s prefinjeno zapeljivostjo. Izdelane so iz kakovostne \u010drne mre\u017easte tkanine, okra\u0161ene z drobnimi ble\u0161\u010de\u010dimi detajli, ki ustvarjajo u\u010dinek diamantnega sijaja.<\/p>\n<p data-start=\"714\" data-end=\"931\">Elasti\u010den in mehak material zagotavlja udobje ter popolno prileganje, medtem ko sijo\u010di poudarki dodajo eleganco in glamur. Idealne za posebne prilo\u017enosti ali trenutke, ko \u017eelite ob\u010dutek samozavesti in prefinjenosti.<\/p>\n<p data-start=\"933\" data-end=\"949\"><strong data-start=\"933\" data-end=\"947\">Lastnosti:<\/strong><\/p>\n<ul data-start=\"950\" data-end=\"1130\">\n<li data-start=\"950\" data-end=\"994\">\n<p data-start=\"952\" data-end=\"994\">Mre\u017easta struktura za drzen, moden videz<\/p>\n<\/li>\n<li data-start=\"995\" data-end=\"1034\">\n<p data-start=\"997\" data-end=\"1034\">Sijo\u010di detajli z diamantnim u\u010dinkom<\/p>\n<\/li>\n<li data-start=\"1035\" data-end=\"1085\">\n<p data-start=\"1037\" data-end=\"1085\">Mehka, elasti\u010dna tkanina za popolno prileganje<\/p>\n<\/li>\n<li data-start=\"1086\" data-end=\"1130\">\n<p data-start=\"1088\" data-end=\"1130\">Prefinjeno perilo za posebne prilo\u017enosti<\/p>\n<\/li>\n<\/ul>\n<p data-start=\"1132\" data-end=\"1173\"><strong data-start=\"1132\" data-end=\"1144\">Sestava:<\/strong><br data-start=\"1144\" data-end=\"1147\" \/>92% poliamid, 8% elastan<\/p>\n","protected":false},"excerpt":{"rendered":"<p>Elegantne mre\u017easte hla\u010dke v \u010drni barvi s sijo\u010dimi diamantnimi detajli. Ustvarjene za drzen, zapeljiv in prefinjen videz.<\/p>\n<p data-start=\"933\" data-end=\"949\"><strong data-start=\"933\" data-end=\"947\">Lastnosti:<\/strong><\/p>\n<ul data-start=\"950\" data-end=\"1130\">\n<li data-start=\"950\" data-end=\"994\">\n<p data-start=\"952\" data-end=\"994\">Mre\u017easta struktura za drzen, moden videz<\/p>\n<\/li>\n<li data-start=\"995\" data-end=\"1034\">\n<p data-start=\"997\" data-end=\"1034\">Sijo\u010di detajli z diamantnim u\u010dinkom<\/p>\n<\/li>\n<li data-start=\"1035\" data-end=\"1085\">\n<p data-start=\"1037\" data-end=\"1085\">Mehka, elasti\u010dna tkanina za popolno prileganje<\/p>\n<\/li>\n<li data-start=\"1086\" data-end=\"1130\">\n<p data-start=\"1088\" data-end=\"1130\">Prefinjeno perilo za posebne prilo\u017enosti<\/p>\n<\/li>\n<\/ul>\n<p data-start=\"1132\" data-end=\"1173\"><strong data-start=\"1132\" data-end=\"1144\">Sestava:<\/strong><br data-start=\"1144\" data-end=\"1147\" \/>92% poliamid, 8% elastan<\/p>\n","protected":false},"featured_media":61755,"comment_status":"open","ping_status":"closed","template":"","meta":{"om_disable_all_campaigns":false,"_monsterinsights_skip_tracking":false,"_monsterinsights_sitenote_active":false,"_monsterinsights_sitenote_note":"","_monsterinsights_sitenote_category":0},"product_cat":[42,374],"product_tag":[816,890,1121],"class_list":["post-61748","product","type-product","status-publish","has-post-thumbnail","hentry","product_cat-zenske","product_cat-hlacne-nogavice","product_tag-den","product_tag-hlacne-nogavice","product_tag-ysabel-mora"],"bundled_by":[],"bundle_stock_status":"instock","bundle_stock_quantity":null,"bundle_virtual":false,"bundle_layout":"","bundle_add_to_cart_form_location":"","bundle_editable_in_cart":false,"bundle_sold_individually_context":"","bundle_item_grouping":"","bundle_min_size":"","bundle_max_size":"","bundled_items":[],"bundle_sell_ids":[],"aioseo_notices":[],"_links":{"self":[{"href":"https:\/\/www.polzela.com\/si\/wp-json\/wp\/v2\/product\/61748","targetHints":{"allow":["GET"]}}],"collection":[{"href":"https:\/\/www.polzela.com\/si\/wp-json\/wp\/v2\/product"}],"about":[{"href":"https:\/\/www.polzela.com\/si\/wp-json\/wp\/v2\/types\/product"}],"replies":[{"embeddable":true,"href":"https:\/\/www.polzela.com\/si\/wp-json\/wp\/v2\/comments?post=61748"}],"wp:featuredmedia":[{"embeddable":true,"href":"https:\/\/www.polzela.com\/si\/wp-json\/wp\/v2\/media\/61755"}],"wp:attachment":[{"href":"https:\/\/www.polzela.com\/si\/wp-json\/wp\/v2\/media?parent=61748"}],"wp:term":[{"taxonomy":"product_cat","embeddable":true,"href":"https:\/\/www.polzela.com\/si\/wp-json\/wp\/v2\/product_cat?post=61748"},{"taxonomy":"product_tag","embeddable":true,"href":"https:\/\/www.polzela.com\/si\/wp-json\/wp\/v2\/product_tag?post=61748"}],"curies":[{"name":"wp","href":"https:\/\/api.w.org\/{rel}","templated":true}]}}