{"id":61736,"date":"2025-10-30T11:50:24","date_gmt":"2025-10-30T10:50:24","guid":{"rendered":"https:\/\/www.polzela.com\/si\/?post_type=product&#038;p=61736"},"modified":"2026-05-14T22:30:59","modified_gmt":"2026-05-14T20:30:59","slug":"ysabel-mora-2-pack-midi-bombazne-hlacke-19472","status":"publish","type":"product","link":"https:\/\/www.polzela.com\/si\/product\/ysabel-mora-2-pack-midi-bombazne-hlacke-19472\/","title":{"rendered":"YSABEL MORA 2-pack midi bomba\u017ene hla\u010dke 19472"},"content":{"rendered":"<p data-start=\"526\" data-end=\"791\">Odkrijte popolno ravnovesje med udobjem, \u017eenstvenostjo in naravnimi materiali z midi hla\u010dkami <strong data-start=\"620\" data-end=\"648\">Ysabel Mora Blue Blossom<\/strong>.<br data-start=\"649\" data-end=\"652\" \/>Komplet vsebuje dva para bomba\u017enih hla\u010dk z midi krojem, ki nudita ve\u010djo pokritost in popolno prileganje, ne da bi se odpovedali eleganci.<\/p>\n<p data-start=\"793\" data-end=\"1033\">Vsak kos je okra\u0161en z ne\u017enim cvetli\u010dnim potiskom v modrih odtenkih in dekorativno \u010dipko na robovih, ki dodaja romanti\u010den pridih. Izdelane iz naravnega bomba\u017ea z dodatkom elastana, so izjemno mehke, zra\u010dne in udobne za vsakodnevno no\u0161enje.<\/p>\n<p data-start=\"1035\" data-end=\"1051\"><strong data-start=\"1035\" data-end=\"1049\">Lastnosti:<\/strong><\/p>\n<ul data-start=\"1052\" data-end=\"1311\">\n<li data-start=\"1052\" data-end=\"1081\">\n<p data-start=\"1054\" data-end=\"1081\">Dvojni komplet midi hla\u010dk<\/p>\n<\/li>\n<li data-start=\"1082\" data-end=\"1123\">\n<p data-start=\"1084\" data-end=\"1123\">Naravni bomba\u017e za mehkobo in zra\u010dnost<\/p>\n<\/li>\n<li data-start=\"1124\" data-end=\"1171\">\n<p data-start=\"1126\" data-end=\"1171\">Romanti\u010dni cvetli\u010dni potiski v modrih tonih<\/p>\n<\/li>\n<li data-start=\"1172\" data-end=\"1216\">\n<p data-start=\"1174\" data-end=\"1216\">Ne\u017ena \u010dipkasta obroba za eleganten videz<\/p>\n<\/li>\n<li data-start=\"1217\" data-end=\"1262\">\n<p data-start=\"1219\" data-end=\"1262\">Midi kroj za popolno prileganje in udobje<\/p>\n<\/li>\n<li data-start=\"1263\" data-end=\"1311\">\n<p data-start=\"1265\" data-end=\"1311\">Prakti\u010dne in \u017eenstvene \u2013 idealne za vsak dan<\/p>\n<\/li>\n<\/ul>\n<p data-start=\"1313\" data-end=\"1352\"><strong data-start=\"1313\" data-end=\"1325\">Sestava:<\/strong><br data-start=\"1325\" data-end=\"1328\" \/>95% bomba\u017e, 5% elastan<\/p>\n","protected":false},"excerpt":{"rendered":"<p>Dvojni komplet midi hla\u010dk iz naravnega bomba\u017ea z ne\u017enimi cvetli\u010dnimi potiski v modrih tonih in \u010dipkastim robom. Mehke, udobne in \u017eenstvene &#8211; popolne za vsak dan.<\/p>\n<p><strong data-start=\"1223\" data-end=\"1235\">Sestava:<\/strong><br data-start=\"1235\" data-end=\"1238\" \/>95% bomba\u017e, 5% elastan<br data-start=\"1260\" data-end=\"1263\" \/>Podloga medno\u017eja: 78% bomba\u017e, 22% poliester<\/p>\n","protected":false},"featured_media":61745,"comment_status":"open","ping_status":"closed","template":"","meta":{"om_disable_all_campaigns":false,"_monsterinsights_skip_tracking":false,"_monsterinsights_sitenote_active":false,"_monsterinsights_sitenote_note":"","_monsterinsights_sitenote_category":0},"product_cat":[42,512],"product_tag":[547,622,1121],"class_list":["post-61736","product","type-product","status-publish","has-post-thumbnail","hentry","product_cat-zenske","product_cat-spodnje-perilo-zenske","product_tag-hlacke","product_tag-spodnje-perilo","product_tag-ysabel-mora"],"bundled_by":[],"bundle_stock_status":"instock","bundle_stock_quantity":null,"bundle_virtual":false,"bundle_layout":"","bundle_add_to_cart_form_location":"","bundle_editable_in_cart":false,"bundle_sold_individually_context":"","bundle_item_grouping":"","bundle_min_size":"","bundle_max_size":"","bundled_items":[],"bundle_sell_ids":[],"aioseo_notices":[],"_links":{"self":[{"href":"https:\/\/www.polzela.com\/si\/wp-json\/wp\/v2\/product\/61736","targetHints":{"allow":["GET"]}}],"collection":[{"href":"https:\/\/www.polzela.com\/si\/wp-json\/wp\/v2\/product"}],"about":[{"href":"https:\/\/www.polzela.com\/si\/wp-json\/wp\/v2\/types\/product"}],"replies":[{"embeddable":true,"href":"https:\/\/www.polzela.com\/si\/wp-json\/wp\/v2\/comments?post=61736"}],"wp:featuredmedia":[{"embeddable":true,"href":"https:\/\/www.polzela.com\/si\/wp-json\/wp\/v2\/media\/61745"}],"wp:attachment":[{"href":"https:\/\/www.polzela.com\/si\/wp-json\/wp\/v2\/media?parent=61736"}],"wp:term":[{"taxonomy":"product_cat","embeddable":true,"href":"https:\/\/www.polzela.com\/si\/wp-json\/wp\/v2\/product_cat?post=61736"},{"taxonomy":"product_tag","embeddable":true,"href":"https:\/\/www.polzela.com\/si\/wp-json\/wp\/v2\/product_tag?post=61736"}],"curies":[{"name":"wp","href":"https:\/\/api.w.org\/{rel}","templated":true}]}}