{"id":61720,"date":"2025-10-30T11:42:56","date_gmt":"2025-10-30T10:42:56","guid":{"rendered":"https:\/\/www.polzela.com\/si\/?post_type=product&#038;p=61720"},"modified":"2026-01-07T09:16:20","modified_gmt":"2026-01-07T08:16:20","slug":"ysabel-mora-midi-hlacke-z-detajlom-iz-cipke-10779","status":"publish","type":"product","link":"https:\/\/www.polzela.com\/si\/product\/ysabel-mora-midi-hlacke-z-detajlom-iz-cipke-10779\/","title":{"rendered":"YSABEL MORA midi hla\u010dke z detajlom iz \u010dipke 10779"},"content":{"rendered":"<p data-start=\"474\" data-end=\"674\">Midi hla\u010dke z ne\u017enim \u010dipkastim detajlom in popolnim prileganjem. Udobne, elasti\u010dne in elegantne \u2013 idealne za vsakodnevno no\u0161enje.<\/p>\n","protected":false},"excerpt":{"rendered":"<p data-start=\"439\" data-end=\"631\"><strong data-start=\"439\" data-end=\"464\">Ysabel Mora Midi Lace<\/strong> so midi hla\u010dke, ki zdru\u017eujejo udobje in prefinjen slog. Izdelane so iz mehke in raztegljive tkanine, ki se popolnoma prilega telesu in omogo\u010da udobje skozi ves dan.<\/p>\n<p data-start=\"633\" data-end=\"827\">Dekorativna \u010dipka ob robovih dodaja \u017eenstven in eleganten videz, kroj midi pa nudi ravno prav\u0161njo pokritost in oporo. Popolna izbira za tiste, ki i\u0161\u010dejo vsakodnevno perilo z ob\u010dutkom razko\u0161ja.<\/p>\n<p data-start=\"829\" data-end=\"845\"><strong data-start=\"829\" data-end=\"843\">Lastnosti:<\/strong><\/p>\n<ul data-start=\"846\" data-end=\"1009\">\n<li data-start=\"846\" data-end=\"891\">\n<p data-start=\"848\" data-end=\"891\">Midi kroj za udobje in naravno prileganje<\/p>\n<\/li>\n<li data-start=\"892\" data-end=\"935\">\n<p data-start=\"894\" data-end=\"935\">Ne\u017een \u010dipkast detajl za eleganten videz<\/p>\n<\/li>\n<li data-start=\"936\" data-end=\"974\">\n<p data-start=\"938\" data-end=\"974\">Mehka, elasti\u010dna in zra\u010dna tkanina<\/p>\n<\/li>\n<li data-start=\"975\" data-end=\"1009\">\n<p data-start=\"977\" data-end=\"1009\">Idealne za vsakodnevno uporabo<\/p>\n<\/li>\n<\/ul>\n<p data-start=\"1011\" data-end=\"1052\"><strong data-start=\"1011\" data-end=\"1023\">Sestava:<\/strong><br data-start=\"1023\" data-end=\"1026\" \/>91% poliamid, 9% elastan<\/p>\n","protected":false},"featured_media":61731,"comment_status":"open","ping_status":"closed","template":"","meta":{"om_disable_all_campaigns":false,"_monsterinsights_skip_tracking":false,"_monsterinsights_sitenote_active":false,"_monsterinsights_sitenote_note":"","_monsterinsights_sitenote_category":0},"product_cat":[42,512],"product_tag":[547,622,1121],"class_list":["post-61720","product","type-product","status-publish","has-post-thumbnail","hentry","product_cat-zenske","product_cat-spodnje-perilo-zenske","product_tag-hlacke","product_tag-spodnje-perilo","product_tag-ysabel-mora"],"bundled_by":[],"bundle_stock_status":"instock","bundle_stock_quantity":null,"bundle_virtual":false,"bundle_layout":"","bundle_add_to_cart_form_location":"","bundle_editable_in_cart":false,"bundle_sold_individually_context":"","bundle_item_grouping":"","bundle_min_size":"","bundle_max_size":"","bundled_items":[],"bundle_sell_ids":[],"aioseo_notices":[],"_links":{"self":[{"href":"https:\/\/www.polzela.com\/si\/wp-json\/wp\/v2\/product\/61720","targetHints":{"allow":["GET"]}}],"collection":[{"href":"https:\/\/www.polzela.com\/si\/wp-json\/wp\/v2\/product"}],"about":[{"href":"https:\/\/www.polzela.com\/si\/wp-json\/wp\/v2\/types\/product"}],"replies":[{"embeddable":true,"href":"https:\/\/www.polzela.com\/si\/wp-json\/wp\/v2\/comments?post=61720"}],"wp:featuredmedia":[{"embeddable":true,"href":"https:\/\/www.polzela.com\/si\/wp-json\/wp\/v2\/media\/61731"}],"wp:attachment":[{"href":"https:\/\/www.polzela.com\/si\/wp-json\/wp\/v2\/media?parent=61720"}],"wp:term":[{"taxonomy":"product_cat","embeddable":true,"href":"https:\/\/www.polzela.com\/si\/wp-json\/wp\/v2\/product_cat?post=61720"},{"taxonomy":"product_tag","embeddable":true,"href":"https:\/\/www.polzela.com\/si\/wp-json\/wp\/v2\/product_tag?post=61720"}],"curies":[{"name":"wp","href":"https:\/\/api.w.org\/{rel}","templated":true}]}}