{"id":61701,"date":"2025-10-30T11:22:45","date_gmt":"2025-10-30T10:22:45","guid":{"rendered":"https:\/\/www.polzela.com\/si\/?post_type=product&#038;p=61701"},"modified":"2026-03-11T16:14:01","modified_gmt":"2026-03-11T15:14:01","slug":"ysabel-mora-cipkaste-visoke-hlacke-10780","status":"publish","type":"product","link":"https:\/\/www.polzela.com\/si\/product\/ysabel-mora-cipkaste-visoke-hlacke-10780\/","title":{"rendered":"YSABEL MORA \u010dipkaste visoke hla\u010dke 10780"},"content":{"rendered":"<p data-start=\"474\" data-end=\"674\">Visoke hla\u010dke <strong data-start=\"488\" data-end=\"509\">Ysabel Mora<\/strong>\u00a0zdru\u017eujejo eleganco, udobje in popolno prileganje. Izdelane so iz gladke, elasti\u010dne tkanine, ki se ne\u017eno oprime telesa in zagotavlja izjemno udobje skozi ves dan.<\/p>\n<p data-start=\"676\" data-end=\"893\">Dekorativna \u010dipka na robovih dodaja pridih prefinjenosti in \u017eenskosti, visok pas pa zagotavlja dodatno oporo in lepo oblikuje silhueto. Idealne so za vsakodnevno uporabo, ko \u017eelite zdru\u017eiti udobje in eleganten slog.<\/p>\n<p data-start=\"895\" data-end=\"911\"><strong data-start=\"895\" data-end=\"909\">Lastnosti:<\/strong><\/p>\n<ul data-start=\"912\" data-end=\"1080\">\n<li data-start=\"912\" data-end=\"961\">\n<p data-start=\"914\" data-end=\"961\">Visok pas za ve\u010djo oporo in udobno prileganje<\/p>\n<\/li>\n<li data-start=\"962\" data-end=\"1005\">\n<p data-start=\"964\" data-end=\"1005\">Ne\u017een \u010dipkast detajl za eleganten videz<\/p>\n<\/li>\n<li data-start=\"1006\" data-end=\"1045\">\n<p data-start=\"1008\" data-end=\"1045\">Mehka in elasti\u010dna tkanina, ki diha<\/p>\n<\/li>\n<li data-start=\"1046\" data-end=\"1080\">\n<p data-start=\"1048\" data-end=\"1080\">Popolne za vsakodnevno no\u0161enje<\/p>\n<\/li>\n<\/ul>\n<p data-start=\"1082\" data-end=\"1123\"><strong data-start=\"1082\" data-end=\"1094\">Sestava:<\/strong><br data-start=\"1094\" data-end=\"1097\" \/><strong>91% poliamid, 9% elastan<\/strong><\/p>\n","protected":false},"excerpt":{"rendered":"<p>Elegantne visoke hla\u010dke z ne\u017enim \u010dipkastim detajlom, izdelane iz mehkega in elasti\u010dnega materiala. Popolne za vsakodnevno udobje in \u017eenstven videz.<\/p>\n<p data-start=\"895\" data-end=\"911\"><strong data-start=\"895\" data-end=\"909\">Lastnosti:<\/strong><\/p>\n<ul data-start=\"912\" data-end=\"1080\">\n<li data-start=\"912\" data-end=\"961\">\n<p data-start=\"914\" data-end=\"961\">Visok pas za ve\u010djo oporo in udobno prileganje<\/p>\n<\/li>\n<li data-start=\"962\" data-end=\"1005\">\n<p data-start=\"964\" data-end=\"1005\">Ne\u017een \u010dipkast detajl za eleganten videz<\/p>\n<\/li>\n<li data-start=\"1006\" data-end=\"1045\">\n<p data-start=\"1008\" data-end=\"1045\">Mehka in elasti\u010dna tkanina, ki diha<\/p>\n<\/li>\n<li data-start=\"1046\" data-end=\"1080\">\n<p data-start=\"1048\" data-end=\"1080\">Popolne za vsakodnevno no\u0161enje<\/p>\n<\/li>\n<\/ul>\n<p data-start=\"1082\" data-end=\"1123\"><strong data-start=\"1082\" data-end=\"1094\">Sestava:<\/strong><br data-start=\"1094\" data-end=\"1097\" \/>91% poliamid, 9% elastan<\/p>\n","protected":false},"featured_media":61711,"comment_status":"open","ping_status":"closed","template":"","meta":{"om_disable_all_campaigns":false,"_monsterinsights_skip_tracking":false,"_monsterinsights_sitenote_active":false,"_monsterinsights_sitenote_note":"","_monsterinsights_sitenote_category":0},"product_cat":[42,512],"product_tag":[547,622,1121],"class_list":["post-61701","product","type-product","status-publish","has-post-thumbnail","hentry","product_cat-zenske","product_cat-spodnje-perilo-zenske","product_tag-hlacke","product_tag-spodnje-perilo","product_tag-ysabel-mora"],"bundled_by":[],"bundle_stock_status":"instock","bundle_stock_quantity":null,"bundle_virtual":false,"bundle_layout":"","bundle_add_to_cart_form_location":"","bundle_editable_in_cart":false,"bundle_sold_individually_context":"","bundle_item_grouping":"","bundle_min_size":"","bundle_max_size":"","bundled_items":[],"bundle_sell_ids":[],"aioseo_notices":[],"_links":{"self":[{"href":"https:\/\/www.polzela.com\/si\/wp-json\/wp\/v2\/product\/61701","targetHints":{"allow":["GET"]}}],"collection":[{"href":"https:\/\/www.polzela.com\/si\/wp-json\/wp\/v2\/product"}],"about":[{"href":"https:\/\/www.polzela.com\/si\/wp-json\/wp\/v2\/types\/product"}],"replies":[{"embeddable":true,"href":"https:\/\/www.polzela.com\/si\/wp-json\/wp\/v2\/comments?post=61701"}],"wp:featuredmedia":[{"embeddable":true,"href":"https:\/\/www.polzela.com\/si\/wp-json\/wp\/v2\/media\/61711"}],"wp:attachment":[{"href":"https:\/\/www.polzela.com\/si\/wp-json\/wp\/v2\/media?parent=61701"}],"wp:term":[{"taxonomy":"product_cat","embeddable":true,"href":"https:\/\/www.polzela.com\/si\/wp-json\/wp\/v2\/product_cat?post=61701"},{"taxonomy":"product_tag","embeddable":true,"href":"https:\/\/www.polzela.com\/si\/wp-json\/wp\/v2\/product_tag?post=61701"}],"curies":[{"name":"wp","href":"https:\/\/api.w.org\/{rel}","templated":true}]}}