{"id":61681,"date":"2025-10-30T10:44:07","date_gmt":"2025-10-30T09:44:07","guid":{"rendered":"https:\/\/www.polzela.com\/si\/?post_type=product&#038;p=61681"},"modified":"2026-02-17T20:20:43","modified_gmt":"2026-02-17T19:20:43","slug":"ysabel-mora-2-pack-visoke-bombazne-hlacke-z-roznatimi-potiski-19475","status":"publish","type":"product","link":"https:\/\/www.polzela.com\/si\/product\/ysabel-mora-2-pack-visoke-bombazne-hlacke-z-roznatimi-potiski-19475\/","title":{"rendered":"YSABEL MORA 2-pack visoke bomba\u017ene hla\u010dke z ro\u017enatimi potiski 19475"},"content":{"rendered":"<p data-start=\"524\" data-end=\"720\">Visoke hla\u010dke <strong data-start=\"538\" data-end=\"563\">Ysabel Mora Pink Lace<\/strong> zdru\u017eujejo vsakodnevno udobje in \u017eenstven videz. Izdelane so iz mehkega, naravnega bomba\u017ea z dodatkom elastana, ki omogo\u010da popolno prileganje in zra\u010dnost.<\/p>\n<p data-start=\"722\" data-end=\"930\">Romanti\u010dni potiski v odtenkih ro\u017enate ter ne\u017ena \u010dipka na robovih dodajo prefinjen in eleganten pridih. Visok pas zagotavlja dodatno oporo in oblikuje silhueto, kar jih naredi idealne za vsakodnevno no\u0161enje.<\/p>\n<p data-start=\"932\" data-end=\"948\"><strong data-start=\"932\" data-end=\"946\">Lastnosti:<\/strong><\/p>\n<ul data-start=\"949\" data-end=\"1167\">\n<li data-start=\"949\" data-end=\"987\">\n<p data-start=\"951\" data-end=\"987\">Visok pas za udobje in ve\u010djo oporo<\/p>\n<\/li>\n<li data-start=\"988\" data-end=\"1021\">\n<p data-start=\"990\" data-end=\"1021\">Ne\u017ena \u010dipka za \u017eenstven videz<\/p>\n<\/li>\n<li data-start=\"1022\" data-end=\"1077\">\n<p data-start=\"1024\" data-end=\"1077\">Naravni bomba\u017e \u2013 mehak, prijeten in zra\u010den material<\/p>\n<\/li>\n<li data-start=\"1078\" data-end=\"1127\">\n<p data-start=\"1080\" data-end=\"1127\">Dvojni komplet \u2013 prakti\u010dna izbira za vsak dan<\/p>\n<\/li>\n<li data-start=\"1128\" data-end=\"1167\">\n<p data-start=\"1130\" data-end=\"1167\">Romanti\u010dni potiski v ro\u017enatih tonih<\/p>\n<\/li>\n<\/ul>\n<p data-start=\"1169\" data-end=\"1254\"><strong data-start=\"1169\" data-end=\"1181\">Sestava:<\/strong><br data-start=\"1181\" data-end=\"1184\" \/>95% bomba\u017e, 5% elastan<br data-start=\"1206\" data-end=\"1209\" \/>Podloga medno\u017eja: 78% bomba\u017e, 22% poliester<\/p>\n","protected":false},"excerpt":{"rendered":"<p>Dvojni komplet visokih bomba\u017enih hla\u010dk z ne\u017enim \u010dipkastim robom in romanti\u010dnimi potiski v ro\u017enatih tonih. Zagotavljajo mehkobo, udobje in popolno prileganje za vsak dan.<\/p>\n<p><strong data-start=\"1223\" data-end=\"1235\">Sestava:<\/strong><br data-start=\"1235\" data-end=\"1238\" \/>95% bomba\u017e, 5% elastan<br data-start=\"1260\" data-end=\"1263\" \/>Podloga medno\u017eja: 78% bomba\u017e, 22% poliester<\/p>\n","protected":false},"featured_media":61695,"comment_status":"open","ping_status":"closed","template":"","meta":{"om_disable_all_campaigns":false,"_monsterinsights_skip_tracking":false,"_monsterinsights_sitenote_active":false,"_monsterinsights_sitenote_note":"","_monsterinsights_sitenote_category":0},"product_cat":[42,512],"product_tag":[547,622,1121],"class_list":["post-61681","product","type-product","status-publish","has-post-thumbnail","hentry","product_cat-zenske","product_cat-spodnje-perilo-zenske","product_tag-hlacke","product_tag-spodnje-perilo","product_tag-ysabel-mora"],"bundled_by":[],"bundle_stock_status":"instock","bundle_stock_quantity":null,"bundle_virtual":false,"bundle_layout":"","bundle_add_to_cart_form_location":"","bundle_editable_in_cart":false,"bundle_sold_individually_context":"","bundle_item_grouping":"","bundle_min_size":"","bundle_max_size":"","bundled_items":[],"bundle_sell_ids":[],"aioseo_notices":[],"_links":{"self":[{"href":"https:\/\/www.polzela.com\/si\/wp-json\/wp\/v2\/product\/61681","targetHints":{"allow":["GET"]}}],"collection":[{"href":"https:\/\/www.polzela.com\/si\/wp-json\/wp\/v2\/product"}],"about":[{"href":"https:\/\/www.polzela.com\/si\/wp-json\/wp\/v2\/types\/product"}],"replies":[{"embeddable":true,"href":"https:\/\/www.polzela.com\/si\/wp-json\/wp\/v2\/comments?post=61681"}],"wp:featuredmedia":[{"embeddable":true,"href":"https:\/\/www.polzela.com\/si\/wp-json\/wp\/v2\/media\/61695"}],"wp:attachment":[{"href":"https:\/\/www.polzela.com\/si\/wp-json\/wp\/v2\/media?parent=61681"}],"wp:term":[{"taxonomy":"product_cat","embeddable":true,"href":"https:\/\/www.polzela.com\/si\/wp-json\/wp\/v2\/product_cat?post=61681"},{"taxonomy":"product_tag","embeddable":true,"href":"https:\/\/www.polzela.com\/si\/wp-json\/wp\/v2\/product_tag?post=61681"}],"curies":[{"name":"wp","href":"https:\/\/api.w.org\/{rel}","templated":true}]}}